{"id":747550,"date":"2025-03-03T20:58:43","date_gmt":"2025-03-03T19:58:43","guid":{"rendered":"https:\/\/stoic-curie.212-227-153-4.plesk.page\/producto\/fita-antiderrapante-autoadesiva-azul-de-10-cm-x-10-m\/"},"modified":"2026-02-25T00:27:52","modified_gmt":"2026-02-25T00:27:52","slug":"fita-antiderrapante-autoadesiva-azul-de-10-cm-x-10-m","status":"publish","type":"product","link":"https:\/\/stoic-curie.212-227-153-4.plesk.page\/pt\/product\/fita-antiderrapante-autoadesiva-azul-de-10-cm-x-10-m\/","title":{"rendered":"Fita Antiderrapante Autoadesiva Azul de 10 cm x 10 m"},"content":{"rendered":"<p>Fita Antiderrapante Autoadesiva Azul de 10 cm x 10 m &#8211; <\/p>\n<p>Fita adesiva antiderrapante de alta qualidade com espessura de 2,1 mm em rolo. Elast\u00f4mero complexo de poliuretano revestido em uma base de poli\u00e9ster. Imperme\u00e1vel, isolante e confort\u00e1vel ao andar descal\u00e7o. Ideal para conveses de barcos, infl\u00e1veis, bordas de escadas e passarelas. Tamanhos: 2,5 cm x 10 m &#8211; 4 cm x 10 m &#8211; 10 cm x 10 m.<\/p>\n","protected":false},"excerpt":{"rendered":"<p>Fita Antiderrapante Autoadesiva Azul de 10 cm x 10 m &#8211; Fita adesiva antiderrapante de alta qualidade com espessura de<\/p>\n","protected":false},"featured_media":5939792,"comment_status":"open","ping_status":"closed","template":"","meta":[],"product_brand":[3452],"product_cat":[1916],"product_tag":[],"class_list":{"0":"post-747550","1":"product","2":"type-product","3":"status-publish","4":"has-post-thumbnail","6":"product_brand-tbs-pt","7":"product_cat-fitas-e-tapetes-antiderrapantes","9":"first","10":"instock","11":"shipping-taxable","12":"purchasable","13":"product-type-simple"},"_links":{"self":[{"href":"https:\/\/stoic-curie.212-227-153-4.plesk.page\/pt\/wp-json\/wp\/v2\/product\/747550","targetHints":{"allow":["GET"]}}],"collection":[{"href":"https:\/\/stoic-curie.212-227-153-4.plesk.page\/pt\/wp-json\/wp\/v2\/product"}],"about":[{"href":"https:\/\/stoic-curie.212-227-153-4.plesk.page\/pt\/wp-json\/wp\/v2\/types\/product"}],"replies":[{"embeddable":true,"href":"https:\/\/stoic-curie.212-227-153-4.plesk.page\/pt\/wp-json\/wp\/v2\/comments?post=747550"}],"version-history":[{"count":0,"href":"https:\/\/stoic-curie.212-227-153-4.plesk.page\/pt\/wp-json\/wp\/v2\/product\/747550\/revisions"}],"wp:featuredmedia":[{"embeddable":true,"href":"https:\/\/stoic-curie.212-227-153-4.plesk.page\/pt\/wp-json\/wp\/v2\/media\/5939792"}],"wp:attachment":[{"href":"https:\/\/stoic-curie.212-227-153-4.plesk.page\/pt\/wp-json\/wp\/v2\/media?parent=747550"}],"wp:term":[{"taxonomy":"product_brand","embeddable":true,"href":"https:\/\/stoic-curie.212-227-153-4.plesk.page\/pt\/wp-json\/wp\/v2\/product_brand?post=747550"},{"taxonomy":"product_cat","embeddable":true,"href":"https:\/\/stoic-curie.212-227-153-4.plesk.page\/pt\/wp-json\/wp\/v2\/product_cat?post=747550"},{"taxonomy":"product_tag","embeddable":true,"href":"https:\/\/stoic-curie.212-227-153-4.plesk.page\/pt\/wp-json\/wp\/v2\/product_tag?post=747550"}],"curies":[{"name":"wp","href":"https:\/\/api.w.org\/{rel}","templated":true}]}}