{"id":747553,"date":"2025-03-03T20:58:44","date_gmt":"2025-03-03T19:58:44","guid":{"rendered":"https:\/\/stoic-curie.212-227-153-4.plesk.page\/producto\/conjunto-de-40-bandeiras-de-sinalizacao-de-poliester-20x30cm\/"},"modified":"2026-02-25T00:27:52","modified_gmt":"2026-02-25T00:27:52","slug":"conjunto-de-40-bandeiras-de-sinalizacao-de-poliester-20x30cm","status":"publish","type":"product","link":"https:\/\/stoic-curie.212-227-153-4.plesk.page\/pt\/product\/conjunto-de-40-bandeiras-de-sinalizacao-de-poliester-20x30cm\/","title":{"rendered":"Conjunto de 40 Bandeiras de Sinaliza\u00e7\u00e3o de Poli\u00e9ster 20x30cm"},"content":{"rendered":"<p>Conjunto de 40 Bandeiras de Sinaliza\u00e7\u00e3o de Poli\u00e9ster 20x30cm &#8211; <\/p>\n<p>Conjunto de bandeiras de sinaliza\u00e7\u00e3o mar\u00edtima internacionais. Inclui 40 bandeiras. Leve e barato feito de nylon, grosso e resistente feito de poli\u00e9ster.<\/p>\n","protected":false},"excerpt":{"rendered":"<p>Conjunto de 40 Bandeiras de Sinaliza\u00e7\u00e3o de Poli\u00e9ster 20x30cm &#8211; Conjunto de bandeiras de sinaliza\u00e7\u00e3o mar\u00edtima internacionais. Inclui 40 bandeiras.<\/p>\n","protected":false},"featured_media":5939816,"comment_status":"open","ping_status":"closed","template":"","meta":[],"product_brand":[3117],"product_cat":[2068],"product_tag":[],"class_list":{"0":"post-747553","1":"product","2":"type-product","3":"status-publish","4":"has-post-thumbnail","6":"product_brand-marine-flags-pt","7":"product_cat-bandeiras-de-sinalizacao","9":"first","10":"instock","11":"shipping-taxable","12":"purchasable","13":"product-type-simple"},"_links":{"self":[{"href":"https:\/\/stoic-curie.212-227-153-4.plesk.page\/pt\/wp-json\/wp\/v2\/product\/747553","targetHints":{"allow":["GET"]}}],"collection":[{"href":"https:\/\/stoic-curie.212-227-153-4.plesk.page\/pt\/wp-json\/wp\/v2\/product"}],"about":[{"href":"https:\/\/stoic-curie.212-227-153-4.plesk.page\/pt\/wp-json\/wp\/v2\/types\/product"}],"replies":[{"embeddable":true,"href":"https:\/\/stoic-curie.212-227-153-4.plesk.page\/pt\/wp-json\/wp\/v2\/comments?post=747553"}],"version-history":[{"count":0,"href":"https:\/\/stoic-curie.212-227-153-4.plesk.page\/pt\/wp-json\/wp\/v2\/product\/747553\/revisions"}],"wp:featuredmedia":[{"embeddable":true,"href":"https:\/\/stoic-curie.212-227-153-4.plesk.page\/pt\/wp-json\/wp\/v2\/media\/5939816"}],"wp:attachment":[{"href":"https:\/\/stoic-curie.212-227-153-4.plesk.page\/pt\/wp-json\/wp\/v2\/media?parent=747553"}],"wp:term":[{"taxonomy":"product_brand","embeddable":true,"href":"https:\/\/stoic-curie.212-227-153-4.plesk.page\/pt\/wp-json\/wp\/v2\/product_brand?post=747553"},{"taxonomy":"product_cat","embeddable":true,"href":"https:\/\/stoic-curie.212-227-153-4.plesk.page\/pt\/wp-json\/wp\/v2\/product_cat?post=747553"},{"taxonomy":"product_tag","embeddable":true,"href":"https:\/\/stoic-curie.212-227-153-4.plesk.page\/pt\/wp-json\/wp\/v2\/product_tag?post=747553"}],"curies":[{"name":"wp","href":"https:\/\/api.w.org\/{rel}","templated":true}]}}