{"id":747559,"date":"2025-03-03T20:58:49","date_gmt":"2025-03-03T19:58:49","guid":{"rendered":"https:\/\/stoic-curie.212-227-153-4.plesk.page\/producto\/roldana-sprenger-fiddle-70mm-para-cabos-ate-14mm\/"},"modified":"2026-02-25T00:27:52","modified_gmt":"2026-02-25T00:27:52","slug":"roldana-sprenger-fiddle-70mm-para-cabos-ate-14mm","status":"publish","type":"product","link":"https:\/\/stoic-curie.212-227-153-4.plesk.page\/pt\/product\/roldana-sprenger-fiddle-70mm-para-cabos-ate-14mm\/","title":{"rendered":"Roldana Sprenger Fiddle 70mm para cabos at\u00e9 14mm"},"content":{"rendered":"<p>Roldana Sprenger Fiddle 70mm para cabos at\u00e9 14mm &#8211; <\/p>\n<p>Blocos HS de rolamento deslizante para cordas de at\u00e9 14 mm. Rolamento deslizante: Pl\u00e1stico Hi-Q resistente a UV. Di\u00e2metro da polia de 70 mm: Pl\u00e1stico Hi-Q resistente a UV. Lados: Pl\u00e1stico Hi-Q resistente a UV e tiras de a\u00e7o inoxid\u00e1vel. Carga de ruptura: 2500 kg.<\/p>\n","protected":false},"excerpt":{"rendered":"<p>Roldana Sprenger Fiddle 70mm para cabos at\u00e9 14mm &#8211; Blocos HS de rolamento deslizante para cordas de at\u00e9 14 mm.<\/p>\n","protected":false},"featured_media":5939886,"comment_status":"open","ping_status":"closed","template":"","meta":[],"product_brand":[3432],"product_cat":[2056],"product_tag":[],"class_list":{"0":"post-747559","1":"product","2":"type-product","3":"status-publish","4":"has-post-thumbnail","6":"product_brand-sprenger-hs-pt","7":"product_cat-moitoes-sprenger","9":"first","10":"instock","11":"shipping-taxable","12":"purchasable","13":"product-type-simple"},"_links":{"self":[{"href":"https:\/\/stoic-curie.212-227-153-4.plesk.page\/pt\/wp-json\/wp\/v2\/product\/747559","targetHints":{"allow":["GET"]}}],"collection":[{"href":"https:\/\/stoic-curie.212-227-153-4.plesk.page\/pt\/wp-json\/wp\/v2\/product"}],"about":[{"href":"https:\/\/stoic-curie.212-227-153-4.plesk.page\/pt\/wp-json\/wp\/v2\/types\/product"}],"replies":[{"embeddable":true,"href":"https:\/\/stoic-curie.212-227-153-4.plesk.page\/pt\/wp-json\/wp\/v2\/comments?post=747559"}],"version-history":[{"count":0,"href":"https:\/\/stoic-curie.212-227-153-4.plesk.page\/pt\/wp-json\/wp\/v2\/product\/747559\/revisions"}],"wp:featuredmedia":[{"embeddable":true,"href":"https:\/\/stoic-curie.212-227-153-4.plesk.page\/pt\/wp-json\/wp\/v2\/media\/5939886"}],"wp:attachment":[{"href":"https:\/\/stoic-curie.212-227-153-4.plesk.page\/pt\/wp-json\/wp\/v2\/media?parent=747559"}],"wp:term":[{"taxonomy":"product_brand","embeddable":true,"href":"https:\/\/stoic-curie.212-227-153-4.plesk.page\/pt\/wp-json\/wp\/v2\/product_brand?post=747559"},{"taxonomy":"product_cat","embeddable":true,"href":"https:\/\/stoic-curie.212-227-153-4.plesk.page\/pt\/wp-json\/wp\/v2\/product_cat?post=747559"},{"taxonomy":"product_tag","embeddable":true,"href":"https:\/\/stoic-curie.212-227-153-4.plesk.page\/pt\/wp-json\/wp\/v2\/product_tag?post=747559"}],"curies":[{"name":"wp","href":"https:\/\/api.w.org\/{rel}","templated":true}]}}