{"id":747561,"date":"2025-03-03T20:58:50","date_gmt":"2025-03-03T19:58:50","guid":{"rendered":"https:\/\/stoic-curie.212-227-153-4.plesk.page\/producto\/roldana-sprenger-micro-tripla-com-catraca-e-cesto\/"},"modified":"2026-02-25T00:27:52","modified_gmt":"2026-02-25T00:27:52","slug":"roldana-sprenger-micro-tripla-com-catraca-e-cesto","status":"publish","type":"product","link":"https:\/\/stoic-curie.212-227-153-4.plesk.page\/pt\/product\/roldana-sprenger-micro-tripla-com-catraca-e-cesto\/","title":{"rendered":"Roldana Sprenger Micro Tripla com Catraca e Cesto"},"content":{"rendered":"<p>Roldana Sprenger Micro Tripla com Catraca e Cesto &#8211; <\/p>\n<p>Bloques HS com rolamentos de esferas para fios de a\u00e7o e folhas de Dyneema de at\u00e9 4 mm. Rolamentos: A\u00e7o Inoxid\u00e1vel. Di\u00e2metro da polia de 19 mm: A\u00e7o Inoxid\u00e1vel. Lados: A\u00e7o Inoxid\u00e1vel. Carga de ruptura: 450 kg.<\/p>\n","protected":false},"excerpt":{"rendered":"<p>Roldana Sprenger Micro Tripla com Catraca e Cesto &#8211; Bloques HS com rolamentos de esferas para fios de a\u00e7o e<\/p>\n","protected":false},"featured_media":5939888,"comment_status":"open","ping_status":"closed","template":"","meta":[],"product_brand":[3432],"product_cat":[2056],"product_tag":[],"class_list":{"0":"post-747561","1":"product","2":"type-product","3":"status-publish","4":"has-post-thumbnail","6":"product_brand-sprenger-hs-pt","7":"product_cat-moitoes-sprenger","9":"first","10":"instock","11":"shipping-taxable","12":"purchasable","13":"product-type-simple"},"_links":{"self":[{"href":"https:\/\/stoic-curie.212-227-153-4.plesk.page\/pt\/wp-json\/wp\/v2\/product\/747561","targetHints":{"allow":["GET"]}}],"collection":[{"href":"https:\/\/stoic-curie.212-227-153-4.plesk.page\/pt\/wp-json\/wp\/v2\/product"}],"about":[{"href":"https:\/\/stoic-curie.212-227-153-4.plesk.page\/pt\/wp-json\/wp\/v2\/types\/product"}],"replies":[{"embeddable":true,"href":"https:\/\/stoic-curie.212-227-153-4.plesk.page\/pt\/wp-json\/wp\/v2\/comments?post=747561"}],"version-history":[{"count":0,"href":"https:\/\/stoic-curie.212-227-153-4.plesk.page\/pt\/wp-json\/wp\/v2\/product\/747561\/revisions"}],"wp:featuredmedia":[{"embeddable":true,"href":"https:\/\/stoic-curie.212-227-153-4.plesk.page\/pt\/wp-json\/wp\/v2\/media\/5939888"}],"wp:attachment":[{"href":"https:\/\/stoic-curie.212-227-153-4.plesk.page\/pt\/wp-json\/wp\/v2\/media?parent=747561"}],"wp:term":[{"taxonomy":"product_brand","embeddable":true,"href":"https:\/\/stoic-curie.212-227-153-4.plesk.page\/pt\/wp-json\/wp\/v2\/product_brand?post=747561"},{"taxonomy":"product_cat","embeddable":true,"href":"https:\/\/stoic-curie.212-227-153-4.plesk.page\/pt\/wp-json\/wp\/v2\/product_cat?post=747561"},{"taxonomy":"product_tag","embeddable":true,"href":"https:\/\/stoic-curie.212-227-153-4.plesk.page\/pt\/wp-json\/wp\/v2\/product_tag?post=747561"}],"curies":[{"name":"wp","href":"https:\/\/api.w.org\/{rel}","templated":true}]}}