{"id":747563,"date":"2025-03-03T20:58:51","date_gmt":"2025-03-03T19:58:51","guid":{"rendered":"https:\/\/stoic-curie.212-227-153-4.plesk.page\/producto\/roldana-sprenger-simples-com-catraca-e-cesto-28mm-para-cabos-ate-8mm\/"},"modified":"2026-02-25T00:27:53","modified_gmt":"2026-02-25T00:27:53","slug":"roldana-sprenger-simples-com-catraca-e-cesto-28mm-para-cabos-ate-8mm","status":"publish","type":"product","link":"https:\/\/stoic-curie.212-227-153-4.plesk.page\/pt\/product\/roldana-sprenger-simples-com-catraca-e-cesto-28mm-para-cabos-ate-8mm\/","title":{"rendered":"Roldana Sprenger Simples com Catraca e Cesto 28mm para cabos at\u00e9 8mm"},"content":{"rendered":"<p>Roldana Sprenger Simples com Catraca e Cesto 28mm para cabos at\u00e9 8mm &#8211; <\/p>\n<p>Blocos HS com rolamentos de bolas para cordas de at\u00e9 8 mm.<br \/>Rolamentos: A\u00e7o inoxid\u00e1vel<br \/>Di\u00e2metro da polia 28 mm: Pl\u00e1stico Hi-Q resistente aos UV<br \/>Laterais: Pl\u00e1stico Hi-Q resistente aos UV e tiras de a\u00e7o inoxid\u00e1vel<br \/>Carga de ruptura: 600 kg.<\/p>\n","protected":false},"excerpt":{"rendered":"<p>Roldana Sprenger Simples com Catraca e Cesto 28mm para cabos at\u00e9 8mm &#8211; Blocos HS com rolamentos de bolas para<\/p>\n","protected":false},"featured_media":5939950,"comment_status":"open","ping_status":"closed","template":"","meta":[],"product_brand":[3432],"product_cat":[2056],"product_tag":[],"class_list":{"0":"post-747563","1":"product","2":"type-product","3":"status-publish","4":"has-post-thumbnail","6":"product_brand-sprenger-hs-pt","7":"product_cat-moitoes-sprenger","9":"first","10":"instock","11":"shipping-taxable","12":"purchasable","13":"product-type-simple"},"_links":{"self":[{"href":"https:\/\/stoic-curie.212-227-153-4.plesk.page\/pt\/wp-json\/wp\/v2\/product\/747563","targetHints":{"allow":["GET"]}}],"collection":[{"href":"https:\/\/stoic-curie.212-227-153-4.plesk.page\/pt\/wp-json\/wp\/v2\/product"}],"about":[{"href":"https:\/\/stoic-curie.212-227-153-4.plesk.page\/pt\/wp-json\/wp\/v2\/types\/product"}],"replies":[{"embeddable":true,"href":"https:\/\/stoic-curie.212-227-153-4.plesk.page\/pt\/wp-json\/wp\/v2\/comments?post=747563"}],"version-history":[{"count":0,"href":"https:\/\/stoic-curie.212-227-153-4.plesk.page\/pt\/wp-json\/wp\/v2\/product\/747563\/revisions"}],"wp:featuredmedia":[{"embeddable":true,"href":"https:\/\/stoic-curie.212-227-153-4.plesk.page\/pt\/wp-json\/wp\/v2\/media\/5939950"}],"wp:attachment":[{"href":"https:\/\/stoic-curie.212-227-153-4.plesk.page\/pt\/wp-json\/wp\/v2\/media?parent=747563"}],"wp:term":[{"taxonomy":"product_brand","embeddable":true,"href":"https:\/\/stoic-curie.212-227-153-4.plesk.page\/pt\/wp-json\/wp\/v2\/product_brand?post=747563"},{"taxonomy":"product_cat","embeddable":true,"href":"https:\/\/stoic-curie.212-227-153-4.plesk.page\/pt\/wp-json\/wp\/v2\/product_cat?post=747563"},{"taxonomy":"product_tag","embeddable":true,"href":"https:\/\/stoic-curie.212-227-153-4.plesk.page\/pt\/wp-json\/wp\/v2\/product_tag?post=747563"}],"curies":[{"name":"wp","href":"https:\/\/api.w.org\/{rel}","templated":true}]}}