{"id":747806,"date":"2025-03-03T21:00:42","date_gmt":"2025-03-03T20:00:42","guid":{"rendered":"https:\/\/stoic-curie.212-227-153-4.plesk.page\/producto\/acoplamentos-rigidos-40-mm-para-yanmar-k45-a\/"},"modified":"2026-02-25T00:27:54","modified_gmt":"2026-02-25T00:27:54","slug":"acoplamentos-rigidos-40-mm-para-yanmar-k45-a","status":"publish","type":"product","link":"https:\/\/stoic-curie.212-227-153-4.plesk.page\/pt\/product\/acoplamentos-rigidos-40-mm-para-yanmar-k45-a\/","title":{"rendered":"Acoplamentos R\u00edgidos 40 mm para Yanmar K45 A"},"content":{"rendered":"<p>Acoplamentos R\u00edgidos 40 mm para Yanmar K45 A &#8211; <\/p>\n<p>Acoplamentos r\u00edgidos para eixo de h\u00e9lice de \u00c3\u00b8 40 mm.<\/p>\n","protected":false},"excerpt":{"rendered":"<p>Acoplamentos R\u00edgidos 40 mm para Yanmar K45 A &#8211; Acoplamentos r\u00edgidos para eixo de h\u00e9lice de \u00c3\u00b8 40 mm.<\/p>\n","protected":false},"featured_media":5940443,"comment_status":"open","ping_status":"closed","template":"","meta":[],"product_brand":[3467],"product_cat":[2076,2103],"product_tag":[],"class_list":{"0":"post-747806","1":"product","2":"type-product","3":"status-publish","4":"has-post-thumbnail","6":"product_brand-technodrive-pt","7":"product_cat-amortecedores-e-acoplamentos","8":"product_cat-pecas-para-motores-yanmar","10":"first","11":"instock","12":"shipping-taxable","13":"purchasable","14":"product-type-simple"},"_links":{"self":[{"href":"https:\/\/stoic-curie.212-227-153-4.plesk.page\/pt\/wp-json\/wp\/v2\/product\/747806","targetHints":{"allow":["GET"]}}],"collection":[{"href":"https:\/\/stoic-curie.212-227-153-4.plesk.page\/pt\/wp-json\/wp\/v2\/product"}],"about":[{"href":"https:\/\/stoic-curie.212-227-153-4.plesk.page\/pt\/wp-json\/wp\/v2\/types\/product"}],"replies":[{"embeddable":true,"href":"https:\/\/stoic-curie.212-227-153-4.plesk.page\/pt\/wp-json\/wp\/v2\/comments?post=747806"}],"version-history":[{"count":0,"href":"https:\/\/stoic-curie.212-227-153-4.plesk.page\/pt\/wp-json\/wp\/v2\/product\/747806\/revisions"}],"wp:featuredmedia":[{"embeddable":true,"href":"https:\/\/stoic-curie.212-227-153-4.plesk.page\/pt\/wp-json\/wp\/v2\/media\/5940443"}],"wp:attachment":[{"href":"https:\/\/stoic-curie.212-227-153-4.plesk.page\/pt\/wp-json\/wp\/v2\/media?parent=747806"}],"wp:term":[{"taxonomy":"product_brand","embeddable":true,"href":"https:\/\/stoic-curie.212-227-153-4.plesk.page\/pt\/wp-json\/wp\/v2\/product_brand?post=747806"},{"taxonomy":"product_cat","embeddable":true,"href":"https:\/\/stoic-curie.212-227-153-4.plesk.page\/pt\/wp-json\/wp\/v2\/product_cat?post=747806"},{"taxonomy":"product_tag","embeddable":true,"href":"https:\/\/stoic-curie.212-227-153-4.plesk.page\/pt\/wp-json\/wp\/v2\/product_tag?post=747806"}],"curies":[{"name":"wp","href":"https:\/\/api.w.org\/{rel}","templated":true}]}}