{"id":747814,"date":"2025-03-03T21:00:46","date_gmt":"2025-03-03T20:00:46","guid":{"rendered":"https:\/\/stoic-curie.212-227-153-4.plesk.page\/producto\/caixa-de-enchimento-evolution-metrica-45-x-65-mm\/"},"modified":"2026-02-25T00:27:54","modified_gmt":"2026-02-25T00:27:54","slug":"caixa-de-enchimento-evolution-metrica-45-x-65-mm","status":"publish","type":"product","link":"https:\/\/stoic-curie.212-227-153-4.plesk.page\/pt\/product\/caixa-de-enchimento-evolution-metrica-45-x-65-mm\/","title":{"rendered":"Caixa de Enchimento Evolution M\u00e9trica 45 x 65 mm"},"content":{"rendered":"<p>Caixa de Enchimento Evolution M\u00e9trica 45 x 65 mm &#8211; <\/p>\n<p>Selos de eixo selados para eixos de h\u00e9lice m\u00e9tricos com tubo de refrigera\u00e7\u00e3o para mangueira e v\u00e1lvula de parafuso de lubrifica\u00e7\u00e3o. Instru\u00e7\u00f5es de montagem e graxa inclu\u00eddas.<\/p>\n","protected":false},"excerpt":{"rendered":"<p>Caixa de Enchimento Evolution M\u00e9trica 45 x 65 mm &#8211; Selos de eixo selados para eixos de h\u00e9lice m\u00e9tricos com<\/p>\n","protected":false},"featured_media":5940463,"comment_status":"open","ping_status":"closed","template":"","meta":[],"product_brand":[2917],"product_cat":[2095],"product_tag":[],"class_list":{"0":"post-747814","1":"product","2":"type-product","3":"status-publish","4":"has-post-thumbnail","6":"product_brand-eliche-radice-pt","7":"product_cat-vedantes-para-veio-do-helice","9":"first","10":"instock","11":"shipping-taxable","12":"purchasable","13":"product-type-simple"},"_links":{"self":[{"href":"https:\/\/stoic-curie.212-227-153-4.plesk.page\/pt\/wp-json\/wp\/v2\/product\/747814","targetHints":{"allow":["GET"]}}],"collection":[{"href":"https:\/\/stoic-curie.212-227-153-4.plesk.page\/pt\/wp-json\/wp\/v2\/product"}],"about":[{"href":"https:\/\/stoic-curie.212-227-153-4.plesk.page\/pt\/wp-json\/wp\/v2\/types\/product"}],"replies":[{"embeddable":true,"href":"https:\/\/stoic-curie.212-227-153-4.plesk.page\/pt\/wp-json\/wp\/v2\/comments?post=747814"}],"version-history":[{"count":0,"href":"https:\/\/stoic-curie.212-227-153-4.plesk.page\/pt\/wp-json\/wp\/v2\/product\/747814\/revisions"}],"wp:featuredmedia":[{"embeddable":true,"href":"https:\/\/stoic-curie.212-227-153-4.plesk.page\/pt\/wp-json\/wp\/v2\/media\/5940463"}],"wp:attachment":[{"href":"https:\/\/stoic-curie.212-227-153-4.plesk.page\/pt\/wp-json\/wp\/v2\/media?parent=747814"}],"wp:term":[{"taxonomy":"product_brand","embeddable":true,"href":"https:\/\/stoic-curie.212-227-153-4.plesk.page\/pt\/wp-json\/wp\/v2\/product_brand?post=747814"},{"taxonomy":"product_cat","embeddable":true,"href":"https:\/\/stoic-curie.212-227-153-4.plesk.page\/pt\/wp-json\/wp\/v2\/product_cat?post=747814"},{"taxonomy":"product_tag","embeddable":true,"href":"https:\/\/stoic-curie.212-227-153-4.plesk.page\/pt\/wp-json\/wp\/v2\/product_tag?post=747814"}],"curies":[{"name":"wp","href":"https:\/\/api.w.org\/{rel}","templated":true}]}}