{"id":747818,"date":"2025-03-03T21:00:49","date_gmt":"2025-03-03T20:00:49","guid":{"rendered":"https:\/\/stoic-curie.212-227-153-4.plesk.page\/producto\/caixa-de-enchimento-evolution-1-1-2-3810-mm-x-60-mm\/"},"modified":"2026-02-25T00:27:54","modified_gmt":"2026-02-25T00:27:54","slug":"caixa-de-enchimento-evolution-1-1-2-3810-mm-x-60-mm","status":"publish","type":"product","link":"https:\/\/stoic-curie.212-227-153-4.plesk.page\/pt\/product\/caixa-de-enchimento-evolution-1-1-2-3810-mm-x-60-mm\/","title":{"rendered":"Caixa de Enchimento Evolution 1 1\/2 (38,10 mm) x 60 mm"},"content":{"rendered":"<p>Caixa de Enchimento Evolution 1 1\/2 (38,10 mm) x 60 mm &#8211; <\/p>\n<p>Selos de eixo selados para eixos de h\u00e9lice em polegadas com tubo de arrefecimento-para-tubo e v\u00e1lvula de lubrifica\u00e7\u00e3o.<br \/>Instru\u00e7\u00f5es de montagem e graxa inclu\u00eddas.<\/p>\n","protected":false},"excerpt":{"rendered":"<p>Caixa de Enchimento Evolution 1 1\/2 (38,10 mm) x 60 mm &#8211; Selos de eixo selados para eixos de h\u00e9lice<\/p>\n","protected":false},"featured_media":5940463,"comment_status":"open","ping_status":"closed","template":"","meta":[],"product_brand":[2917],"product_cat":[2095],"product_tag":[],"class_list":{"0":"post-747818","1":"product","2":"type-product","3":"status-publish","4":"has-post-thumbnail","6":"product_brand-eliche-radice-pt","7":"product_cat-vedantes-para-veio-do-helice","9":"first","10":"instock","11":"shipping-taxable","12":"purchasable","13":"product-type-simple"},"_links":{"self":[{"href":"https:\/\/stoic-curie.212-227-153-4.plesk.page\/pt\/wp-json\/wp\/v2\/product\/747818","targetHints":{"allow":["GET"]}}],"collection":[{"href":"https:\/\/stoic-curie.212-227-153-4.plesk.page\/pt\/wp-json\/wp\/v2\/product"}],"about":[{"href":"https:\/\/stoic-curie.212-227-153-4.plesk.page\/pt\/wp-json\/wp\/v2\/types\/product"}],"replies":[{"embeddable":true,"href":"https:\/\/stoic-curie.212-227-153-4.plesk.page\/pt\/wp-json\/wp\/v2\/comments?post=747818"}],"version-history":[{"count":0,"href":"https:\/\/stoic-curie.212-227-153-4.plesk.page\/pt\/wp-json\/wp\/v2\/product\/747818\/revisions"}],"wp:featuredmedia":[{"embeddable":true,"href":"https:\/\/stoic-curie.212-227-153-4.plesk.page\/pt\/wp-json\/wp\/v2\/media\/5940463"}],"wp:attachment":[{"href":"https:\/\/stoic-curie.212-227-153-4.plesk.page\/pt\/wp-json\/wp\/v2\/media?parent=747818"}],"wp:term":[{"taxonomy":"product_brand","embeddable":true,"href":"https:\/\/stoic-curie.212-227-153-4.plesk.page\/pt\/wp-json\/wp\/v2\/product_brand?post=747818"},{"taxonomy":"product_cat","embeddable":true,"href":"https:\/\/stoic-curie.212-227-153-4.plesk.page\/pt\/wp-json\/wp\/v2\/product_cat?post=747818"},{"taxonomy":"product_tag","embeddable":true,"href":"https:\/\/stoic-curie.212-227-153-4.plesk.page\/pt\/wp-json\/wp\/v2\/product_tag?post=747818"}],"curies":[{"name":"wp","href":"https:\/\/api.w.org\/{rel}","templated":true}]}}