{"id":747826,"date":"2025-03-03T21:00:51","date_gmt":"2025-03-03T20:00:51","guid":{"rendered":"https:\/\/stoic-curie.212-227-153-4.plesk.page\/producto\/anodo-de-cabeca-completa-com-base-rosqueada-em-latao-para-veio-de-45-50-mm\/"},"modified":"2026-02-25T00:27:54","modified_gmt":"2026-02-25T00:27:54","slug":"anodo-de-cabeca-completa-com-base-rosqueada-em-latao-para-veio-de-45-50-mm","status":"publish","type":"product","link":"https:\/\/stoic-curie.212-227-153-4.plesk.page\/pt\/product\/anodo-de-cabeca-completa-com-base-rosqueada-em-latao-para-veio-de-45-50-mm\/","title":{"rendered":"\u00c2nodo de Cabe\u00e7a Completa com Base Rosqueada em Lat\u00e3o para Veio de 45-50 mm"},"content":{"rendered":"<p>\u00c2nodo de Cabe\u00e7a Completa com Base Rosqueada em Lat\u00e3o para Veio de 45-50 mm &#8211; <\/p>\n<p>Ogivas de h\u00e9lice c\u00f3nicas cortadas em lat\u00e3o com \u00e2nodo de zinco substitu\u00edvel. Com rosca para o eixo da h\u00e9lice.<\/p>\n","protected":false},"excerpt":{"rendered":"<p>\u00c2nodo de Cabe\u00e7a Completa com Base Rosqueada em Lat\u00e3o para Veio de 45-50 mm &#8211; Ogivas de h\u00e9lice c\u00f3nicas cortadas<\/p>\n","protected":false},"featured_media":5940487,"comment_status":"open","ping_status":"closed","template":"","meta":[],"product_brand":[3477],"product_cat":[1923],"product_tag":[],"class_list":{"0":"post-747826","1":"product","2":"type-product","3":"status-publish","4":"has-post-thumbnail","6":"product_brand-tecnoseal-pt","7":"product_cat-anodos-para-helice","9":"first","10":"instock","11":"shipping-taxable","12":"purchasable","13":"product-type-simple"},"_links":{"self":[{"href":"https:\/\/stoic-curie.212-227-153-4.plesk.page\/pt\/wp-json\/wp\/v2\/product\/747826","targetHints":{"allow":["GET"]}}],"collection":[{"href":"https:\/\/stoic-curie.212-227-153-4.plesk.page\/pt\/wp-json\/wp\/v2\/product"}],"about":[{"href":"https:\/\/stoic-curie.212-227-153-4.plesk.page\/pt\/wp-json\/wp\/v2\/types\/product"}],"replies":[{"embeddable":true,"href":"https:\/\/stoic-curie.212-227-153-4.plesk.page\/pt\/wp-json\/wp\/v2\/comments?post=747826"}],"version-history":[{"count":0,"href":"https:\/\/stoic-curie.212-227-153-4.plesk.page\/pt\/wp-json\/wp\/v2\/product\/747826\/revisions"}],"wp:featuredmedia":[{"embeddable":true,"href":"https:\/\/stoic-curie.212-227-153-4.plesk.page\/pt\/wp-json\/wp\/v2\/media\/5940487"}],"wp:attachment":[{"href":"https:\/\/stoic-curie.212-227-153-4.plesk.page\/pt\/wp-json\/wp\/v2\/media?parent=747826"}],"wp:term":[{"taxonomy":"product_brand","embeddable":true,"href":"https:\/\/stoic-curie.212-227-153-4.plesk.page\/pt\/wp-json\/wp\/v2\/product_brand?post=747826"},{"taxonomy":"product_cat","embeddable":true,"href":"https:\/\/stoic-curie.212-227-153-4.plesk.page\/pt\/wp-json\/wp\/v2\/product_cat?post=747826"},{"taxonomy":"product_tag","embeddable":true,"href":"https:\/\/stoic-curie.212-227-153-4.plesk.page\/pt\/wp-json\/wp\/v2\/product_tag?post=747826"}],"curies":[{"name":"wp","href":"https:\/\/api.w.org\/{rel}","templated":true}]}}