{"id":747834,"date":"2025-03-03T21:00:54","date_gmt":"2025-03-03T20:00:54","guid":{"rendered":"https:\/\/stoic-curie.212-227-153-4.plesk.page\/producto\/cortador-de-corda-de-veio-em-aco-inoxidavel-d60\/"},"modified":"2026-02-25T00:27:54","modified_gmt":"2026-02-25T00:27:54","slug":"cortador-de-corda-de-veio-em-aco-inoxidavel-d60","status":"publish","type":"product","link":"https:\/\/stoic-curie.212-227-153-4.plesk.page\/pt\/product\/cortador-de-corda-de-veio-em-aco-inoxidavel-d60\/","title":{"rendered":"Cortador de Corda de Veio em A\u00e7o Inoxid\u00e1vel D60"},"content":{"rendered":"<p>Cortador de Corda de Veio em A\u00e7o Inoxid\u00e1vel D60 &#8211; <\/p>\n<p>Cortador de corda protetor de h\u00e9lice em a\u00e7o inoxid\u00e1vel 316. V\u00e1rios modelos est\u00e3o dispon\u00edveis dependendo do di\u00e2metro do eixo (de 25 a 60 mm). Pode cortar cordas de nylon, redes, cabos de a\u00e7o e muito mais. Espessura 17 mm.<\/p>\n","protected":false},"excerpt":{"rendered":"<p>Cortador de Corda de Veio em A\u00e7o Inoxid\u00e1vel D60 &#8211; Cortador de corda protetor de h\u00e9lice em a\u00e7o inoxid\u00e1vel 316.<\/p>\n","protected":false},"featured_media":5940489,"comment_status":"open","ping_status":"closed","template":"","meta":[],"product_brand":[3467],"product_cat":[2085],"product_tag":[],"class_list":{"0":"post-747834","1":"product","2":"type-product","3":"status-publish","4":"has-post-thumbnail","6":"product_brand-technodrive-pt","7":"product_cat-serra-cabos","9":"first","10":"instock","11":"shipping-taxable","12":"purchasable","13":"product-type-simple"},"_links":{"self":[{"href":"https:\/\/stoic-curie.212-227-153-4.plesk.page\/pt\/wp-json\/wp\/v2\/product\/747834","targetHints":{"allow":["GET"]}}],"collection":[{"href":"https:\/\/stoic-curie.212-227-153-4.plesk.page\/pt\/wp-json\/wp\/v2\/product"}],"about":[{"href":"https:\/\/stoic-curie.212-227-153-4.plesk.page\/pt\/wp-json\/wp\/v2\/types\/product"}],"replies":[{"embeddable":true,"href":"https:\/\/stoic-curie.212-227-153-4.plesk.page\/pt\/wp-json\/wp\/v2\/comments?post=747834"}],"version-history":[{"count":0,"href":"https:\/\/stoic-curie.212-227-153-4.plesk.page\/pt\/wp-json\/wp\/v2\/product\/747834\/revisions"}],"wp:featuredmedia":[{"embeddable":true,"href":"https:\/\/stoic-curie.212-227-153-4.plesk.page\/pt\/wp-json\/wp\/v2\/media\/5940489"}],"wp:attachment":[{"href":"https:\/\/stoic-curie.212-227-153-4.plesk.page\/pt\/wp-json\/wp\/v2\/media?parent=747834"}],"wp:term":[{"taxonomy":"product_brand","embeddable":true,"href":"https:\/\/stoic-curie.212-227-153-4.plesk.page\/pt\/wp-json\/wp\/v2\/product_brand?post=747834"},{"taxonomy":"product_cat","embeddable":true,"href":"https:\/\/stoic-curie.212-227-153-4.plesk.page\/pt\/wp-json\/wp\/v2\/product_cat?post=747834"},{"taxonomy":"product_tag","embeddable":true,"href":"https:\/\/stoic-curie.212-227-153-4.plesk.page\/pt\/wp-json\/wp\/v2\/product_tag?post=747834"}],"curies":[{"name":"wp","href":"https:\/\/api.w.org\/{rel}","templated":true}]}}