{"id":747840,"date":"2025-03-03T21:00:57","date_gmt":"2025-03-03T20:00:57","guid":{"rendered":"https:\/\/stoic-curie.212-227-153-4.plesk.page\/producto\/rolamento-de-veio-em-bronze-3-1-2-8890-x-4-1-2-11430-x-l14-35560-da-vetus\/"},"modified":"2026-02-25T00:27:54","modified_gmt":"2026-02-25T00:27:54","slug":"rolamento-de-veio-em-bronze-3-1-2-8890-x-4-1-2-11430-x-l14-35560-da-vetus","status":"publish","type":"product","link":"https:\/\/stoic-curie.212-227-153-4.plesk.page\/pt\/product\/rolamento-de-veio-em-bronze-3-1-2-8890-x-4-1-2-11430-x-l14-35560-da-vetus\/","title":{"rendered":"Rolamento de Veio em Bronze 3 1\/2 (88,90) x 4 1\/2 (114,30) x L14 (355,60) da Vetus"},"content":{"rendered":"<p>Rolamento de Veio em Bronze 3 1\/2 (88,90) x 4 1\/2 (114,30) x L14 (355,60) da Vetus &#8211; <\/p>\n<p>Rolamentos de eixo lubrificados com \u00e1gua com di\u00e2metros internos e externos em polegadas. Carca\u00e7a de lat\u00e3o, parte interna de borracha com canais axiais.<\/p>\n","protected":false},"excerpt":{"rendered":"<p>Rolamento de Veio em Bronze 3 1\/2 (88,90) x 4 1\/2 (114,30) x L14 (355,60) da Vetus &#8211; Rolamentos de<\/p>\n","protected":false},"featured_media":5940503,"comment_status":"open","ping_status":"closed","template":"","meta":[],"product_brand":[2917],"product_cat":[2099],"product_tag":[],"class_list":{"0":"post-747840","1":"product","2":"type-product","3":"status-publish","4":"has-post-thumbnail","6":"product_brand-eliche-radice-pt","7":"product_cat-rolamentos-do-veio-de-propulsao","9":"first","10":"instock","11":"shipping-taxable","12":"purchasable","13":"product-type-simple"},"_links":{"self":[{"href":"https:\/\/stoic-curie.212-227-153-4.plesk.page\/pt\/wp-json\/wp\/v2\/product\/747840","targetHints":{"allow":["GET"]}}],"collection":[{"href":"https:\/\/stoic-curie.212-227-153-4.plesk.page\/pt\/wp-json\/wp\/v2\/product"}],"about":[{"href":"https:\/\/stoic-curie.212-227-153-4.plesk.page\/pt\/wp-json\/wp\/v2\/types\/product"}],"replies":[{"embeddable":true,"href":"https:\/\/stoic-curie.212-227-153-4.plesk.page\/pt\/wp-json\/wp\/v2\/comments?post=747840"}],"version-history":[{"count":0,"href":"https:\/\/stoic-curie.212-227-153-4.plesk.page\/pt\/wp-json\/wp\/v2\/product\/747840\/revisions"}],"wp:featuredmedia":[{"embeddable":true,"href":"https:\/\/stoic-curie.212-227-153-4.plesk.page\/pt\/wp-json\/wp\/v2\/media\/5940503"}],"wp:attachment":[{"href":"https:\/\/stoic-curie.212-227-153-4.plesk.page\/pt\/wp-json\/wp\/v2\/media?parent=747840"}],"wp:term":[{"taxonomy":"product_brand","embeddable":true,"href":"https:\/\/stoic-curie.212-227-153-4.plesk.page\/pt\/wp-json\/wp\/v2\/product_brand?post=747840"},{"taxonomy":"product_cat","embeddable":true,"href":"https:\/\/stoic-curie.212-227-153-4.plesk.page\/pt\/wp-json\/wp\/v2\/product_cat?post=747840"},{"taxonomy":"product_tag","embeddable":true,"href":"https:\/\/stoic-curie.212-227-153-4.plesk.page\/pt\/wp-json\/wp\/v2\/product_tag?post=747840"}],"curies":[{"name":"wp","href":"https:\/\/api.w.org\/{rel}","templated":true}]}}