{"id":747877,"date":"2025-03-03T21:01:12","date_gmt":"2025-03-03T20:01:12","guid":{"rendered":"https:\/\/stoic-curie.212-227-153-4.plesk.page\/producto\/tesouras-maritimas-para-cabo-de-aco-inoxidavel-ate-9-mm\/"},"modified":"2026-02-25T00:27:54","modified_gmt":"2026-02-25T00:27:54","slug":"tesouras-maritimas-para-cabo-de-aco-inoxidavel-ate-9-mm","status":"publish","type":"product","link":"https:\/\/stoic-curie.212-227-153-4.plesk.page\/pt\/product\/tesouras-maritimas-para-cabo-de-aco-inoxidavel-ate-9-mm\/","title":{"rendered":"Tesouras Mar\u00edtimas para cabo de a\u00e7o inoxid\u00e1vel at\u00e9 9 mm"},"content":{"rendered":"<p>Tesouras Mar\u00edtimas para cabo de a\u00e7o inoxid\u00e1vel at\u00e9 9 mm &#8211; <\/p>\n<p>Corta-fios para var\u00f5es de at\u00e9 6 mm e fios de at\u00e9 9 mm.<\/p>\n","protected":false},"excerpt":{"rendered":"<p>Tesouras Mar\u00edtimas para cabo de a\u00e7o inoxid\u00e1vel at\u00e9 9 mm &#8211; Corta-fios para var\u00f5es de at\u00e9 6 mm e fios<\/p>\n","protected":false},"featured_media":5940611,"comment_status":"open","ping_status":"closed","template":"","meta":[],"product_brand":[3122],"product_cat":[2058,2043,1966],"product_tag":[],"class_list":{"0":"post-747877","1":"product","2":"type-product","3":"status-publish","4":"has-post-thumbnail","6":"product_brand-marinetech-pt","7":"product_cat-acessorios-para-veleiro","8":"product_cat-cabo-de-aco","9":"product_cat-cabo-de-aco-inoxidavel","11":"first","12":"instock","13":"shipping-taxable","14":"purchasable","15":"product-type-simple"},"_links":{"self":[{"href":"https:\/\/stoic-curie.212-227-153-4.plesk.page\/pt\/wp-json\/wp\/v2\/product\/747877","targetHints":{"allow":["GET"]}}],"collection":[{"href":"https:\/\/stoic-curie.212-227-153-4.plesk.page\/pt\/wp-json\/wp\/v2\/product"}],"about":[{"href":"https:\/\/stoic-curie.212-227-153-4.plesk.page\/pt\/wp-json\/wp\/v2\/types\/product"}],"replies":[{"embeddable":true,"href":"https:\/\/stoic-curie.212-227-153-4.plesk.page\/pt\/wp-json\/wp\/v2\/comments?post=747877"}],"version-history":[{"count":0,"href":"https:\/\/stoic-curie.212-227-153-4.plesk.page\/pt\/wp-json\/wp\/v2\/product\/747877\/revisions"}],"wp:featuredmedia":[{"embeddable":true,"href":"https:\/\/stoic-curie.212-227-153-4.plesk.page\/pt\/wp-json\/wp\/v2\/media\/5940611"}],"wp:attachment":[{"href":"https:\/\/stoic-curie.212-227-153-4.plesk.page\/pt\/wp-json\/wp\/v2\/media?parent=747877"}],"wp:term":[{"taxonomy":"product_brand","embeddable":true,"href":"https:\/\/stoic-curie.212-227-153-4.plesk.page\/pt\/wp-json\/wp\/v2\/product_brand?post=747877"},{"taxonomy":"product_cat","embeddable":true,"href":"https:\/\/stoic-curie.212-227-153-4.plesk.page\/pt\/wp-json\/wp\/v2\/product_cat?post=747877"},{"taxonomy":"product_tag","embeddable":true,"href":"https:\/\/stoic-curie.212-227-153-4.plesk.page\/pt\/wp-json\/wp\/v2\/product_tag?post=747877"}],"curies":[{"name":"wp","href":"https:\/\/api.w.org\/{rel}","templated":true}]}}