{"id":747882,"date":"2025-03-03T21:01:14","date_gmt":"2025-03-03T20:01:14","guid":{"rendered":"https:\/\/stoic-curie.212-227-153-4.plesk.page\/producto\/antena-vhf-de-aco-inoxidavel-glomex-ra106-rib-09-m\/"},"modified":"2026-02-25T00:27:54","modified_gmt":"2026-02-25T00:27:54","slug":"antena-vhf-de-aco-inoxidavel-glomex-ra106-rib-09-m","status":"publish","type":"product","link":"https:\/\/stoic-curie.212-227-153-4.plesk.page\/pt\/product\/antena-vhf-de-aco-inoxidavel-glomex-ra106-rib-09-m\/","title":{"rendered":"Antena VHF de A\u00e7o Inoxid\u00e1vel Glomex Ra106 &#8211; RIB 0,9 m"},"content":{"rendered":"<p>Antena VHF de A\u00e7o Inoxid\u00e1vel Glomex Ra106 &#8211; RIB 0,9 m &#8211; <\/p>\n<p>Antenas VHF RA106 de fibra de vidro ou a\u00e7o inoxid\u00e1vel, destac\u00e1veis e armazen\u00e1veis, para botes infl\u00e1veis. 100W \/ 3dB \/ 156\/162 MHz \/ 50 Ohm. Altura: 0,9 m. Completo com cabo coaxial de 4,5 m, conector, passagem de cabo e base RA135.<\/p>\n","protected":false},"excerpt":{"rendered":"<p>Antena VHF de A\u00e7o Inoxid\u00e1vel Glomex Ra106 &#8211; RIB 0,9 m &#8211; Antenas VHF RA106 de fibra de vidro ou<\/p>\n","protected":false},"featured_media":5940658,"comment_status":"open","ping_status":"closed","template":"","meta":[],"product_brand":[2982],"product_cat":[2040],"product_tag":[],"class_list":{"0":"post-747882","1":"product","2":"type-product","3":"status-publish","4":"has-post-thumbnail","6":"product_brand-glomex-pt","7":"product_cat-antenas-vhf-equipamento-eletrico","9":"first","10":"instock","11":"shipping-taxable","12":"purchasable","13":"product-type-simple"},"_links":{"self":[{"href":"https:\/\/stoic-curie.212-227-153-4.plesk.page\/pt\/wp-json\/wp\/v2\/product\/747882","targetHints":{"allow":["GET"]}}],"collection":[{"href":"https:\/\/stoic-curie.212-227-153-4.plesk.page\/pt\/wp-json\/wp\/v2\/product"}],"about":[{"href":"https:\/\/stoic-curie.212-227-153-4.plesk.page\/pt\/wp-json\/wp\/v2\/types\/product"}],"replies":[{"embeddable":true,"href":"https:\/\/stoic-curie.212-227-153-4.plesk.page\/pt\/wp-json\/wp\/v2\/comments?post=747882"}],"version-history":[{"count":0,"href":"https:\/\/stoic-curie.212-227-153-4.plesk.page\/pt\/wp-json\/wp\/v2\/product\/747882\/revisions"}],"wp:featuredmedia":[{"embeddable":true,"href":"https:\/\/stoic-curie.212-227-153-4.plesk.page\/pt\/wp-json\/wp\/v2\/media\/5940658"}],"wp:attachment":[{"href":"https:\/\/stoic-curie.212-227-153-4.plesk.page\/pt\/wp-json\/wp\/v2\/media?parent=747882"}],"wp:term":[{"taxonomy":"product_brand","embeddable":true,"href":"https:\/\/stoic-curie.212-227-153-4.plesk.page\/pt\/wp-json\/wp\/v2\/product_brand?post=747882"},{"taxonomy":"product_cat","embeddable":true,"href":"https:\/\/stoic-curie.212-227-153-4.plesk.page\/pt\/wp-json\/wp\/v2\/product_cat?post=747882"},{"taxonomy":"product_tag","embeddable":true,"href":"https:\/\/stoic-curie.212-227-153-4.plesk.page\/pt\/wp-json\/wp\/v2\/product_tag?post=747882"}],"curies":[{"name":"wp","href":"https:\/\/api.w.org\/{rel}","templated":true}]}}