{"id":747883,"date":"2025-03-03T21:01:14","date_gmt":"2025-03-03T20:01:14","guid":{"rendered":"https:\/\/stoic-curie.212-227-153-4.plesk.page\/producto\/antena-de-tv-glomex-talitha-v9125agcu-dab20\/"},"modified":"2026-02-25T00:27:54","modified_gmt":"2026-02-25T00:27:54","slug":"antena-de-tv-glomex-talitha-v9125agcu-dab20","status":"publish","type":"product","link":"https:\/\/stoic-curie.212-227-153-4.plesk.page\/pt\/product\/antena-de-tv-glomex-talitha-v9125agcu-dab20\/","title":{"rendered":"Antena de TV Glomex Talitha V9125AGCU\/DAB20"},"content":{"rendered":"<p>Antena de TV Glomex Talitha V9125AGCU\/DAB20 &#8211; <\/p>\n<p>Antena Glomex V9125AGCU\/DAB20 Talitha omnidirecional para TV anal\u00f3gica\/digital. Gra\u00e7as \u00e0 barbatana de tubar\u00e3o de 31 mm de altura, que permite a recep\u00e7\u00e3o de sinais verticais, esta antena pode receber sinais de TV anal\u00f3gicos ou digitais polarizados tanto horizontal quanto verticalmente, sendo assim a solu\u00e7\u00e3o ideal para qualquer tipo de barco, veleiro ou barco a motor. Equipada com um stylus para recep\u00e7\u00e3o do sinal DAB e um amplificador de controle autom\u00e1tico de ganho (AGC) que garante um sinal perfeito tanto no mar quanto no porto. Se emparelhada com um divisor V9147 (2 vias, opcional), instalado entre a antena e o amplificador, tamb\u00e9m pode receber frequ\u00eancias de r\u00e1dio AM-FM. Frequ\u00eancia 87,5\/774 MHz, 174\/240 MHz DA &#8211; Imped\u00e2ncia 75 Ohm &#8211; Fonte de alimenta\u00e7\u00e3o universal 12\/24V.<\/p>\n","protected":false},"excerpt":{"rendered":"<p>Antena de TV Glomex Talitha V9125AGCU\/DAB20 &#8211; Antena Glomex V9125AGCU\/DAB20 Talitha omnidirecional para TV anal\u00f3gica\/digital. Gra\u00e7as \u00e0 barbatana de tubar\u00e3o<\/p>\n","protected":false},"featured_media":5940667,"comment_status":"open","ping_status":"closed","template":"","meta":[],"product_brand":[2982],"product_cat":[2041],"product_tag":[],"class_list":{"0":"post-747883","1":"product","2":"type-product","3":"status-publish","4":"has-post-thumbnail","6":"product_brand-glomex-pt","7":"product_cat-antenas-tv","9":"first","10":"instock","11":"shipping-taxable","12":"purchasable","13":"product-type-simple"},"_links":{"self":[{"href":"https:\/\/stoic-curie.212-227-153-4.plesk.page\/pt\/wp-json\/wp\/v2\/product\/747883","targetHints":{"allow":["GET"]}}],"collection":[{"href":"https:\/\/stoic-curie.212-227-153-4.plesk.page\/pt\/wp-json\/wp\/v2\/product"}],"about":[{"href":"https:\/\/stoic-curie.212-227-153-4.plesk.page\/pt\/wp-json\/wp\/v2\/types\/product"}],"replies":[{"embeddable":true,"href":"https:\/\/stoic-curie.212-227-153-4.plesk.page\/pt\/wp-json\/wp\/v2\/comments?post=747883"}],"version-history":[{"count":0,"href":"https:\/\/stoic-curie.212-227-153-4.plesk.page\/pt\/wp-json\/wp\/v2\/product\/747883\/revisions"}],"wp:featuredmedia":[{"embeddable":true,"href":"https:\/\/stoic-curie.212-227-153-4.plesk.page\/pt\/wp-json\/wp\/v2\/media\/5940667"}],"wp:attachment":[{"href":"https:\/\/stoic-curie.212-227-153-4.plesk.page\/pt\/wp-json\/wp\/v2\/media?parent=747883"}],"wp:term":[{"taxonomy":"product_brand","embeddable":true,"href":"https:\/\/stoic-curie.212-227-153-4.plesk.page\/pt\/wp-json\/wp\/v2\/product_brand?post=747883"},{"taxonomy":"product_cat","embeddable":true,"href":"https:\/\/stoic-curie.212-227-153-4.plesk.page\/pt\/wp-json\/wp\/v2\/product_cat?post=747883"},{"taxonomy":"product_tag","embeddable":true,"href":"https:\/\/stoic-curie.212-227-153-4.plesk.page\/pt\/wp-json\/wp\/v2\/product_tag?post=747883"}],"curies":[{"name":"wp","href":"https:\/\/api.w.org\/{rel}","templated":true}]}}