{"id":747884,"date":"2025-03-03T21:01:15","date_gmt":"2025-03-03T20:01:15","guid":{"rendered":"https:\/\/stoic-curie.212-227-153-4.plesk.page\/producto\/antena-de-tv-glomex-nashira-v9112-12\/"},"modified":"2026-02-25T00:27:54","modified_gmt":"2026-02-25T00:27:54","slug":"antena-de-tv-glomex-nashira-v9112-12","status":"publish","type":"product","link":"https:\/\/stoic-curie.212-227-153-4.plesk.page\/pt\/product\/antena-de-tv-glomex-nashira-v9112-12\/","title":{"rendered":"Antena de TV Glomex Nashira V9112\/12"},"content":{"rendered":"<p>Antena de TV Glomex Nashira V9112\/12 &#8211; <\/p>\n<p>A antena de TV Glomex V9112AGCU\/DAB20 Nashira omnidirecional recebe sinais de TV anal\u00f3gicos e digitais. Gra\u00e7as \u00e0 altura de 55 mm com formato de barbatana de tubar\u00e3o, pode receber sinais de TV polarizados vertical e horizontalmente, sendo a solu\u00e7\u00e3o ideal para qualquer tipo de embarca\u00e7\u00e3o, veleiro ou lancha a motor. A base refor\u00e7ada com suporte de a\u00e7o inoxid\u00e1vel microfundido assegura a melhor estabilidade da antena em todas as condi\u00e7\u00f5es mar\u00edtimas. Equipado com um estilete para receber o sinal DAB e um amplificador de controle autom\u00e1tico de ganho (AGC) que garante um sinal perfeito tanto no mar quanto no porto. Com o divisor V9147, instalado entre a antena e o amplificador, a antena tamb\u00e9m pode receber frequ\u00eancias de r\u00e1dio AM-FM. Pode ser configurado para um m\u00e1ximo de 2 dispositivos de TV. Frequ\u00eancia 87,5\/774 MHz, 174\/240 MHz DAB &#8211; Imped\u00e2ncia 75 Ohm &#8211; Fonte de alimenta\u00e7\u00e3o universal 12\/24V. Completo com cabo coaxial de 20 m e cabo para TV.<\/p>\n","protected":false},"excerpt":{"rendered":"<p>Antena de TV Glomex Nashira V9112\/12 &#8211; A antena de TV Glomex V9112AGCU\/DAB20 Nashira omnidirecional recebe sinais de TV anal\u00f3gicos<\/p>\n","protected":false},"featured_media":5940669,"comment_status":"open","ping_status":"closed","template":"","meta":[],"product_brand":[2982],"product_cat":[2041],"product_tag":[],"class_list":{"0":"post-747884","1":"product","2":"type-product","3":"status-publish","4":"has-post-thumbnail","6":"product_brand-glomex-pt","7":"product_cat-antenas-tv","9":"first","10":"instock","11":"shipping-taxable","12":"purchasable","13":"product-type-simple"},"_links":{"self":[{"href":"https:\/\/stoic-curie.212-227-153-4.plesk.page\/pt\/wp-json\/wp\/v2\/product\/747884","targetHints":{"allow":["GET"]}}],"collection":[{"href":"https:\/\/stoic-curie.212-227-153-4.plesk.page\/pt\/wp-json\/wp\/v2\/product"}],"about":[{"href":"https:\/\/stoic-curie.212-227-153-4.plesk.page\/pt\/wp-json\/wp\/v2\/types\/product"}],"replies":[{"embeddable":true,"href":"https:\/\/stoic-curie.212-227-153-4.plesk.page\/pt\/wp-json\/wp\/v2\/comments?post=747884"}],"version-history":[{"count":0,"href":"https:\/\/stoic-curie.212-227-153-4.plesk.page\/pt\/wp-json\/wp\/v2\/product\/747884\/revisions"}],"wp:featuredmedia":[{"embeddable":true,"href":"https:\/\/stoic-curie.212-227-153-4.plesk.page\/pt\/wp-json\/wp\/v2\/media\/5940669"}],"wp:attachment":[{"href":"https:\/\/stoic-curie.212-227-153-4.plesk.page\/pt\/wp-json\/wp\/v2\/media?parent=747884"}],"wp:term":[{"taxonomy":"product_brand","embeddable":true,"href":"https:\/\/stoic-curie.212-227-153-4.plesk.page\/pt\/wp-json\/wp\/v2\/product_brand?post=747884"},{"taxonomy":"product_cat","embeddable":true,"href":"https:\/\/stoic-curie.212-227-153-4.plesk.page\/pt\/wp-json\/wp\/v2\/product_cat?post=747884"},{"taxonomy":"product_tag","embeddable":true,"href":"https:\/\/stoic-curie.212-227-153-4.plesk.page\/pt\/wp-json\/wp\/v2\/product_tag?post=747884"}],"curies":[{"name":"wp","href":"https:\/\/api.w.org\/{rel}","templated":true}]}}