{"id":747885,"date":"2025-03-03T21:01:15","date_gmt":"2025-03-03T20:01:15","guid":{"rendered":"https:\/\/stoic-curie.212-227-153-4.plesk.page\/producto\/caixa-a-prova-de-agua-com-tampa-para-estereo-280-x-280-x-a190-mm\/"},"modified":"2026-02-25T00:27:54","modified_gmt":"2026-02-25T00:27:54","slug":"caixa-a-prova-de-agua-com-tampa-para-estereo-280-x-280-x-a190-mm","status":"publish","type":"product","link":"https:\/\/stoic-curie.212-227-153-4.plesk.page\/pt\/product\/caixa-a-prova-de-agua-com-tampa-para-estereo-280-x-280-x-a190-mm\/","title":{"rendered":"Caixa \u00e0 Prova de \u00c1gua com Tampa para Est\u00e9reo 280 x 280 x A190 mm"},"content":{"rendered":"<p>Caixa \u00e0 Prova de \u00c1gua com Tampa para Est\u00e9reo 280 x 280 x A190 mm &#8211; <\/p>\n<p>Cobertura \u00e0 prova de respingos para R\u00e1dio\/CD com caixa estanque universal. Montagem com suporte externo.<\/p>\n","protected":false},"excerpt":{"rendered":"<p>Caixa \u00e0 Prova de \u00c1gua com Tampa para Est\u00e9reo 280 x 280 x A190 mm &#8211; Cobertura \u00e0 prova de<\/p>\n","protected":false},"featured_media":5940672,"comment_status":"open","ping_status":"closed","template":"","meta":[],"product_brand":[2862],"product_cat":[2020],"product_tag":[],"class_list":{"0":"post-747885","1":"product","2":"type-product","3":"status-publish","4":"has-post-thumbnail","6":"product_brand-ceredi-pt","7":"product_cat-equipamento-de-som-e-colunas","9":"first","10":"instock","11":"shipping-taxable","12":"purchasable","13":"product-type-simple"},"_links":{"self":[{"href":"https:\/\/stoic-curie.212-227-153-4.plesk.page\/pt\/wp-json\/wp\/v2\/product\/747885","targetHints":{"allow":["GET"]}}],"collection":[{"href":"https:\/\/stoic-curie.212-227-153-4.plesk.page\/pt\/wp-json\/wp\/v2\/product"}],"about":[{"href":"https:\/\/stoic-curie.212-227-153-4.plesk.page\/pt\/wp-json\/wp\/v2\/types\/product"}],"replies":[{"embeddable":true,"href":"https:\/\/stoic-curie.212-227-153-4.plesk.page\/pt\/wp-json\/wp\/v2\/comments?post=747885"}],"version-history":[{"count":0,"href":"https:\/\/stoic-curie.212-227-153-4.plesk.page\/pt\/wp-json\/wp\/v2\/product\/747885\/revisions"}],"wp:featuredmedia":[{"embeddable":true,"href":"https:\/\/stoic-curie.212-227-153-4.plesk.page\/pt\/wp-json\/wp\/v2\/media\/5940672"}],"wp:attachment":[{"href":"https:\/\/stoic-curie.212-227-153-4.plesk.page\/pt\/wp-json\/wp\/v2\/media?parent=747885"}],"wp:term":[{"taxonomy":"product_brand","embeddable":true,"href":"https:\/\/stoic-curie.212-227-153-4.plesk.page\/pt\/wp-json\/wp\/v2\/product_brand?post=747885"},{"taxonomy":"product_cat","embeddable":true,"href":"https:\/\/stoic-curie.212-227-153-4.plesk.page\/pt\/wp-json\/wp\/v2\/product_cat?post=747885"},{"taxonomy":"product_tag","embeddable":true,"href":"https:\/\/stoic-curie.212-227-153-4.plesk.page\/pt\/wp-json\/wp\/v2\/product_tag?post=747885"}],"curies":[{"name":"wp","href":"https:\/\/api.w.org\/{rel}","templated":true}]}}