{"id":747888,"date":"2025-03-03T21:01:16","date_gmt":"2025-03-03T20:01:16","guid":{"rendered":"https:\/\/stoic-curie.212-227-153-4.plesk.page\/producto\/pega-telescopica-de-aluminio-star-brite-152-304-cm\/"},"modified":"2026-02-25T00:27:55","modified_gmt":"2026-02-25T00:27:55","slug":"pega-telescopica-de-aluminio-star-brite-152-304-cm","status":"publish","type":"product","link":"https:\/\/stoic-curie.212-227-153-4.plesk.page\/pt\/product\/pega-telescopica-de-aluminio-star-brite-152-304-cm\/","title":{"rendered":"Pega Telesc\u00f3pica de Alum\u00ednio Star Brite 152 &#8211; 304 cm"},"content":{"rendered":"<p>Pega Telesc\u00f3pica de Alum\u00ednio Star Brite 152 &#8211; 304 cm &#8211; <\/p>\n<p>Man\u00edpulos telesc\u00f3picos de alum\u00ednio anodizado aeron\u00e1utico com pegadores antiderrapantes e soquete com &#8220;bloqueio por tor\u00e7\u00e3o&#8221; para escovas Star Brite. Bot\u00e3o de a\u00e7o inoxid\u00e1vel para conex\u00e3o\/desconex\u00e3o instant\u00e2nea das escovas. A vers\u00e3o Extend Wash possui uma conex\u00e3o para mangueira de \u00e1gua e uma v\u00e1lvula.<\/p>\n","protected":false},"excerpt":{"rendered":"<p>Pega Telesc\u00f3pica de Alum\u00ednio Star Brite 152 &#8211; 304 cm &#8211; Man\u00edpulos telesc\u00f3picos de alum\u00ednio anodizado aeron\u00e1utico com pegadores antiderrapantes<\/p>\n","protected":false},"featured_media":5940690,"comment_status":"open","ping_status":"closed","template":"","meta":[],"product_brand":[3437],"product_cat":[1920],"product_tag":[],"class_list":{"0":"post-747888","1":"product","2":"type-product","3":"status-publish","4":"has-post-thumbnail","6":"product_brand-starbrite-pt","7":"product_cat-escovas-e-esponjas","9":"first","10":"instock","11":"shipping-taxable","12":"purchasable","13":"product-type-simple"},"_links":{"self":[{"href":"https:\/\/stoic-curie.212-227-153-4.plesk.page\/pt\/wp-json\/wp\/v2\/product\/747888","targetHints":{"allow":["GET"]}}],"collection":[{"href":"https:\/\/stoic-curie.212-227-153-4.plesk.page\/pt\/wp-json\/wp\/v2\/product"}],"about":[{"href":"https:\/\/stoic-curie.212-227-153-4.plesk.page\/pt\/wp-json\/wp\/v2\/types\/product"}],"replies":[{"embeddable":true,"href":"https:\/\/stoic-curie.212-227-153-4.plesk.page\/pt\/wp-json\/wp\/v2\/comments?post=747888"}],"version-history":[{"count":0,"href":"https:\/\/stoic-curie.212-227-153-4.plesk.page\/pt\/wp-json\/wp\/v2\/product\/747888\/revisions"}],"wp:featuredmedia":[{"embeddable":true,"href":"https:\/\/stoic-curie.212-227-153-4.plesk.page\/pt\/wp-json\/wp\/v2\/media\/5940690"}],"wp:attachment":[{"href":"https:\/\/stoic-curie.212-227-153-4.plesk.page\/pt\/wp-json\/wp\/v2\/media?parent=747888"}],"wp:term":[{"taxonomy":"product_brand","embeddable":true,"href":"https:\/\/stoic-curie.212-227-153-4.plesk.page\/pt\/wp-json\/wp\/v2\/product_brand?post=747888"},{"taxonomy":"product_cat","embeddable":true,"href":"https:\/\/stoic-curie.212-227-153-4.plesk.page\/pt\/wp-json\/wp\/v2\/product_cat?post=747888"},{"taxonomy":"product_tag","embeddable":true,"href":"https:\/\/stoic-curie.212-227-153-4.plesk.page\/pt\/wp-json\/wp\/v2\/product_tag?post=747888"}],"curies":[{"name":"wp","href":"https:\/\/api.w.org\/{rel}","templated":true}]}}