{"id":747889,"date":"2025-03-03T21:01:16","date_gmt":"2025-03-03T20:01:16","guid":{"rendered":"https:\/\/stoic-curie.212-227-153-4.plesk.page\/producto\/cola-vermelha-para-madeira-marinha-10-kg\/"},"modified":"2026-02-25T00:27:55","modified_gmt":"2026-02-25T00:27:55","slug":"cola-vermelha-para-madeira-marinha-10-kg","status":"publish","type":"product","link":"https:\/\/stoic-curie.212-227-153-4.plesk.page\/pt\/product\/cola-vermelha-para-madeira-marinha-10-kg\/","title":{"rendered":"Cola Vermelha para Madeira Marinha 1,0 kg"},"content":{"rendered":"<p>Cola Vermelha para Madeira Marinha 1,0 kg &#8211; <\/p>\n<p>Cola vermelha para constru\u00e7\u00e3o e repara\u00e7\u00e3o de barcos de madeira. Une todos os tipos de madeira e \u00e9 espec\u00edfica para joelhos, t\u00e1buas e todas as partes submersas. \u00d3tima durabilidade e resist\u00eancia \u00e0 \u00e1gua.<\/p>\n","protected":false},"excerpt":{"rendered":"<p>Cola Vermelha para Madeira Marinha 1,0 kg &#8211; Cola vermelha para constru\u00e7\u00e3o e repara\u00e7\u00e3o de barcos de madeira. Une todos<\/p>\n","protected":false},"featured_media":5940726,"comment_status":"open","ping_status":"closed","template":"","meta":[],"product_brand":[2872],"product_cat":[1924],"product_tag":[],"class_list":{"0":"post-747889","1":"product","2":"type-product","3":"status-publish","4":"has-post-thumbnail","6":"product_brand-crc-marine-pt","7":"product_cat-adesivos-e-selantes","9":"first","10":"instock","11":"shipping-taxable","12":"purchasable","13":"product-type-simple"},"_links":{"self":[{"href":"https:\/\/stoic-curie.212-227-153-4.plesk.page\/pt\/wp-json\/wp\/v2\/product\/747889","targetHints":{"allow":["GET"]}}],"collection":[{"href":"https:\/\/stoic-curie.212-227-153-4.plesk.page\/pt\/wp-json\/wp\/v2\/product"}],"about":[{"href":"https:\/\/stoic-curie.212-227-153-4.plesk.page\/pt\/wp-json\/wp\/v2\/types\/product"}],"replies":[{"embeddable":true,"href":"https:\/\/stoic-curie.212-227-153-4.plesk.page\/pt\/wp-json\/wp\/v2\/comments?post=747889"}],"version-history":[{"count":0,"href":"https:\/\/stoic-curie.212-227-153-4.plesk.page\/pt\/wp-json\/wp\/v2\/product\/747889\/revisions"}],"wp:featuredmedia":[{"embeddable":true,"href":"https:\/\/stoic-curie.212-227-153-4.plesk.page\/pt\/wp-json\/wp\/v2\/media\/5940726"}],"wp:attachment":[{"href":"https:\/\/stoic-curie.212-227-153-4.plesk.page\/pt\/wp-json\/wp\/v2\/media?parent=747889"}],"wp:term":[{"taxonomy":"product_brand","embeddable":true,"href":"https:\/\/stoic-curie.212-227-153-4.plesk.page\/pt\/wp-json\/wp\/v2\/product_brand?post=747889"},{"taxonomy":"product_cat","embeddable":true,"href":"https:\/\/stoic-curie.212-227-153-4.plesk.page\/pt\/wp-json\/wp\/v2\/product_cat?post=747889"},{"taxonomy":"product_tag","embeddable":true,"href":"https:\/\/stoic-curie.212-227-153-4.plesk.page\/pt\/wp-json\/wp\/v2\/product_tag?post=747889"}],"curies":[{"name":"wp","href":"https:\/\/api.w.org\/{rel}","templated":true}]}}