{"id":747890,"date":"2025-03-03T21:01:17","date_gmt":"2025-03-03T20:01:17","guid":{"rendered":"https:\/\/stoic-curie.212-227-153-4.plesk.page\/producto\/selante-de-latex-elastico-1-lt-para-botes-inflaveis\/"},"modified":"2026-02-25T00:27:55","modified_gmt":"2026-02-25T00:27:55","slug":"selante-de-latex-elastico-1-lt-para-botes-inflaveis","status":"publish","type":"product","link":"https:\/\/stoic-curie.212-227-153-4.plesk.page\/pt\/product\/selante-de-latex-elastico-1-lt-para-botes-inflaveis\/","title":{"rendered":"Selante de L\u00e1tex El\u00e1stico 1 lt para Botes Infl\u00e1veis"},"content":{"rendered":"<p>Selante de L\u00e1tex El\u00e1stico 1 lt para Botes Infl\u00e1veis &#8211; <\/p>\n<p>Selante de l\u00e1tex el\u00e1stico a ser injetado nos tubos infl\u00e1veis. Forma uma camada interna que elimina vazamentos devido \u00e0 porosidade e imperfei\u00e7\u00f5es. Muito f\u00e1cil de manusear, vem com uma seringa.<\/p>\n","protected":false},"excerpt":{"rendered":"<p>Selante de L\u00e1tex El\u00e1stico 1 lt para Botes Infl\u00e1veis &#8211; Selante de l\u00e1tex el\u00e1stico a ser injetado nos tubos infl\u00e1veis.<\/p>\n","protected":false},"featured_media":5940727,"comment_status":"open","ping_status":"closed","template":"","meta":[],"product_brand":[2872],"product_cat":[2126,1924],"product_tag":[],"class_list":{"0":"post-747890","1":"product","2":"type-product","3":"status-publish","4":"has-post-thumbnail","6":"product_brand-crc-marine-pt","7":"product_cat-acessorios-para-embarcacoes-auxiliares","8":"product_cat-adesivos-e-selantes","10":"first","11":"instock","12":"shipping-taxable","13":"purchasable","14":"product-type-simple"},"_links":{"self":[{"href":"https:\/\/stoic-curie.212-227-153-4.plesk.page\/pt\/wp-json\/wp\/v2\/product\/747890","targetHints":{"allow":["GET"]}}],"collection":[{"href":"https:\/\/stoic-curie.212-227-153-4.plesk.page\/pt\/wp-json\/wp\/v2\/product"}],"about":[{"href":"https:\/\/stoic-curie.212-227-153-4.plesk.page\/pt\/wp-json\/wp\/v2\/types\/product"}],"replies":[{"embeddable":true,"href":"https:\/\/stoic-curie.212-227-153-4.plesk.page\/pt\/wp-json\/wp\/v2\/comments?post=747890"}],"version-history":[{"count":0,"href":"https:\/\/stoic-curie.212-227-153-4.plesk.page\/pt\/wp-json\/wp\/v2\/product\/747890\/revisions"}],"wp:featuredmedia":[{"embeddable":true,"href":"https:\/\/stoic-curie.212-227-153-4.plesk.page\/pt\/wp-json\/wp\/v2\/media\/5940727"}],"wp:attachment":[{"href":"https:\/\/stoic-curie.212-227-153-4.plesk.page\/pt\/wp-json\/wp\/v2\/media?parent=747890"}],"wp:term":[{"taxonomy":"product_brand","embeddable":true,"href":"https:\/\/stoic-curie.212-227-153-4.plesk.page\/pt\/wp-json\/wp\/v2\/product_brand?post=747890"},{"taxonomy":"product_cat","embeddable":true,"href":"https:\/\/stoic-curie.212-227-153-4.plesk.page\/pt\/wp-json\/wp\/v2\/product_cat?post=747890"},{"taxonomy":"product_tag","embeddable":true,"href":"https:\/\/stoic-curie.212-227-153-4.plesk.page\/pt\/wp-json\/wp\/v2\/product_tag?post=747890"}],"curies":[{"name":"wp","href":"https:\/\/api.w.org\/{rel}","templated":true}]}}