{"id":747891,"date":"2025-03-03T21:01:17","date_gmt":"2025-03-03T20:01:17","guid":{"rendered":"https:\/\/stoic-curie.212-227-153-4.plesk.page\/producto\/resina-de-poliester-com-catalisador-4-lt\/"},"modified":"2026-02-25T00:27:55","modified_gmt":"2026-02-25T00:27:55","slug":"resina-de-poliester-com-catalisador-4-lt","status":"publish","type":"product","link":"https:\/\/stoic-curie.212-227-153-4.plesk.page\/pt\/product\/resina-de-poliester-com-catalisador-4-lt\/","title":{"rendered":"Resina de Poli\u00e9ster com Catalisador 4 lt"},"content":{"rendered":"<p>Resina de Poli\u00e9ster com Catalisador 4 lt &#8211; <\/p>\n<p>Resina de poli\u00e9ster para permea\u00e7\u00e3o acelerada, completa com endurecedor. Aprovada pelo Lloyd&#8217;s Register.<\/p>\n","protected":false},"excerpt":{"rendered":"<p>Resina de Poli\u00e9ster com Catalisador 4 lt &#8211; Resina de poli\u00e9ster para permea\u00e7\u00e3o acelerada, completa com endurecedor. Aprovada pelo Lloyd&#8217;s<\/p>\n","protected":false},"featured_media":5940729,"comment_status":"open","ping_status":"closed","template":"","meta":[],"product_brand":[2872],"product_cat":[1913],"product_tag":[],"class_list":{"0":"post-747891","1":"product","2":"type-product","3":"status-publish","4":"has-post-thumbnail","6":"product_brand-crc-marine-pt","7":"product_cat-produtos-para-manutencao","9":"first","10":"instock","11":"shipping-taxable","12":"purchasable","13":"product-type-simple"},"_links":{"self":[{"href":"https:\/\/stoic-curie.212-227-153-4.plesk.page\/pt\/wp-json\/wp\/v2\/product\/747891","targetHints":{"allow":["GET"]}}],"collection":[{"href":"https:\/\/stoic-curie.212-227-153-4.plesk.page\/pt\/wp-json\/wp\/v2\/product"}],"about":[{"href":"https:\/\/stoic-curie.212-227-153-4.plesk.page\/pt\/wp-json\/wp\/v2\/types\/product"}],"replies":[{"embeddable":true,"href":"https:\/\/stoic-curie.212-227-153-4.plesk.page\/pt\/wp-json\/wp\/v2\/comments?post=747891"}],"version-history":[{"count":0,"href":"https:\/\/stoic-curie.212-227-153-4.plesk.page\/pt\/wp-json\/wp\/v2\/product\/747891\/revisions"}],"wp:featuredmedia":[{"embeddable":true,"href":"https:\/\/stoic-curie.212-227-153-4.plesk.page\/pt\/wp-json\/wp\/v2\/media\/5940729"}],"wp:attachment":[{"href":"https:\/\/stoic-curie.212-227-153-4.plesk.page\/pt\/wp-json\/wp\/v2\/media?parent=747891"}],"wp:term":[{"taxonomy":"product_brand","embeddable":true,"href":"https:\/\/stoic-curie.212-227-153-4.plesk.page\/pt\/wp-json\/wp\/v2\/product_brand?post=747891"},{"taxonomy":"product_cat","embeddable":true,"href":"https:\/\/stoic-curie.212-227-153-4.plesk.page\/pt\/wp-json\/wp\/v2\/product_cat?post=747891"},{"taxonomy":"product_tag","embeddable":true,"href":"https:\/\/stoic-curie.212-227-153-4.plesk.page\/pt\/wp-json\/wp\/v2\/product_tag?post=747891"}],"curies":[{"name":"wp","href":"https:\/\/api.w.org\/{rel}","templated":true}]}}