{"id":747893,"date":"2025-03-03T21:01:18","date_gmt":"2025-03-03T20:01:18","guid":{"rendered":"https:\/\/stoic-curie.212-227-153-4.plesk.page\/producto\/shampoo-para-barco-star-brite-38-lt\/"},"modified":"2026-02-25T00:27:55","modified_gmt":"2026-02-25T00:27:55","slug":"shampoo-para-barco-star-brite-38-lt","status":"publish","type":"product","link":"https:\/\/stoic-curie.212-227-153-4.plesk.page\/pt\/product\/shampoo-para-barco-star-brite-38-lt\/","title":{"rendered":"Shampoo para Barco Star Brite 3,8 lt"},"content":{"rendered":"<p>Shampoo para Barco Star Brite 3,8 lt &#8211; <\/p>\n<p>\u2022 Deixa cascos, coberturas, cromados e acess\u00f3rios brilhando<br \/>\u2022 Barato &#8211; 2 ou 3 tampas dilu\u00eddas em um balde de \u00e1gua limpam um barco de 7 metros<br \/>\u2022 N\u00e3o mancha e n\u00e3o deixa res\u00edduos<br \/>\u2022 N\u00e3o remove cera nem polidor<br \/>\u2022 Amig\u00e1vel ao meio ambiente gra\u00e7as \u00e0 sua f\u00f3rmula biodegrad\u00e1vel<\/p>\n","protected":false},"excerpt":{"rendered":"<p>Shampoo para Barco Star Brite 3,8 lt &#8211; \u2022 Deixa cascos, coberturas, cromados e acess\u00f3rios brilhando\u2022 Barato &#8211; 2 ou<\/p>\n","protected":false},"featured_media":5940750,"comment_status":"open","ping_status":"closed","template":"","meta":[],"product_brand":[3437],"product_cat":[1915],"product_tag":[],"class_list":{"0":"post-747893","1":"product","2":"type-product","3":"status-publish","4":"has-post-thumbnail","6":"product_brand-starbrite-pt","7":"product_cat-produtos-de-limpeza","9":"first","10":"instock","11":"shipping-taxable","12":"purchasable","13":"product-type-simple"},"_links":{"self":[{"href":"https:\/\/stoic-curie.212-227-153-4.plesk.page\/pt\/wp-json\/wp\/v2\/product\/747893","targetHints":{"allow":["GET"]}}],"collection":[{"href":"https:\/\/stoic-curie.212-227-153-4.plesk.page\/pt\/wp-json\/wp\/v2\/product"}],"about":[{"href":"https:\/\/stoic-curie.212-227-153-4.plesk.page\/pt\/wp-json\/wp\/v2\/types\/product"}],"replies":[{"embeddable":true,"href":"https:\/\/stoic-curie.212-227-153-4.plesk.page\/pt\/wp-json\/wp\/v2\/comments?post=747893"}],"version-history":[{"count":0,"href":"https:\/\/stoic-curie.212-227-153-4.plesk.page\/pt\/wp-json\/wp\/v2\/product\/747893\/revisions"}],"wp:featuredmedia":[{"embeddable":true,"href":"https:\/\/stoic-curie.212-227-153-4.plesk.page\/pt\/wp-json\/wp\/v2\/media\/5940750"}],"wp:attachment":[{"href":"https:\/\/stoic-curie.212-227-153-4.plesk.page\/pt\/wp-json\/wp\/v2\/media?parent=747893"}],"wp:term":[{"taxonomy":"product_brand","embeddable":true,"href":"https:\/\/stoic-curie.212-227-153-4.plesk.page\/pt\/wp-json\/wp\/v2\/product_brand?post=747893"},{"taxonomy":"product_cat","embeddable":true,"href":"https:\/\/stoic-curie.212-227-153-4.plesk.page\/pt\/wp-json\/wp\/v2\/product_cat?post=747893"},{"taxonomy":"product_tag","embeddable":true,"href":"https:\/\/stoic-curie.212-227-153-4.plesk.page\/pt\/wp-json\/wp\/v2\/product_tag?post=747893"}],"curies":[{"name":"wp","href":"https:\/\/api.w.org\/{rel}","templated":true}]}}