{"id":747894,"date":"2025-03-03T21:01:18","date_gmt":"2025-03-03T20:01:18","guid":{"rendered":"https:\/\/stoic-curie.212-227-153-4.plesk.page\/producto\/polimento-marinho-star-brite-premium-1lt\/"},"modified":"2026-02-25T00:27:55","modified_gmt":"2026-02-25T00:27:55","slug":"polimento-marinho-star-brite-premium-1lt","status":"publish","type":"product","link":"https:\/\/stoic-curie.212-227-153-4.plesk.page\/pt\/product\/polimento-marinho-star-brite-premium-1lt\/","title":{"rendered":"Polimento Marinho Star Brite Premium 1lt"},"content":{"rendered":"<p>Polimento Marinho Star Brite Premium 1lt &#8211; <\/p>\n<p>\u2022 A prote\u00e7\u00e3o definitiva para superf\u00edcies em fibra de vidro, metal e pintadas<br \/>\u2022 Inibidores de UV ajudam a parar o desbotamento e a oxida\u00e7\u00e3o<br \/>\u2022 Para oxida\u00e7\u00e3o m\u00e9dia a pesada, use o Premium Cleaner Wax<br \/>\u2022 Deixa um revestimento PTEF\u00ae super suave e antiaderente que reduz o arrasto e repele sujeira, gordura, \u00f3leo e manchas<\/p>\n","protected":false},"excerpt":{"rendered":"<p>Polimento Marinho Star Brite Premium 1lt &#8211; \u2022 A prote\u00e7\u00e3o definitiva para superf\u00edcies em fibra de vidro, metal e pintadas\u2022<\/p>\n","protected":false},"featured_media":5940761,"comment_status":"open","ping_status":"closed","template":"","meta":[],"product_brand":[2225,3437],"product_cat":[1913],"product_tag":[],"class_list":{"0":"post-747894","1":"product","2":"type-product","3":"status-publish","4":"has-post-thumbnail","6":"product_brand-starbrite","7":"product_brand-starbrite-pt","8":"product_cat-produtos-para-manutencao","10":"first","11":"instock","12":"shipping-taxable","13":"purchasable","14":"product-type-simple"},"_links":{"self":[{"href":"https:\/\/stoic-curie.212-227-153-4.plesk.page\/pt\/wp-json\/wp\/v2\/product\/747894","targetHints":{"allow":["GET"]}}],"collection":[{"href":"https:\/\/stoic-curie.212-227-153-4.plesk.page\/pt\/wp-json\/wp\/v2\/product"}],"about":[{"href":"https:\/\/stoic-curie.212-227-153-4.plesk.page\/pt\/wp-json\/wp\/v2\/types\/product"}],"replies":[{"embeddable":true,"href":"https:\/\/stoic-curie.212-227-153-4.plesk.page\/pt\/wp-json\/wp\/v2\/comments?post=747894"}],"version-history":[{"count":0,"href":"https:\/\/stoic-curie.212-227-153-4.plesk.page\/pt\/wp-json\/wp\/v2\/product\/747894\/revisions"}],"wp:featuredmedia":[{"embeddable":true,"href":"https:\/\/stoic-curie.212-227-153-4.plesk.page\/pt\/wp-json\/wp\/v2\/media\/5940761"}],"wp:attachment":[{"href":"https:\/\/stoic-curie.212-227-153-4.plesk.page\/pt\/wp-json\/wp\/v2\/media?parent=747894"}],"wp:term":[{"taxonomy":"product_brand","embeddable":true,"href":"https:\/\/stoic-curie.212-227-153-4.plesk.page\/pt\/wp-json\/wp\/v2\/product_brand?post=747894"},{"taxonomy":"product_cat","embeddable":true,"href":"https:\/\/stoic-curie.212-227-153-4.plesk.page\/pt\/wp-json\/wp\/v2\/product_cat?post=747894"},{"taxonomy":"product_tag","embeddable":true,"href":"https:\/\/stoic-curie.212-227-153-4.plesk.page\/pt\/wp-json\/wp\/v2\/product_tag?post=747894"}],"curies":[{"name":"wp","href":"https:\/\/api.w.org\/{rel}","templated":true}]}}