{"id":747907,"date":"2025-03-03T21:01:23","date_gmt":"2025-03-03T20:01:23","guid":{"rendered":"https:\/\/stoic-curie.212-227-153-4.plesk.page\/producto\/faca-de-mergulho-profissional-18-cm\/"},"modified":"2026-02-25T00:27:55","modified_gmt":"2026-02-25T00:27:55","slug":"faca-de-mergulho-profissional-18-cm","status":"publish","type":"product","link":"https:\/\/stoic-curie.212-227-153-4.plesk.page\/pt\/product\/faca-de-mergulho-profissional-18-cm\/","title":{"rendered":"Faca de Mergulho Profissional 18 cm"},"content":{"rendered":"<p>Faca de Mergulho Profissional 18 cm &#8211; <\/p>\n<p>Faca profissional de mergulho com cortador de linha e martelo traseiro. Completa com capa e cinto. L\u00e2mina de a\u00e7o inoxid\u00e1vel W1.4116. A l\u00e2mina deve ser enxaguada com \u00e1gua doce e lubrificada ap\u00f3s o uso.<\/p>\n","protected":false},"excerpt":{"rendered":"<p>Faca de Mergulho Profissional 18 cm &#8211; Faca profissional de mergulho com cortador de linha e martelo traseiro. Completa com<\/p>\n","protected":false},"featured_media":5940804,"comment_status":"open","ping_status":"closed","template":"","meta":[],"product_brand":[3082],"product_cat":[2131,2143],"product_tag":[],"class_list":{"0":"post-747907","1":"product","2":"type-product","3":"status-publish","4":"has-post-thumbnail","6":"product_brand-macs-pt","7":"product_cat-acessorios-de-mergulho","8":"product_cat-facas-canivetes-e-ferramentas","10":"first","11":"instock","12":"shipping-taxable","13":"purchasable","14":"product-type-simple"},"_links":{"self":[{"href":"https:\/\/stoic-curie.212-227-153-4.plesk.page\/pt\/wp-json\/wp\/v2\/product\/747907","targetHints":{"allow":["GET"]}}],"collection":[{"href":"https:\/\/stoic-curie.212-227-153-4.plesk.page\/pt\/wp-json\/wp\/v2\/product"}],"about":[{"href":"https:\/\/stoic-curie.212-227-153-4.plesk.page\/pt\/wp-json\/wp\/v2\/types\/product"}],"replies":[{"embeddable":true,"href":"https:\/\/stoic-curie.212-227-153-4.plesk.page\/pt\/wp-json\/wp\/v2\/comments?post=747907"}],"version-history":[{"count":0,"href":"https:\/\/stoic-curie.212-227-153-4.plesk.page\/pt\/wp-json\/wp\/v2\/product\/747907\/revisions"}],"wp:featuredmedia":[{"embeddable":true,"href":"https:\/\/stoic-curie.212-227-153-4.plesk.page\/pt\/wp-json\/wp\/v2\/media\/5940804"}],"wp:attachment":[{"href":"https:\/\/stoic-curie.212-227-153-4.plesk.page\/pt\/wp-json\/wp\/v2\/media?parent=747907"}],"wp:term":[{"taxonomy":"product_brand","embeddable":true,"href":"https:\/\/stoic-curie.212-227-153-4.plesk.page\/pt\/wp-json\/wp\/v2\/product_brand?post=747907"},{"taxonomy":"product_cat","embeddable":true,"href":"https:\/\/stoic-curie.212-227-153-4.plesk.page\/pt\/wp-json\/wp\/v2\/product_cat?post=747907"},{"taxonomy":"product_tag","embeddable":true,"href":"https:\/\/stoic-curie.212-227-153-4.plesk.page\/pt\/wp-json\/wp\/v2\/product_tag?post=747907"}],"curies":[{"name":"wp","href":"https:\/\/api.w.org\/{rel}","templated":true}]}}