{"id":747911,"date":"2025-03-03T21:01:24","date_gmt":"2025-03-03T20:01:24","guid":{"rendered":"https:\/\/stoic-curie.212-227-153-4.plesk.page\/producto\/arrefecedor-de-oleo-bowman-dc60-xaa\/"},"modified":"2026-02-25T00:27:55","modified_gmt":"2026-02-25T00:27:55","slug":"arrefecedor-de-oleo-bowman-dc60-xaa","status":"publish","type":"product","link":"https:\/\/stoic-curie.212-227-153-4.plesk.page\/pt\/product\/arrefecedor-de-oleo-bowman-dc60-xaa\/","title":{"rendered":"Arrefecedor de \u00f3leo Bowman DC60-XAA"},"content":{"rendered":"<p>Arrefecedor de \u00f3leo Bowman DC60-XAA &#8211; <\/p>\n<p>Resfriadores de \u00f3leo Bowman DC para transmiss\u00f5es pequenas. Tubos de liga de n\u00edquel resistentes \u00e0 corros\u00e3o e tampas de \u00e1gua em neoprene.<\/p>\n","protected":false},"excerpt":{"rendered":"<p>Arrefecedor de \u00f3leo Bowman DC60-XAA &#8211; Resfriadores de \u00f3leo Bowman DC para transmiss\u00f5es pequenas. Tubos de liga de n\u00edquel resistentes<\/p>\n","protected":false},"featured_media":5940816,"comment_status":"open","ping_status":"closed","template":"","meta":[],"product_brand":[2847],"product_cat":[2077],"product_tag":[],"class_list":{"0":"post-747911","1":"product","2":"type-product","3":"status-publish","4":"has-post-thumbnail","6":"product_brand-bowman-pt","7":"product_cat-permutadores-de-calor-e-arrefecedores-a-oleo","9":"first","10":"instock","11":"shipping-taxable","12":"purchasable","13":"product-type-simple"},"_links":{"self":[{"href":"https:\/\/stoic-curie.212-227-153-4.plesk.page\/pt\/wp-json\/wp\/v2\/product\/747911","targetHints":{"allow":["GET"]}}],"collection":[{"href":"https:\/\/stoic-curie.212-227-153-4.plesk.page\/pt\/wp-json\/wp\/v2\/product"}],"about":[{"href":"https:\/\/stoic-curie.212-227-153-4.plesk.page\/pt\/wp-json\/wp\/v2\/types\/product"}],"replies":[{"embeddable":true,"href":"https:\/\/stoic-curie.212-227-153-4.plesk.page\/pt\/wp-json\/wp\/v2\/comments?post=747911"}],"version-history":[{"count":0,"href":"https:\/\/stoic-curie.212-227-153-4.plesk.page\/pt\/wp-json\/wp\/v2\/product\/747911\/revisions"}],"wp:featuredmedia":[{"embeddable":true,"href":"https:\/\/stoic-curie.212-227-153-4.plesk.page\/pt\/wp-json\/wp\/v2\/media\/5940816"}],"wp:attachment":[{"href":"https:\/\/stoic-curie.212-227-153-4.plesk.page\/pt\/wp-json\/wp\/v2\/media?parent=747911"}],"wp:term":[{"taxonomy":"product_brand","embeddable":true,"href":"https:\/\/stoic-curie.212-227-153-4.plesk.page\/pt\/wp-json\/wp\/v2\/product_brand?post=747911"},{"taxonomy":"product_cat","embeddable":true,"href":"https:\/\/stoic-curie.212-227-153-4.plesk.page\/pt\/wp-json\/wp\/v2\/product_cat?post=747911"},{"taxonomy":"product_tag","embeddable":true,"href":"https:\/\/stoic-curie.212-227-153-4.plesk.page\/pt\/wp-json\/wp\/v2\/product_tag?post=747911"}],"curies":[{"name":"wp","href":"https:\/\/api.w.org\/{rel}","templated":true}]}}