{"id":747919,"date":"2025-03-03T21:01:27","date_gmt":"2025-03-03T20:01:27","guid":{"rendered":"https:\/\/stoic-curie.212-227-153-4.plesk.page\/producto\/controlo-remoto-de-radio-mz-para-cima-baixo-com-2-botoes-e-contador-de-corrente\/"},"modified":"2026-02-25T00:27:55","modified_gmt":"2026-02-25T00:27:55","slug":"controlo-remoto-de-radio-mz-para-cima-baixo-com-2-botoes-e-contador-de-corrente","status":"publish","type":"product","link":"https:\/\/stoic-curie.212-227-153-4.plesk.page\/pt\/product\/controlo-remoto-de-radio-mz-para-cima-baixo-com-2-botoes-e-contador-de-corrente\/","title":{"rendered":"Controlo Remoto de R\u00e1dio Mz para Cima-Baixo com 2 Bot\u00f5es e Contador de Corrente"},"content":{"rendered":"<p>Controlo Remoto de R\u00e1dio Mz para Cima-Baixo com 2 Bot\u00f5es e Contador de Corrente &#8211; <\/p>\n<p>Contador de corrente port\u00e1til controlado por r\u00e1dio para guinchos e at\u00e9 dois propulsores. Exibe a velocidade e os metros de corrente solta sem bra\u00e7adeiras, plugs ou pain\u00e9is, proporcionando liberdade de manobra durante as opera\u00e7\u00f5es de anclagem. Completo com bateria recarreg\u00e1vel e base de carregamento por indu\u00e7\u00e3o QI. Fonte de alimenta\u00e7\u00e3o de 10-30V, prote\u00e7\u00e3o IP67, dimens\u00f5es 170 x 80 x 50 mm. Dimens\u00f5es do receptor: 150 x 110 x 75 mm.<\/p>\n","protected":false},"excerpt":{"rendered":"<p>Controlo Remoto de R\u00e1dio Mz para Cima-Baixo com 2 Bot\u00f5es e Contador de Corrente &#8211; Contador de corrente port\u00e1til controlado<\/p>\n","protected":false},"featured_media":5940820,"comment_status":"open","ping_status":"closed","template":"","meta":[],"product_brand":[3162],"product_cat":[1898],"product_tag":[],"class_list":{"0":"post-747919","1":"product","2":"type-product","3":"status-publish","4":"has-post-thumbnail","6":"product_brand-mz-electronic-pt","7":"product_cat-molinetes-quick-amarracao-e-fundear","9":"first","10":"instock","11":"shipping-taxable","12":"purchasable","13":"product-type-simple"},"_links":{"self":[{"href":"https:\/\/stoic-curie.212-227-153-4.plesk.page\/pt\/wp-json\/wp\/v2\/product\/747919","targetHints":{"allow":["GET"]}}],"collection":[{"href":"https:\/\/stoic-curie.212-227-153-4.plesk.page\/pt\/wp-json\/wp\/v2\/product"}],"about":[{"href":"https:\/\/stoic-curie.212-227-153-4.plesk.page\/pt\/wp-json\/wp\/v2\/types\/product"}],"replies":[{"embeddable":true,"href":"https:\/\/stoic-curie.212-227-153-4.plesk.page\/pt\/wp-json\/wp\/v2\/comments?post=747919"}],"version-history":[{"count":0,"href":"https:\/\/stoic-curie.212-227-153-4.plesk.page\/pt\/wp-json\/wp\/v2\/product\/747919\/revisions"}],"wp:featuredmedia":[{"embeddable":true,"href":"https:\/\/stoic-curie.212-227-153-4.plesk.page\/pt\/wp-json\/wp\/v2\/media\/5940820"}],"wp:attachment":[{"href":"https:\/\/stoic-curie.212-227-153-4.plesk.page\/pt\/wp-json\/wp\/v2\/media?parent=747919"}],"wp:term":[{"taxonomy":"product_brand","embeddable":true,"href":"https:\/\/stoic-curie.212-227-153-4.plesk.page\/pt\/wp-json\/wp\/v2\/product_brand?post=747919"},{"taxonomy":"product_cat","embeddable":true,"href":"https:\/\/stoic-curie.212-227-153-4.plesk.page\/pt\/wp-json\/wp\/v2\/product_cat?post=747919"},{"taxonomy":"product_tag","embeddable":true,"href":"https:\/\/stoic-curie.212-227-153-4.plesk.page\/pt\/wp-json\/wp\/v2\/product_tag?post=747919"}],"curies":[{"name":"wp","href":"https:\/\/api.w.org\/{rel}","templated":true}]}}