{"id":747920,"date":"2025-03-03T21:01:28","date_gmt":"2025-03-03T20:01:28","guid":{"rendered":"https:\/\/stoic-curie.212-227-153-4.plesk.page\/producto\/painel-do-contador-de-corrente-mz\/"},"modified":"2026-02-25T00:27:55","modified_gmt":"2026-02-25T00:27:55","slug":"painel-do-contador-de-corrente-mz","status":"publish","type":"product","link":"https:\/\/stoic-curie.212-227-153-4.plesk.page\/pt\/product\/painel-do-contador-de-corrente-mz\/","title":{"rendered":"Painel do Contador de Corrente Mz"},"content":{"rendered":"<p>Painel do Contador de Corrente Mz &#8211; <\/p>\n<p>Painel do contador de corrente, conta o comprimento da corrente solta. Pequeno e compacto, pode ser montado em todos os guinchos. Caixa com prote\u00e7\u00e3o IP56. Fonte de alimenta\u00e7\u00e3o universal 12\/24V. Dimens\u00f5es: 60 x 60 x 18 mm.<\/p>\n","protected":false},"excerpt":{"rendered":"<p>Painel do Contador de Corrente Mz &#8211; Painel do contador de corrente, conta o comprimento da corrente solta. Pequeno e<\/p>\n","protected":false},"featured_media":5940821,"comment_status":"open","ping_status":"closed","template":"","meta":[],"product_brand":[3162],"product_cat":[1898],"product_tag":[],"class_list":{"0":"post-747920","1":"product","2":"type-product","3":"status-publish","4":"has-post-thumbnail","6":"product_brand-mz-electronic-pt","7":"product_cat-molinetes-quick-amarracao-e-fundear","9":"first","10":"instock","11":"shipping-taxable","12":"purchasable","13":"product-type-simple"},"_links":{"self":[{"href":"https:\/\/stoic-curie.212-227-153-4.plesk.page\/pt\/wp-json\/wp\/v2\/product\/747920","targetHints":{"allow":["GET"]}}],"collection":[{"href":"https:\/\/stoic-curie.212-227-153-4.plesk.page\/pt\/wp-json\/wp\/v2\/product"}],"about":[{"href":"https:\/\/stoic-curie.212-227-153-4.plesk.page\/pt\/wp-json\/wp\/v2\/types\/product"}],"replies":[{"embeddable":true,"href":"https:\/\/stoic-curie.212-227-153-4.plesk.page\/pt\/wp-json\/wp\/v2\/comments?post=747920"}],"version-history":[{"count":0,"href":"https:\/\/stoic-curie.212-227-153-4.plesk.page\/pt\/wp-json\/wp\/v2\/product\/747920\/revisions"}],"wp:featuredmedia":[{"embeddable":true,"href":"https:\/\/stoic-curie.212-227-153-4.plesk.page\/pt\/wp-json\/wp\/v2\/media\/5940821"}],"wp:attachment":[{"href":"https:\/\/stoic-curie.212-227-153-4.plesk.page\/pt\/wp-json\/wp\/v2\/media?parent=747920"}],"wp:term":[{"taxonomy":"product_brand","embeddable":true,"href":"https:\/\/stoic-curie.212-227-153-4.plesk.page\/pt\/wp-json\/wp\/v2\/product_brand?post=747920"},{"taxonomy":"product_cat","embeddable":true,"href":"https:\/\/stoic-curie.212-227-153-4.plesk.page\/pt\/wp-json\/wp\/v2\/product_cat?post=747920"},{"taxonomy":"product_tag","embeddable":true,"href":"https:\/\/stoic-curie.212-227-153-4.plesk.page\/pt\/wp-json\/wp\/v2\/product_tag?post=747920"}],"curies":[{"name":"wp","href":"https:\/\/api.w.org\/{rel}","templated":true}]}}