{"id":747924,"date":"2025-03-03T21:01:29","date_gmt":"2025-03-03T20:01:29","guid":{"rendered":"https:\/\/stoic-curie.212-227-153-4.plesk.page\/producto\/sensor-de-contador-de-corrente-mz\/"},"modified":"2026-02-25T00:27:55","modified_gmt":"2026-02-25T00:27:55","slug":"sensor-de-contador-de-corrente-mz","status":"publish","type":"product","link":"https:\/\/stoic-curie.212-227-153-4.plesk.page\/pt\/product\/sensor-de-contador-de-corrente-mz\/","title":{"rendered":"Sensor de Contador de Corrente Mz"},"content":{"rendered":"<p>Sensor de Contador de Corrente Mz &#8211; <\/p>\n<p>Painel contador de corrente de guincho de controle remoto, conta o comprimento da corrente solta sem bra\u00e7adeiras, garantindo toda a liberdade de manobra durante as opera\u00e7\u00f5es de ancoragem. Montagem f\u00e1cil com conex\u00e3o direta \u00e0 bateria. Estojo protegido com IP56. Dimens\u00f5es 100 x 100 x 18 mm.<\/p>\n","protected":false},"excerpt":{"rendered":"<p>Sensor de Contador de Corrente Mz &#8211; Painel contador de corrente de guincho de controle remoto, conta o comprimento da<\/p>\n","protected":false},"featured_media":5940846,"comment_status":"open","ping_status":"closed","template":"","meta":[],"product_brand":[2263,3162],"product_cat":[1898],"product_tag":[],"class_list":{"0":"post-747924","1":"product","2":"type-product","3":"status-publish","4":"has-post-thumbnail","6":"product_brand-mz-electronic","7":"product_brand-mz-electronic-pt","8":"product_cat-molinetes-quick-amarracao-e-fundear","10":"first","11":"instock","12":"shipping-taxable","13":"purchasable","14":"product-type-simple"},"_links":{"self":[{"href":"https:\/\/stoic-curie.212-227-153-4.plesk.page\/pt\/wp-json\/wp\/v2\/product\/747924","targetHints":{"allow":["GET"]}}],"collection":[{"href":"https:\/\/stoic-curie.212-227-153-4.plesk.page\/pt\/wp-json\/wp\/v2\/product"}],"about":[{"href":"https:\/\/stoic-curie.212-227-153-4.plesk.page\/pt\/wp-json\/wp\/v2\/types\/product"}],"replies":[{"embeddable":true,"href":"https:\/\/stoic-curie.212-227-153-4.plesk.page\/pt\/wp-json\/wp\/v2\/comments?post=747924"}],"version-history":[{"count":0,"href":"https:\/\/stoic-curie.212-227-153-4.plesk.page\/pt\/wp-json\/wp\/v2\/product\/747924\/revisions"}],"wp:featuredmedia":[{"embeddable":true,"href":"https:\/\/stoic-curie.212-227-153-4.plesk.page\/pt\/wp-json\/wp\/v2\/media\/5940846"}],"wp:attachment":[{"href":"https:\/\/stoic-curie.212-227-153-4.plesk.page\/pt\/wp-json\/wp\/v2\/media?parent=747924"}],"wp:term":[{"taxonomy":"product_brand","embeddable":true,"href":"https:\/\/stoic-curie.212-227-153-4.plesk.page\/pt\/wp-json\/wp\/v2\/product_brand?post=747924"},{"taxonomy":"product_cat","embeddable":true,"href":"https:\/\/stoic-curie.212-227-153-4.plesk.page\/pt\/wp-json\/wp\/v2\/product_cat?post=747924"},{"taxonomy":"product_tag","embeddable":true,"href":"https:\/\/stoic-curie.212-227-153-4.plesk.page\/pt\/wp-json\/wp\/v2\/product_tag?post=747924"}],"curies":[{"name":"wp","href":"https:\/\/api.w.org\/{rel}","templated":true}]}}