{"id":747927,"date":"2025-03-03T21:01:30","date_gmt":"2025-03-03T20:01:30","guid":{"rendered":"https:\/\/stoic-curie.212-227-153-4.plesk.page\/producto\/valvula-misturadora-para-aquecedores-de-agua-quick\/"},"modified":"2026-02-25T00:27:55","modified_gmt":"2026-02-25T00:27:55","slug":"valvula-misturadora-para-aquecedores-de-agua-quick","status":"publish","type":"product","link":"https:\/\/stoic-curie.212-227-153-4.plesk.page\/pt\/product\/valvula-misturadora-para-aquecedores-de-agua-quick\/","title":{"rendered":"V\u00e1lvula Misturadora para Aquecedores de \u00c1gua Quick"},"content":{"rendered":"<p>V\u00e1lvula Misturadora para Aquecedores de \u00c1gua Quick &#8211; <\/p>\n<p>Esquentador de \u00e1gua Nautic fino projetado para uso mar\u00edtimo. Funciona \u00e0 beira-mar ou com um gerador com resist\u00eancia el\u00e9trica de 1200W-220V ou, gra\u00e7as a um trocador de calor de tipo envolvente especial, com o circuito de refrigera\u00e7\u00e3o do motor. Mant\u00e9m a \u00e1gua pot\u00e1vel. Anodo contra efeito de eletr\u00f3lise inclu\u00eddo. Tanque de a\u00e7o inoxid\u00e1vel 316 e revestimento isolante. Garantia de 3 anos. Deve ser complementado com um kit de v\u00e1lvula de mistura.<\/p>\n","protected":false},"excerpt":{"rendered":"<p>V\u00e1lvula Misturadora para Aquecedores de \u00c1gua Quick &#8211; Esquentador de \u00e1gua Nautic fino projetado para uso mar\u00edtimo. Funciona \u00e0 beira-mar<\/p>\n","protected":false},"featured_media":5940856,"comment_status":"open","ping_status":"closed","template":"","meta":[],"product_brand":[3282],"product_cat":[1938],"product_tag":[],"class_list":{"0":"post-747927","1":"product","2":"type-product","3":"status-publish","4":"has-post-thumbnail","6":"product_brand-quick-pt","7":"product_cat-aquecedores-de-agua","9":"first","10":"instock","11":"shipping-taxable","12":"purchasable","13":"product-type-simple"},"_links":{"self":[{"href":"https:\/\/stoic-curie.212-227-153-4.plesk.page\/pt\/wp-json\/wp\/v2\/product\/747927","targetHints":{"allow":["GET"]}}],"collection":[{"href":"https:\/\/stoic-curie.212-227-153-4.plesk.page\/pt\/wp-json\/wp\/v2\/product"}],"about":[{"href":"https:\/\/stoic-curie.212-227-153-4.plesk.page\/pt\/wp-json\/wp\/v2\/types\/product"}],"replies":[{"embeddable":true,"href":"https:\/\/stoic-curie.212-227-153-4.plesk.page\/pt\/wp-json\/wp\/v2\/comments?post=747927"}],"version-history":[{"count":0,"href":"https:\/\/stoic-curie.212-227-153-4.plesk.page\/pt\/wp-json\/wp\/v2\/product\/747927\/revisions"}],"wp:featuredmedia":[{"embeddable":true,"href":"https:\/\/stoic-curie.212-227-153-4.plesk.page\/pt\/wp-json\/wp\/v2\/media\/5940856"}],"wp:attachment":[{"href":"https:\/\/stoic-curie.212-227-153-4.plesk.page\/pt\/wp-json\/wp\/v2\/media?parent=747927"}],"wp:term":[{"taxonomy":"product_brand","embeddable":true,"href":"https:\/\/stoic-curie.212-227-153-4.plesk.page\/pt\/wp-json\/wp\/v2\/product_brand?post=747927"},{"taxonomy":"product_cat","embeddable":true,"href":"https:\/\/stoic-curie.212-227-153-4.plesk.page\/pt\/wp-json\/wp\/v2\/product_cat?post=747927"},{"taxonomy":"product_tag","embeddable":true,"href":"https:\/\/stoic-curie.212-227-153-4.plesk.page\/pt\/wp-json\/wp\/v2\/product_tag?post=747927"}],"curies":[{"name":"wp","href":"https:\/\/api.w.org\/{rel}","templated":true}]}}