{"id":747928,"date":"2025-03-03T21:01:31","date_gmt":"2025-03-03T20:01:31","guid":{"rendered":"https:\/\/stoic-curie.212-227-153-4.plesk.page\/producto\/comando-remoto-de-radio-portatil-com-4-botoes-para-propulsores-de-proa-quick\/"},"modified":"2026-02-25T00:27:55","modified_gmt":"2026-02-25T00:27:55","slug":"comando-remoto-de-radio-portatil-com-4-botoes-para-propulsores-de-proa-quick","status":"publish","type":"product","link":"https:\/\/stoic-curie.212-227-153-4.plesk.page\/pt\/product\/comando-remoto-de-radio-portatil-com-4-botoes-para-propulsores-de-proa-quick\/","title":{"rendered":"Comando Remoto de R\u00e1dio Port\u00e1til com 4 Bot\u00f5es para Propulsores de Proa Quick"},"content":{"rendered":"<p>Comando Remoto de R\u00e1dio Port\u00e1til com 4 Bot\u00f5es para Propulsores de Proa Quick &#8211; <\/p>\n<p>Controles remoto port\u00e1teis e de m\u00e3o para propulsores de proa Quick. Flutuante, prote\u00e7\u00e3o IP67 e indicador LED. O transmissor manual \u00e9 dotado de um inv\u00f3lucro de borracha \u00e0 prova de choque e teclado retroiluminado em silicone. Pode funcionar com baterias recarreg\u00e1veis. Deve ser acompanhado por um receptor de rel\u00e9 de 4 ou 6 de acordo com os bot\u00f5es do transmissor.<\/p>\n","protected":false},"excerpt":{"rendered":"<p>Comando Remoto de R\u00e1dio Port\u00e1til com 4 Bot\u00f5es para Propulsores de Proa Quick &#8211; Controles remoto port\u00e1teis e de m\u00e3o<\/p>\n","protected":false},"featured_media":5940858,"comment_status":"open","ping_status":"closed","template":"","meta":[],"product_brand":[3282],"product_cat":[1897],"product_tag":[],"class_list":{"0":"post-747928","1":"product","2":"type-product","3":"status-publish","4":"has-post-thumbnail","6":"product_brand-quick-pt","7":"product_cat-motores-de-proa-quick","9":"first","10":"instock","11":"shipping-taxable","12":"purchasable","13":"product-type-simple"},"_links":{"self":[{"href":"https:\/\/stoic-curie.212-227-153-4.plesk.page\/pt\/wp-json\/wp\/v2\/product\/747928","targetHints":{"allow":["GET"]}}],"collection":[{"href":"https:\/\/stoic-curie.212-227-153-4.plesk.page\/pt\/wp-json\/wp\/v2\/product"}],"about":[{"href":"https:\/\/stoic-curie.212-227-153-4.plesk.page\/pt\/wp-json\/wp\/v2\/types\/product"}],"replies":[{"embeddable":true,"href":"https:\/\/stoic-curie.212-227-153-4.plesk.page\/pt\/wp-json\/wp\/v2\/comments?post=747928"}],"version-history":[{"count":0,"href":"https:\/\/stoic-curie.212-227-153-4.plesk.page\/pt\/wp-json\/wp\/v2\/product\/747928\/revisions"}],"wp:featuredmedia":[{"embeddable":true,"href":"https:\/\/stoic-curie.212-227-153-4.plesk.page\/pt\/wp-json\/wp\/v2\/media\/5940858"}],"wp:attachment":[{"href":"https:\/\/stoic-curie.212-227-153-4.plesk.page\/pt\/wp-json\/wp\/v2\/media?parent=747928"}],"wp:term":[{"taxonomy":"product_brand","embeddable":true,"href":"https:\/\/stoic-curie.212-227-153-4.plesk.page\/pt\/wp-json\/wp\/v2\/product_brand?post=747928"},{"taxonomy":"product_cat","embeddable":true,"href":"https:\/\/stoic-curie.212-227-153-4.plesk.page\/pt\/wp-json\/wp\/v2\/product_cat?post=747928"},{"taxonomy":"product_tag","embeddable":true,"href":"https:\/\/stoic-curie.212-227-153-4.plesk.page\/pt\/wp-json\/wp\/v2\/product_tag?post=747928"}],"curies":[{"name":"wp","href":"https:\/\/api.w.org\/{rel}","templated":true}]}}