{"id":747930,"date":"2025-03-03T21:01:32","date_gmt":"2025-03-03T20:01:32","guid":{"rendered":"https:\/\/stoic-curie.212-227-153-4.plesk.page\/producto\/caixa-de-reles-quick\/"},"modified":"2026-02-25T00:27:55","modified_gmt":"2026-02-25T00:27:55","slug":"caixa-de-reles-quick","status":"publish","type":"product","link":"https:\/\/stoic-curie.212-227-153-4.plesk.page\/pt\/product\/caixa-de-reles-quick\/","title":{"rendered":"Caixa de Rel\u00e9s Quick"},"content":{"rendered":"<p>Caixa de Rel\u00e9s Quick &#8211; <\/p>\n<p>Pain\u00e9is de controle r\u00e1pido TCD com bot\u00f5es ou joysticks para operar h\u00e9lices de proa. Interface de usu\u00e1rio simples e intuitiva. Fonte de alimenta\u00e7\u00e3o universal de 8-30 Vcc. Possibilidade de conectar v\u00e1rios controles TCD em paralelo. F\u00e1cil de instalar gra\u00e7as ao conector de 2 fios (extens\u00f5es opcionais). Sistema autom\u00e1tico de prioridade e desativa\u00e7\u00e3o. Prote\u00e7\u00e3o contra polaridade reversa, curto-circuito de sa\u00edda, atividade prolongada do motor e interrup\u00e7\u00e3o da fia\u00e7\u00e3o de controle do propulsor.<\/p>\n","protected":false},"excerpt":{"rendered":"<p>Caixa de Rel\u00e9s Quick &#8211; Pain\u00e9is de controle r\u00e1pido TCD com bot\u00f5es ou joysticks para operar h\u00e9lices de proa. Interface<\/p>\n","protected":false},"featured_media":5940860,"comment_status":"open","ping_status":"closed","template":"","meta":[],"product_brand":[3282],"product_cat":[1897],"product_tag":[],"class_list":{"0":"post-747930","1":"product","2":"type-product","3":"status-publish","4":"has-post-thumbnail","6":"product_brand-quick-pt","7":"product_cat-motores-de-proa-quick","9":"first","10":"instock","11":"shipping-taxable","12":"purchasable","13":"product-type-simple"},"_links":{"self":[{"href":"https:\/\/stoic-curie.212-227-153-4.plesk.page\/pt\/wp-json\/wp\/v2\/product\/747930","targetHints":{"allow":["GET"]}}],"collection":[{"href":"https:\/\/stoic-curie.212-227-153-4.plesk.page\/pt\/wp-json\/wp\/v2\/product"}],"about":[{"href":"https:\/\/stoic-curie.212-227-153-4.plesk.page\/pt\/wp-json\/wp\/v2\/types\/product"}],"replies":[{"embeddable":true,"href":"https:\/\/stoic-curie.212-227-153-4.plesk.page\/pt\/wp-json\/wp\/v2\/comments?post=747930"}],"version-history":[{"count":0,"href":"https:\/\/stoic-curie.212-227-153-4.plesk.page\/pt\/wp-json\/wp\/v2\/product\/747930\/revisions"}],"wp:featuredmedia":[{"embeddable":true,"href":"https:\/\/stoic-curie.212-227-153-4.plesk.page\/pt\/wp-json\/wp\/v2\/media\/5940860"}],"wp:attachment":[{"href":"https:\/\/stoic-curie.212-227-153-4.plesk.page\/pt\/wp-json\/wp\/v2\/media?parent=747930"}],"wp:term":[{"taxonomy":"product_brand","embeddable":true,"href":"https:\/\/stoic-curie.212-227-153-4.plesk.page\/pt\/wp-json\/wp\/v2\/product_brand?post=747930"},{"taxonomy":"product_cat","embeddable":true,"href":"https:\/\/stoic-curie.212-227-153-4.plesk.page\/pt\/wp-json\/wp\/v2\/product_cat?post=747930"},{"taxonomy":"product_tag","embeddable":true,"href":"https:\/\/stoic-curie.212-227-153-4.plesk.page\/pt\/wp-json\/wp\/v2\/product_tag?post=747930"}],"curies":[{"name":"wp","href":"https:\/\/api.w.org\/{rel}","templated":true}]}}