{"id":747942,"date":"2025-03-03T21:01:36","date_gmt":"2025-03-03T20:01:36","guid":{"rendered":"https:\/\/stoic-curie.212-227-153-4.plesk.page\/producto\/coberturas-para-motor-de-popa-fendress-cinza-60x50x50cm\/"},"modified":"2026-02-25T00:27:56","modified_gmt":"2026-02-25T00:27:56","slug":"coberturas-para-motor-de-popa-fendress-cinza-60x50x50cm","status":"publish","type":"product","link":"https:\/\/stoic-curie.212-227-153-4.plesk.page\/pt\/product\/coberturas-para-motor-de-popa-fendress-cinza-60x50x50cm\/","title":{"rendered":"Coberturas para Motor de Popa Fendress Cinza 60x50x50cm"},"content":{"rendered":"<p>Coberturas para Motor de Popa Fendress Cinza 60x50x50cm &#8211; <\/p>\n<p>Capas de motor exterior de qualidade premium, feitas do mesmo tecido utilizado para capas de fenders Fendress, que s\u00e3o macias e robustas. Protege contra o desgaste, intemp\u00e9ries, colis\u00f5es, arranh\u00f5es, raios UV e pode at\u00e9 ser deixada no motor exterior enquanto navega. As capas Fenboard s\u00e3o feitas de um tecido respir\u00e1vel (n\u00e3o criam condensa\u00e7\u00e3o) e n\u00e3o desbotam. Lav\u00e1veis na m\u00e1quina e de secagem r\u00e1pida. Com a capa Fendboard, seu motor de popa permanecer\u00e1 como novo por mais tempo.<\/p>\n","protected":false},"excerpt":{"rendered":"<p>Coberturas para Motor de Popa Fendress Cinza 60x50x50cm &#8211; Capas de motor exterior de qualidade premium, feitas do mesmo tecido<\/p>\n","protected":false},"featured_media":5936878,"comment_status":"open","ping_status":"closed","template":"","meta":[],"product_brand":[2937],"product_cat":[2114,1970],"product_tag":[],"class_list":{"0":"post-747942","1":"product","2":"type-product","3":"status-publish","4":"has-post-thumbnail","6":"product_brand-fendress-pt","7":"product_cat-acessorios-para-motores-fora-de-bordo","8":"product_cat-capas-e-protecoes","10":"first","11":"instock","12":"shipping-taxable","13":"purchasable","14":"product-type-simple"},"_links":{"self":[{"href":"https:\/\/stoic-curie.212-227-153-4.plesk.page\/pt\/wp-json\/wp\/v2\/product\/747942","targetHints":{"allow":["GET"]}}],"collection":[{"href":"https:\/\/stoic-curie.212-227-153-4.plesk.page\/pt\/wp-json\/wp\/v2\/product"}],"about":[{"href":"https:\/\/stoic-curie.212-227-153-4.plesk.page\/pt\/wp-json\/wp\/v2\/types\/product"}],"replies":[{"embeddable":true,"href":"https:\/\/stoic-curie.212-227-153-4.plesk.page\/pt\/wp-json\/wp\/v2\/comments?post=747942"}],"version-history":[{"count":0,"href":"https:\/\/stoic-curie.212-227-153-4.plesk.page\/pt\/wp-json\/wp\/v2\/product\/747942\/revisions"}],"wp:featuredmedia":[{"embeddable":true,"href":"https:\/\/stoic-curie.212-227-153-4.plesk.page\/pt\/wp-json\/wp\/v2\/media\/5936878"}],"wp:attachment":[{"href":"https:\/\/stoic-curie.212-227-153-4.plesk.page\/pt\/wp-json\/wp\/v2\/media?parent=747942"}],"wp:term":[{"taxonomy":"product_brand","embeddable":true,"href":"https:\/\/stoic-curie.212-227-153-4.plesk.page\/pt\/wp-json\/wp\/v2\/product_brand?post=747942"},{"taxonomy":"product_cat","embeddable":true,"href":"https:\/\/stoic-curie.212-227-153-4.plesk.page\/pt\/wp-json\/wp\/v2\/product_cat?post=747942"},{"taxonomy":"product_tag","embeddable":true,"href":"https:\/\/stoic-curie.212-227-153-4.plesk.page\/pt\/wp-json\/wp\/v2\/product_tag?post=747942"}],"curies":[{"name":"wp","href":"https:\/\/api.w.org\/{rel}","templated":true}]}}