{"id":747945,"date":"2025-03-03T21:01:37","date_gmt":"2025-03-03T20:01:37","guid":{"rendered":"https:\/\/stoic-curie.212-227-153-4.plesk.page\/producto\/torneira-misturadora-e-chuveiro-com-mangueira-de-16m\/"},"modified":"2026-02-25T00:27:56","modified_gmt":"2026-02-25T00:27:56","slug":"torneira-misturadora-e-chuveiro-com-mangueira-de-16m","status":"publish","type":"product","link":"https:\/\/stoic-curie.212-227-153-4.plesk.page\/pt\/product\/torneira-misturadora-e-chuveiro-com-mangueira-de-16m\/","title":{"rendered":"Torneira Misturadora e Chuveiro com Mangueira de 1,6m"},"content":{"rendered":"<p>Torneira Misturadora e Chuveiro com Mangueira de 1,6m &#8211; <\/p>\n<p>Monocomando de pia com bica girat\u00f3ria e chuveiro destac\u00e1vel. Mangueira flex\u00edvel de 1,6 m.<\/p>\n","protected":false},"excerpt":{"rendered":"<p>Torneira Misturadora e Chuveiro com Mangueira de 1,6m &#8211; Monocomando de pia com bica girat\u00f3ria e chuveiro destac\u00e1vel. Mangueira flex\u00edvel<\/p>\n","protected":false},"featured_media":5941024,"comment_status":"open","ping_status":"closed","template":"","meta":[],"product_brand":[3202],"product_cat":[1939,1963],"product_tag":[],"class_list":{"0":"post-747945","1":"product","2":"type-product","3":"status-publish","4":"has-post-thumbnail","6":"product_brand-nobili-pt","7":"product_cat-chuveiros","8":"product_cat-torneiras","10":"first","11":"instock","12":"shipping-taxable","13":"purchasable","14":"product-type-simple"},"_links":{"self":[{"href":"https:\/\/stoic-curie.212-227-153-4.plesk.page\/pt\/wp-json\/wp\/v2\/product\/747945","targetHints":{"allow":["GET"]}}],"collection":[{"href":"https:\/\/stoic-curie.212-227-153-4.plesk.page\/pt\/wp-json\/wp\/v2\/product"}],"about":[{"href":"https:\/\/stoic-curie.212-227-153-4.plesk.page\/pt\/wp-json\/wp\/v2\/types\/product"}],"replies":[{"embeddable":true,"href":"https:\/\/stoic-curie.212-227-153-4.plesk.page\/pt\/wp-json\/wp\/v2\/comments?post=747945"}],"version-history":[{"count":0,"href":"https:\/\/stoic-curie.212-227-153-4.plesk.page\/pt\/wp-json\/wp\/v2\/product\/747945\/revisions"}],"wp:featuredmedia":[{"embeddable":true,"href":"https:\/\/stoic-curie.212-227-153-4.plesk.page\/pt\/wp-json\/wp\/v2\/media\/5941024"}],"wp:attachment":[{"href":"https:\/\/stoic-curie.212-227-153-4.plesk.page\/pt\/wp-json\/wp\/v2\/media?parent=747945"}],"wp:term":[{"taxonomy":"product_brand","embeddable":true,"href":"https:\/\/stoic-curie.212-227-153-4.plesk.page\/pt\/wp-json\/wp\/v2\/product_brand?post=747945"},{"taxonomy":"product_cat","embeddable":true,"href":"https:\/\/stoic-curie.212-227-153-4.plesk.page\/pt\/wp-json\/wp\/v2\/product_cat?post=747945"},{"taxonomy":"product_tag","embeddable":true,"href":"https:\/\/stoic-curie.212-227-153-4.plesk.page\/pt\/wp-json\/wp\/v2\/product_tag?post=747945"}],"curies":[{"name":"wp","href":"https:\/\/api.w.org\/{rel}","templated":true}]}}