{"id":747948,"date":"2025-03-03T21:01:38","date_gmt":"2025-03-03T20:01:38","guid":{"rendered":"https:\/\/stoic-curie.212-227-153-4.plesk.page\/producto\/pedestal-de-assento-ajustavel-a-gas-mod-ocean-h460-635mm-base-300mm\/"},"modified":"2026-02-25T00:27:56","modified_gmt":"2026-02-25T00:27:56","slug":"pedestal-de-assento-ajustavel-a-gas-mod-ocean-h460-635mm-base-300mm","status":"publish","type":"product","link":"https:\/\/stoic-curie.212-227-153-4.plesk.page\/pt\/product\/pedestal-de-assento-ajustavel-a-gas-mod-ocean-h460-635mm-base-300mm\/","title":{"rendered":"Pedestal de Assento Ajust\u00e1vel a G\u00e1s Mod. Ocean H460\/635mm Base 300mm"},"content":{"rendered":"<p>Pedestal de Assento Ajust\u00e1vel a G\u00e1s Mod. Ocean H460\/635mm Base 300mm &#8211; <\/p>\n<p>Pedestal de assento em alum\u00ednio anodizado acionado por ar do oceano com ajuste de altura a g\u00e1s. Parte superior de montagem girat\u00f3ria e sistema deslizante. Elegante e muito robusto, montagem universal para todos os assentos.<\/p>\n","protected":false},"excerpt":{"rendered":"<p>Pedestal de Assento Ajust\u00e1vel a G\u00e1s Mod. Ocean H460\/635mm Base 300mm &#8211; Pedestal de assento em alum\u00ednio anodizado acionado por<\/p>\n","protected":false},"featured_media":5941027,"comment_status":"open","ping_status":"closed","template":"","meta":[],"product_brand":[2967],"product_cat":[1965,1985],"product_tag":[],"class_list":{"0":"post-747948","1":"product","2":"type-product","3":"status-publish","4":"has-post-thumbnail","6":"product_brand-garelick-pt","7":"product_cat-assentos","8":"product_cat-pedestais-de-assento","10":"first","11":"instock","12":"shipping-taxable","13":"purchasable","14":"product-type-simple"},"_links":{"self":[{"href":"https:\/\/stoic-curie.212-227-153-4.plesk.page\/pt\/wp-json\/wp\/v2\/product\/747948","targetHints":{"allow":["GET"]}}],"collection":[{"href":"https:\/\/stoic-curie.212-227-153-4.plesk.page\/pt\/wp-json\/wp\/v2\/product"}],"about":[{"href":"https:\/\/stoic-curie.212-227-153-4.plesk.page\/pt\/wp-json\/wp\/v2\/types\/product"}],"replies":[{"embeddable":true,"href":"https:\/\/stoic-curie.212-227-153-4.plesk.page\/pt\/wp-json\/wp\/v2\/comments?post=747948"}],"version-history":[{"count":0,"href":"https:\/\/stoic-curie.212-227-153-4.plesk.page\/pt\/wp-json\/wp\/v2\/product\/747948\/revisions"}],"wp:featuredmedia":[{"embeddable":true,"href":"https:\/\/stoic-curie.212-227-153-4.plesk.page\/pt\/wp-json\/wp\/v2\/media\/5941027"}],"wp:attachment":[{"href":"https:\/\/stoic-curie.212-227-153-4.plesk.page\/pt\/wp-json\/wp\/v2\/media?parent=747948"}],"wp:term":[{"taxonomy":"product_brand","embeddable":true,"href":"https:\/\/stoic-curie.212-227-153-4.plesk.page\/pt\/wp-json\/wp\/v2\/product_brand?post=747948"},{"taxonomy":"product_cat","embeddable":true,"href":"https:\/\/stoic-curie.212-227-153-4.plesk.page\/pt\/wp-json\/wp\/v2\/product_cat?post=747948"},{"taxonomy":"product_tag","embeddable":true,"href":"https:\/\/stoic-curie.212-227-153-4.plesk.page\/pt\/wp-json\/wp\/v2\/product_tag?post=747948"}],"curies":[{"name":"wp","href":"https:\/\/api.w.org\/{rel}","templated":true}]}}