{"id":747951,"date":"2025-03-03T21:01:39","date_gmt":"2025-03-03T20:01:39","guid":{"rendered":"https:\/\/stoic-curie.212-227-153-4.plesk.page\/producto\/bomba-de-pressao-de-agua-johnson-bomba-de-agua-wps-2-4-12v-9-lt-por-minuto\/"},"modified":"2026-02-25T00:27:56","modified_gmt":"2026-02-25T00:27:56","slug":"bomba-de-pressao-de-agua-johnson-bomba-de-agua-wps-2-4-12v-9-lt-por-minuto","status":"publish","type":"product","link":"https:\/\/stoic-curie.212-227-153-4.plesk.page\/pt\/product\/bomba-de-pressao-de-agua-johnson-bomba-de-agua-wps-2-4-12v-9-lt-por-minuto\/","title":{"rendered":"Bomba de Press\u00e3o de \u00c1gua Johnson Bomba de \u00e1gua WPS 2.4 12v 9 lt por minuto"},"content":{"rendered":"<p>Bomba de Press\u00e3o de \u00c1gua Johnson Bomba de \u00e1gua WPS 2.4 12v 9 lt por minuto &#8211; <\/p>\n<p>Bombas de press\u00e3o de \u00e1gua doce Johnson Aqua Jet para pias e chuveiros, de 1 a 3 utilit\u00e1rios. Silenciosas e confi\u00e1veis, garantem anos de servi\u00e7o.<\/p>\n","protected":false},"excerpt":{"rendered":"<p>Bomba de Press\u00e3o de \u00c1gua Johnson Bomba de \u00e1gua WPS 2.4 12v 9 lt por minuto &#8211; Bombas de press\u00e3o<\/p>\n","protected":false},"featured_media":5939053,"comment_status":"open","ping_status":"closed","template":"","meta":[],"product_brand":[3047],"product_cat":[1947],"product_tag":[],"class_list":{"0":"post-747951","1":"product","2":"type-product","3":"status-publish","4":"has-post-thumbnail","6":"product_brand-johnson-marine-pt","7":"product_cat-bombas-de-pressao-de-agua","9":"first","10":"instock","11":"shipping-taxable","12":"purchasable","13":"product-type-simple"},"_links":{"self":[{"href":"https:\/\/stoic-curie.212-227-153-4.plesk.page\/pt\/wp-json\/wp\/v2\/product\/747951","targetHints":{"allow":["GET"]}}],"collection":[{"href":"https:\/\/stoic-curie.212-227-153-4.plesk.page\/pt\/wp-json\/wp\/v2\/product"}],"about":[{"href":"https:\/\/stoic-curie.212-227-153-4.plesk.page\/pt\/wp-json\/wp\/v2\/types\/product"}],"replies":[{"embeddable":true,"href":"https:\/\/stoic-curie.212-227-153-4.plesk.page\/pt\/wp-json\/wp\/v2\/comments?post=747951"}],"version-history":[{"count":0,"href":"https:\/\/stoic-curie.212-227-153-4.plesk.page\/pt\/wp-json\/wp\/v2\/product\/747951\/revisions"}],"wp:featuredmedia":[{"embeddable":true,"href":"https:\/\/stoic-curie.212-227-153-4.plesk.page\/pt\/wp-json\/wp\/v2\/media\/5939053"}],"wp:attachment":[{"href":"https:\/\/stoic-curie.212-227-153-4.plesk.page\/pt\/wp-json\/wp\/v2\/media?parent=747951"}],"wp:term":[{"taxonomy":"product_brand","embeddable":true,"href":"https:\/\/stoic-curie.212-227-153-4.plesk.page\/pt\/wp-json\/wp\/v2\/product_brand?post=747951"},{"taxonomy":"product_cat","embeddable":true,"href":"https:\/\/stoic-curie.212-227-153-4.plesk.page\/pt\/wp-json\/wp\/v2\/product_cat?post=747951"},{"taxonomy":"product_tag","embeddable":true,"href":"https:\/\/stoic-curie.212-227-153-4.plesk.page\/pt\/wp-json\/wp\/v2\/product_tag?post=747951"}],"curies":[{"name":"wp","href":"https:\/\/api.w.org\/{rel}","templated":true}]}}