{"id":747952,"date":"2025-03-03T21:01:40","date_gmt":"2025-03-03T20:01:40","guid":{"rendered":"https:\/\/stoic-curie.212-227-153-4.plesk.page\/producto\/tanque-de-agua-can-sb-160lt-esquerda\/"},"modified":"2026-02-25T00:27:56","modified_gmt":"2026-02-25T00:27:56","slug":"tanque-de-agua-can-sb-160lt-esquerda","status":"publish","type":"product","link":"https:\/\/stoic-curie.212-227-153-4.plesk.page\/pt\/product\/tanque-de-agua-can-sb-160lt-esquerda\/","title":{"rendered":"Tanque de \u00c1gua CAN-SB 160lt (ESQUERDA)"},"content":{"rendered":"<p>Tanque de \u00c1gua CAN-SB 160lt (ESQUERDA) &#8211; <\/p>\n<p style=\"color: rgb(34, 34, 34); font-family: Arial, Helvetica, sans-serif; font-size: small;\">Apresentamos o tanque de \u00e1gua CAN-SB 160lt (ESQUERDA). Este tanque vers\u00e1til \u00e9 ideal para armazenar \u00e1gua doce e \u00e1guas residuais. Possui um suplemento duplo, um tubo mergulhador e um conector de mangueira rotativo de 38 mm. Feito de polietileno de alta densidade, este tanque pode armazenar \u00e1gua doce, \u00e1gua salgada, \u00e1gua cinza e \u00e1gua negra. O polietileno \u00e9 um material leve e n\u00e3o t\u00f3xico, conhecido por sua resist\u00eancia e durabilidade frente ao estresse mec\u00e2nico e qu\u00edmico.<\/p>\n<p style=\"color: rgb(34, 34, 34); font-family: Arial, Helvetica, sans-serif; font-size: small;\">Nossos tanques de polietileno de alta densidade s\u00e3o projetados para \u00e1gua pot\u00e1vel, armazenamento de alimentos e coleta de \u00e1gua da chuva ou \u00e1guas residuais. Constru\u00eddos com polietileno linear seguro e n\u00e3o t\u00f3xico, esses tanques cumprem todas as regulamenta\u00e7\u00f5es e normas relevantes. O processo de moldagem rotacional, combinado com polietileno linear de alta densidade, garante excelente resist\u00eancia a impactos e prote\u00e7\u00e3o contra exposi\u00e7\u00e3o qu\u00edmica, tornando-os dur\u00e1veis em temperaturas extremas, condi\u00e7\u00f5es clim\u00e1ticas adversas e raios UV.<\/p>\n","protected":false},"excerpt":{"rendered":"<p>Tanque de \u00c1gua CAN-SB 160lt (ESQUERDA) &#8211; Apresentamos o tanque de \u00e1gua CAN-SB 160lt (ESQUERDA). Este tanque vers\u00e1til \u00e9 ideal<\/p>\n","protected":false},"featured_media":5941044,"comment_status":"open","ping_status":"closed","template":"","meta":[],"product_brand":[2857],"product_cat":[1951],"product_tag":[],"class_list":{"0":"post-747952","1":"product","2":"type-product","3":"status-publish","4":"has-post-thumbnail","6":"product_brand-can-marine-pt","7":"product_cat-tanques-de-agua","9":"first","10":"instock","11":"shipping-taxable","12":"purchasable","13":"product-type-simple"},"_links":{"self":[{"href":"https:\/\/stoic-curie.212-227-153-4.plesk.page\/pt\/wp-json\/wp\/v2\/product\/747952","targetHints":{"allow":["GET"]}}],"collection":[{"href":"https:\/\/stoic-curie.212-227-153-4.plesk.page\/pt\/wp-json\/wp\/v2\/product"}],"about":[{"href":"https:\/\/stoic-curie.212-227-153-4.plesk.page\/pt\/wp-json\/wp\/v2\/types\/product"}],"replies":[{"embeddable":true,"href":"https:\/\/stoic-curie.212-227-153-4.plesk.page\/pt\/wp-json\/wp\/v2\/comments?post=747952"}],"version-history":[{"count":0,"href":"https:\/\/stoic-curie.212-227-153-4.plesk.page\/pt\/wp-json\/wp\/v2\/product\/747952\/revisions"}],"wp:featuredmedia":[{"embeddable":true,"href":"https:\/\/stoic-curie.212-227-153-4.plesk.page\/pt\/wp-json\/wp\/v2\/media\/5941044"}],"wp:attachment":[{"href":"https:\/\/stoic-curie.212-227-153-4.plesk.page\/pt\/wp-json\/wp\/v2\/media?parent=747952"}],"wp:term":[{"taxonomy":"product_brand","embeddable":true,"href":"https:\/\/stoic-curie.212-227-153-4.plesk.page\/pt\/wp-json\/wp\/v2\/product_brand?post=747952"},{"taxonomy":"product_cat","embeddable":true,"href":"https:\/\/stoic-curie.212-227-153-4.plesk.page\/pt\/wp-json\/wp\/v2\/product_cat?post=747952"},{"taxonomy":"product_tag","embeddable":true,"href":"https:\/\/stoic-curie.212-227-153-4.plesk.page\/pt\/wp-json\/wp\/v2\/product_tag?post=747952"}],"curies":[{"name":"wp","href":"https:\/\/api.w.org\/{rel}","templated":true}]}}