{"id":747953,"date":"2025-03-03T21:01:40","date_gmt":"2025-03-03T20:01:40","guid":{"rendered":"https:\/\/stoic-curie.212-227-153-4.plesk.page\/producto\/escada-telescopica-em-aco-inoxidavel-veio-unico-de-4-degraus-34-x-a112cm\/"},"modified":"2026-02-25T00:27:56","modified_gmt":"2026-02-25T00:27:56","slug":"escada-telescopica-em-aco-inoxidavel-veio-unico-de-4-degraus-34-x-a112cm","status":"publish","type":"product","link":"https:\/\/stoic-curie.212-227-153-4.plesk.page\/pt\/product\/escada-telescopica-em-aco-inoxidavel-veio-unico-de-4-degraus-34-x-a112cm\/","title":{"rendered":"Escada Telesc\u00f3pica em A\u00e7o Inoxid\u00e1vel (Veio \u00danico) de 4 Degraus 34 x A112cm"},"content":{"rendered":"<p>Escada Telesc\u00f3pica em A\u00e7o Inoxid\u00e1vel (Veio \u00danico) de 4 Degraus 34 x A112cm &#8211; <\/p>\n<p>Escadas telesc\u00f3picas dobr\u00e1veis em a\u00e7o inoxid\u00e1vel eletropolido. Acesso f\u00e1cil para nadadores ou mergulhadores com nadadeiras e equipamentos pesados, devido ao suporte central e degraus livres em ambos os lados.<\/p>\n","protected":false},"excerpt":{"rendered":"<p>Escada Telesc\u00f3pica em A\u00e7o Inoxid\u00e1vel (Veio \u00danico) de 4 Degraus 34 x A112cm &#8211; Escadas telesc\u00f3picas dobr\u00e1veis em a\u00e7o inoxid\u00e1vel<\/p>\n","protected":false},"featured_media":5941046,"comment_status":"open","ping_status":"closed","template":"","meta":[],"product_brand":[3492],"product_cat":[1905],"product_tag":[],"class_list":{"0":"post-747953","1":"product","2":"type-product","3":"status-publish","4":"has-post-thumbnail","6":"product_brand-trem-pt","7":"product_cat-escadas","9":"first","10":"instock","11":"shipping-taxable","12":"purchasable","13":"product-type-simple"},"_links":{"self":[{"href":"https:\/\/stoic-curie.212-227-153-4.plesk.page\/pt\/wp-json\/wp\/v2\/product\/747953","targetHints":{"allow":["GET"]}}],"collection":[{"href":"https:\/\/stoic-curie.212-227-153-4.plesk.page\/pt\/wp-json\/wp\/v2\/product"}],"about":[{"href":"https:\/\/stoic-curie.212-227-153-4.plesk.page\/pt\/wp-json\/wp\/v2\/types\/product"}],"replies":[{"embeddable":true,"href":"https:\/\/stoic-curie.212-227-153-4.plesk.page\/pt\/wp-json\/wp\/v2\/comments?post=747953"}],"version-history":[{"count":0,"href":"https:\/\/stoic-curie.212-227-153-4.plesk.page\/pt\/wp-json\/wp\/v2\/product\/747953\/revisions"}],"wp:featuredmedia":[{"embeddable":true,"href":"https:\/\/stoic-curie.212-227-153-4.plesk.page\/pt\/wp-json\/wp\/v2\/media\/5941046"}],"wp:attachment":[{"href":"https:\/\/stoic-curie.212-227-153-4.plesk.page\/pt\/wp-json\/wp\/v2\/media?parent=747953"}],"wp:term":[{"taxonomy":"product_brand","embeddable":true,"href":"https:\/\/stoic-curie.212-227-153-4.plesk.page\/pt\/wp-json\/wp\/v2\/product_brand?post=747953"},{"taxonomy":"product_cat","embeddable":true,"href":"https:\/\/stoic-curie.212-227-153-4.plesk.page\/pt\/wp-json\/wp\/v2\/product_cat?post=747953"},{"taxonomy":"product_tag","embeddable":true,"href":"https:\/\/stoic-curie.212-227-153-4.plesk.page\/pt\/wp-json\/wp\/v2\/product_tag?post=747953"}],"curies":[{"name":"wp","href":"https:\/\/api.w.org\/{rel}","templated":true}]}}