{"id":747954,"date":"2025-03-03T21:01:40","date_gmt":"2025-03-03T20:01:40","guid":{"rendered":"https:\/\/stoic-curie.212-227-153-4.plesk.page\/producto\/bomba-de-porao-automatica-ocean-laguna-1100-gph-12v\/"},"modified":"2026-02-25T00:27:56","modified_gmt":"2026-02-25T00:27:56","slug":"bomba-de-porao-automatica-ocean-laguna-1100-gph-12v","status":"publish","type":"product","link":"https:\/\/stoic-curie.212-227-153-4.plesk.page\/pt\/product\/bomba-de-porao-automatica-ocean-laguna-1100-gph-12v\/","title":{"rendered":"Bomba de Por\u00e3o Autom\u00e1tica Ocean Laguna 1100 GPH 12v"},"content":{"rendered":"<p>Bomba de Por\u00e3o Autom\u00e1tica Ocean Laguna 1100 GPH 12v &#8211; <\/p>\n<p>Bomba de por\u00e3o autom\u00e1tica Ocean Laguna, ativa-se automaticamente quando detecta \u00e1gua no por\u00e3o. Motor el\u00e9trico refrigerado a \u00e1gua para maior durabilidade. A base do filtro pode ser aberta para f\u00e1cil limpeza.<\/p>\n","protected":false},"excerpt":{"rendered":"<p>Bomba de Por\u00e3o Autom\u00e1tica Ocean Laguna 1100 GPH 12v &#8211; Bomba de por\u00e3o autom\u00e1tica Ocean Laguna, ativa-se automaticamente quando detecta<\/p>\n","protected":false},"featured_media":5941051,"comment_status":"open","ping_status":"closed","template":"","meta":[],"product_brand":[3142],"product_cat":[1946],"product_tag":[],"class_list":{"0":"post-747954","1":"product","2":"type-product","3":"status-publish","4":"has-post-thumbnail","6":"product_brand-matromarine-pt","7":"product_cat-bombas-eletricas-de-fundo","9":"first","10":"instock","11":"shipping-taxable","12":"purchasable","13":"product-type-simple"},"_links":{"self":[{"href":"https:\/\/stoic-curie.212-227-153-4.plesk.page\/pt\/wp-json\/wp\/v2\/product\/747954","targetHints":{"allow":["GET"]}}],"collection":[{"href":"https:\/\/stoic-curie.212-227-153-4.plesk.page\/pt\/wp-json\/wp\/v2\/product"}],"about":[{"href":"https:\/\/stoic-curie.212-227-153-4.plesk.page\/pt\/wp-json\/wp\/v2\/types\/product"}],"replies":[{"embeddable":true,"href":"https:\/\/stoic-curie.212-227-153-4.plesk.page\/pt\/wp-json\/wp\/v2\/comments?post=747954"}],"version-history":[{"count":0,"href":"https:\/\/stoic-curie.212-227-153-4.plesk.page\/pt\/wp-json\/wp\/v2\/product\/747954\/revisions"}],"wp:featuredmedia":[{"embeddable":true,"href":"https:\/\/stoic-curie.212-227-153-4.plesk.page\/pt\/wp-json\/wp\/v2\/media\/5941051"}],"wp:attachment":[{"href":"https:\/\/stoic-curie.212-227-153-4.plesk.page\/pt\/wp-json\/wp\/v2\/media?parent=747954"}],"wp:term":[{"taxonomy":"product_brand","embeddable":true,"href":"https:\/\/stoic-curie.212-227-153-4.plesk.page\/pt\/wp-json\/wp\/v2\/product_brand?post=747954"},{"taxonomy":"product_cat","embeddable":true,"href":"https:\/\/stoic-curie.212-227-153-4.plesk.page\/pt\/wp-json\/wp\/v2\/product_cat?post=747954"},{"taxonomy":"product_tag","embeddable":true,"href":"https:\/\/stoic-curie.212-227-153-4.plesk.page\/pt\/wp-json\/wp\/v2\/product_tag?post=747954"}],"curies":[{"name":"wp","href":"https:\/\/api.w.org\/{rel}","templated":true}]}}