{"id":747956,"date":"2025-03-03T21:01:41","date_gmt":"2025-03-03T20:01:41","guid":{"rendered":"https:\/\/stoic-curie.212-227-153-4.plesk.page\/producto\/bomba-autoescorvante-marco-up1-m-45l-12v\/"},"modified":"2026-02-25T00:27:56","modified_gmt":"2026-02-25T00:27:56","slug":"bomba-autoescorvante-marco-up1-m-45l-12v","status":"publish","type":"product","link":"https:\/\/stoic-curie.212-227-153-4.plesk.page\/pt\/product\/bomba-autoescorvante-marco-up1-m-45l-12v\/","title":{"rendered":"Bomba Autoescorvante Marco UP1-M 45l 12v"},"content":{"rendered":"<p>Bomba Autoescorvante Marco UP1-M 45l 12v &#8211; <\/p>\n<p>Bombas autoescorvantes Marco UP1 com impulso de nitrilo e cabe\u00e7a de lat\u00e3o cromado. Caixa imperme\u00e1vel e veda\u00e7\u00e3o \u00e0 prova d&#8217;\u00e1gua. Para bombear \u00e1gua doce, \u00e1gua salgada e \u00e1gua de por\u00e3o.<\/p>\n","protected":false},"excerpt":{"rendered":"<p>Bomba Autoescorvante Marco UP1-M 45l 12v &#8211; Bombas autoescorvantes Marco UP1 com impulso de nitrilo e cabe\u00e7a de lat\u00e3o cromado.<\/p>\n","protected":false},"featured_media":5941055,"comment_status":"open","ping_status":"closed","template":"","meta":[],"product_brand":[3097],"product_cat":[1958,2074],"product_tag":[],"class_list":{"0":"post-747956","1":"product","2":"type-product","3":"status-publish","4":"has-post-thumbnail","6":"product_brand-marco-pt","7":"product_cat-bombas-de-circulacao-de-agua","8":"product_cat-bombas-de-oleo-e-combustivel","10":"first","11":"instock","12":"shipping-taxable","13":"purchasable","14":"product-type-simple"},"_links":{"self":[{"href":"https:\/\/stoic-curie.212-227-153-4.plesk.page\/pt\/wp-json\/wp\/v2\/product\/747956","targetHints":{"allow":["GET"]}}],"collection":[{"href":"https:\/\/stoic-curie.212-227-153-4.plesk.page\/pt\/wp-json\/wp\/v2\/product"}],"about":[{"href":"https:\/\/stoic-curie.212-227-153-4.plesk.page\/pt\/wp-json\/wp\/v2\/types\/product"}],"replies":[{"embeddable":true,"href":"https:\/\/stoic-curie.212-227-153-4.plesk.page\/pt\/wp-json\/wp\/v2\/comments?post=747956"}],"version-history":[{"count":0,"href":"https:\/\/stoic-curie.212-227-153-4.plesk.page\/pt\/wp-json\/wp\/v2\/product\/747956\/revisions"}],"wp:featuredmedia":[{"embeddable":true,"href":"https:\/\/stoic-curie.212-227-153-4.plesk.page\/pt\/wp-json\/wp\/v2\/media\/5941055"}],"wp:attachment":[{"href":"https:\/\/stoic-curie.212-227-153-4.plesk.page\/pt\/wp-json\/wp\/v2\/media?parent=747956"}],"wp:term":[{"taxonomy":"product_brand","embeddable":true,"href":"https:\/\/stoic-curie.212-227-153-4.plesk.page\/pt\/wp-json\/wp\/v2\/product_brand?post=747956"},{"taxonomy":"product_cat","embeddable":true,"href":"https:\/\/stoic-curie.212-227-153-4.plesk.page\/pt\/wp-json\/wp\/v2\/product_cat?post=747956"},{"taxonomy":"product_tag","embeddable":true,"href":"https:\/\/stoic-curie.212-227-153-4.plesk.page\/pt\/wp-json\/wp\/v2\/product_tag?post=747956"}],"curies":[{"name":"wp","href":"https:\/\/api.w.org\/{rel}","templated":true}]}}