{"id":747959,"date":"2025-03-03T21:01:42","date_gmt":"2025-03-03T20:01:42","guid":{"rendered":"https:\/\/stoic-curie.212-227-153-4.plesk.page\/producto\/luz-de-teto-led-foresti-sextans-76-x-76mm-12-24v-quente-3200-k8\/"},"modified":"2026-02-25T00:27:56","modified_gmt":"2026-02-25T00:27:56","slug":"luz-de-teto-led-foresti-sextans-76-x-76mm-12-24v-quente-3200-k8","status":"publish","type":"product","link":"https:\/\/stoic-curie.212-227-153-4.plesk.page\/pt\/product\/luz-de-teto-led-foresti-sextans-76-x-76mm-12-24v-quente-3200-k8\/","title":{"rendered":"Luz de Teto LED Foresti Sextans 76 x 76mm 12-24v (Quente 3200 K8)"},"content":{"rendered":"<p>Luz de Teto LED Foresti Sextans 76 x 76mm 12-24v (Quente 3200 K8) &#8211; <\/p>\n<p>Potente luz embutido em LED para interiores com aro de lat\u00e3o cromado e parafusos em a\u00e7o inoxid\u00e1vel. Fonte de alimenta\u00e7\u00e3o universal 12\/24V &#8211; 3,5W. Prote\u00e7\u00e3o IP43.<\/p>\n","protected":false},"excerpt":{"rendered":"<p>Luz de Teto LED Foresti Sextans 76 x 76mm 12-24v (Quente 3200 K8) &#8211; Potente luz embutido em LED para<\/p>\n","protected":false},"featured_media":5941061,"comment_status":"open","ping_status":"closed","template":"","meta":[],"product_brand":[2947],"product_cat":[2026],"product_tag":[],"class_list":{"0":"post-747959","1":"product","2":"type-product","3":"status-publish","4":"has-post-thumbnail","6":"product_brand-foresti-suardi-pt","7":"product_cat-iluminacao","9":"first","10":"instock","11":"shipping-taxable","12":"purchasable","13":"product-type-simple"},"_links":{"self":[{"href":"https:\/\/stoic-curie.212-227-153-4.plesk.page\/pt\/wp-json\/wp\/v2\/product\/747959","targetHints":{"allow":["GET"]}}],"collection":[{"href":"https:\/\/stoic-curie.212-227-153-4.plesk.page\/pt\/wp-json\/wp\/v2\/product"}],"about":[{"href":"https:\/\/stoic-curie.212-227-153-4.plesk.page\/pt\/wp-json\/wp\/v2\/types\/product"}],"replies":[{"embeddable":true,"href":"https:\/\/stoic-curie.212-227-153-4.plesk.page\/pt\/wp-json\/wp\/v2\/comments?post=747959"}],"version-history":[{"count":0,"href":"https:\/\/stoic-curie.212-227-153-4.plesk.page\/pt\/wp-json\/wp\/v2\/product\/747959\/revisions"}],"wp:featuredmedia":[{"embeddable":true,"href":"https:\/\/stoic-curie.212-227-153-4.plesk.page\/pt\/wp-json\/wp\/v2\/media\/5941061"}],"wp:attachment":[{"href":"https:\/\/stoic-curie.212-227-153-4.plesk.page\/pt\/wp-json\/wp\/v2\/media?parent=747959"}],"wp:term":[{"taxonomy":"product_brand","embeddable":true,"href":"https:\/\/stoic-curie.212-227-153-4.plesk.page\/pt\/wp-json\/wp\/v2\/product_brand?post=747959"},{"taxonomy":"product_cat","embeddable":true,"href":"https:\/\/stoic-curie.212-227-153-4.plesk.page\/pt\/wp-json\/wp\/v2\/product_cat?post=747959"},{"taxonomy":"product_tag","embeddable":true,"href":"https:\/\/stoic-curie.212-227-153-4.plesk.page\/pt\/wp-json\/wp\/v2\/product_tag?post=747959"}],"curies":[{"name":"wp","href":"https:\/\/api.w.org\/{rel}","templated":true}]}}