{"id":747968,"date":"2025-03-03T21:01:45","date_gmt":"2025-03-03T20:01:45","guid":{"rendered":"https:\/\/stoic-curie.212-227-153-4.plesk.page\/producto\/coberturas-ajustaveis-para-barcos-cinza-de-518-a-579cm\/"},"modified":"2026-02-25T00:27:56","modified_gmt":"2026-02-25T00:27:56","slug":"coberturas-ajustaveis-para-barcos-cinza-de-518-a-579cm","status":"publish","type":"product","link":"https:\/\/stoic-curie.212-227-153-4.plesk.page\/pt\/product\/coberturas-ajustaveis-para-barcos-cinza-de-518-a-579cm\/","title":{"rendered":"Coberturas Ajust\u00e1veis para Barcos Cinza de 518 a 579cm"},"content":{"rendered":"<p>Coberturas Ajust\u00e1veis para Barcos Cinza de 518 a 579cm &#8211; <\/p>\n<p>Coberturas de barco de qualidade premium feitas de tecidos com revestimento em PVC 100% \u00e0 prova d&#8217;\u00e1gua. Resistentes aos raios UV, refletem a luz solar gra\u00e7as \u00e0 cor prata (exceto tamanhos XL-XXL-XXXL na cor azul). Equipadas com um cinto el\u00e1stico interno que se ajusta perfeitamente \u00e0 forma do barco e costuras duplas para a melhor durabilidade. Os an\u00e9is antiarranh\u00f5es em D e a corda garantem um fixa\u00e7\u00e3o segura.<\/p>\n","protected":false},"excerpt":{"rendered":"<p>Coberturas Ajust\u00e1veis para Barcos Cinza de 518 a 579cm &#8211; Coberturas de barco de qualidade premium feitas de tecidos com<\/p>\n","protected":false},"featured_media":5936863,"comment_status":"open","ping_status":"closed","template":"","meta":[],"product_brand":[3237],"product_cat":[1970],"product_tag":[],"class_list":{"0":"post-747968","1":"product","2":"type-product","3":"status-publish","4":"has-post-thumbnail","6":"product_brand-osculati-pt","7":"product_cat-capas-e-protecoes","9":"first","10":"instock","11":"shipping-taxable","12":"purchasable","13":"product-type-simple"},"_links":{"self":[{"href":"https:\/\/stoic-curie.212-227-153-4.plesk.page\/pt\/wp-json\/wp\/v2\/product\/747968","targetHints":{"allow":["GET"]}}],"collection":[{"href":"https:\/\/stoic-curie.212-227-153-4.plesk.page\/pt\/wp-json\/wp\/v2\/product"}],"about":[{"href":"https:\/\/stoic-curie.212-227-153-4.plesk.page\/pt\/wp-json\/wp\/v2\/types\/product"}],"replies":[{"embeddable":true,"href":"https:\/\/stoic-curie.212-227-153-4.plesk.page\/pt\/wp-json\/wp\/v2\/comments?post=747968"}],"version-history":[{"count":0,"href":"https:\/\/stoic-curie.212-227-153-4.plesk.page\/pt\/wp-json\/wp\/v2\/product\/747968\/revisions"}],"wp:featuredmedia":[{"embeddable":true,"href":"https:\/\/stoic-curie.212-227-153-4.plesk.page\/pt\/wp-json\/wp\/v2\/media\/5936863"}],"wp:attachment":[{"href":"https:\/\/stoic-curie.212-227-153-4.plesk.page\/pt\/wp-json\/wp\/v2\/media?parent=747968"}],"wp:term":[{"taxonomy":"product_brand","embeddable":true,"href":"https:\/\/stoic-curie.212-227-153-4.plesk.page\/pt\/wp-json\/wp\/v2\/product_brand?post=747968"},{"taxonomy":"product_cat","embeddable":true,"href":"https:\/\/stoic-curie.212-227-153-4.plesk.page\/pt\/wp-json\/wp\/v2\/product_cat?post=747968"},{"taxonomy":"product_tag","embeddable":true,"href":"https:\/\/stoic-curie.212-227-153-4.plesk.page\/pt\/wp-json\/wp\/v2\/product_tag?post=747968"}],"curies":[{"name":"wp","href":"https:\/\/api.w.org\/{rel}","templated":true}]}}