{"id":747970,"date":"2025-03-03T21:01:46","date_gmt":"2025-03-03T20:01:46","guid":{"rendered":"https:\/\/stoic-curie.212-227-153-4.plesk.page\/producto\/escova-de-limpeza-para-madeira-star-brite-amarela-suave\/"},"modified":"2026-02-25T00:27:56","modified_gmt":"2026-02-25T00:27:56","slug":"escova-de-limpeza-para-madeira-star-brite-amarela-suave","status":"publish","type":"product","link":"https:\/\/stoic-curie.212-227-153-4.plesk.page\/pt\/product\/escova-de-limpeza-para-madeira-star-brite-amarela-suave\/","title":{"rendered":"Escova de Limpeza para Madeira Star Brite Amarela Suave"},"content":{"rendered":"<p>Escova de Limpeza para Madeira Star Brite Amarela Suave &#8211; <\/p>\n<p>Escovas de lavagem em fibra Star-Prene com cabo de madeira sint\u00e9tica e prote\u00e7\u00e3o de choque. Tr\u00eas tipos diferentes de cores e fibras conforme o uso:<br \/>Amarelo &#8211; tipo macio: ret\u00e9m \u00e1gua e \u00e9 perfeito para lavar janelas e superf\u00edcies de fibra de vidro.<br \/>Azul &#8211; tipo m\u00e9dio: perfeito para limpeza geral.<br \/>Branco &#8211; tipo duro: perfeito para lavar decks, superf\u00edcies \u00e1speras e especialmente sujas.<br \/>Eles se encaixam perfeitamente em todos os cabos extens\u00edveis da Star Brite.<\/p>\n","protected":false},"excerpt":{"rendered":"<p>Escova de Limpeza para Madeira Star Brite Amarela Suave &#8211; Escovas de lavagem em fibra Star-Prene com cabo de madeira<\/p>\n","protected":false},"featured_media":5941132,"comment_status":"open","ping_status":"closed","template":"","meta":[],"product_brand":[3437],"product_cat":[1920],"product_tag":[],"class_list":{"0":"post-747970","1":"product","2":"type-product","3":"status-publish","4":"has-post-thumbnail","6":"product_brand-starbrite-pt","7":"product_cat-escovas-e-esponjas","9":"first","10":"instock","11":"shipping-taxable","12":"purchasable","13":"product-type-simple"},"_links":{"self":[{"href":"https:\/\/stoic-curie.212-227-153-4.plesk.page\/pt\/wp-json\/wp\/v2\/product\/747970","targetHints":{"allow":["GET"]}}],"collection":[{"href":"https:\/\/stoic-curie.212-227-153-4.plesk.page\/pt\/wp-json\/wp\/v2\/product"}],"about":[{"href":"https:\/\/stoic-curie.212-227-153-4.plesk.page\/pt\/wp-json\/wp\/v2\/types\/product"}],"replies":[{"embeddable":true,"href":"https:\/\/stoic-curie.212-227-153-4.plesk.page\/pt\/wp-json\/wp\/v2\/comments?post=747970"}],"version-history":[{"count":0,"href":"https:\/\/stoic-curie.212-227-153-4.plesk.page\/pt\/wp-json\/wp\/v2\/product\/747970\/revisions"}],"wp:featuredmedia":[{"embeddable":true,"href":"https:\/\/stoic-curie.212-227-153-4.plesk.page\/pt\/wp-json\/wp\/v2\/media\/5941132"}],"wp:attachment":[{"href":"https:\/\/stoic-curie.212-227-153-4.plesk.page\/pt\/wp-json\/wp\/v2\/media?parent=747970"}],"wp:term":[{"taxonomy":"product_brand","embeddable":true,"href":"https:\/\/stoic-curie.212-227-153-4.plesk.page\/pt\/wp-json\/wp\/v2\/product_brand?post=747970"},{"taxonomy":"product_cat","embeddable":true,"href":"https:\/\/stoic-curie.212-227-153-4.plesk.page\/pt\/wp-json\/wp\/v2\/product_cat?post=747970"},{"taxonomy":"product_tag","embeddable":true,"href":"https:\/\/stoic-curie.212-227-153-4.plesk.page\/pt\/wp-json\/wp\/v2\/product_tag?post=747970"}],"curies":[{"name":"wp","href":"https:\/\/api.w.org\/{rel}","templated":true}]}}