{"id":747976,"date":"2025-03-03T21:01:48","date_gmt":"2025-03-03T20:01:48","guid":{"rendered":"https:\/\/stoic-curie.212-227-153-4.plesk.page\/producto\/para-choque-eva-b95-curvado-95x18x12cm\/"},"modified":"2026-02-25T00:27:56","modified_gmt":"2026-02-25T00:27:56","slug":"para-choque-eva-b95-curvado-95x18x12cm","status":"publish","type":"product","link":"https:\/\/stoic-curie.212-227-153-4.plesk.page\/pt\/product\/para-choque-eva-b95-curvado-95x18x12cm\/","title":{"rendered":"Para-choque EVA B95 Curvado &#8211; 95x18x12cm"},"content":{"rendered":"<p>Para-choque EVA B95 Curvado &#8211; 95x18x12cm &#8211; <\/p>\n<p>Bumper B80\/90 longo e estreito para atracadouro, pont\u00f5es, dedos e docas de carga. Feito de espuma macia E.V.A. extra forte, que recupera sua forma original mesmo ap\u00f3s ser dobrada. Resistente a intemp\u00e9ries, \u00f3leos e solventes.<\/p>\n","protected":false},"excerpt":{"rendered":"<p>Para-choque EVA B95 Curvado &#8211; 95x18x12cm &#8211; Bumper B80\/90 longo e estreito para atracadouro, pont\u00f5es, dedos e docas de carga.<\/p>\n","protected":false},"featured_media":5940065,"comment_status":"open","ping_status":"closed","template":"","meta":[],"product_brand":[3092],"product_cat":[2136],"product_tag":[],"class_list":{"0":"post-747976","1":"product","2":"type-product","3":"status-publish","4":"has-post-thumbnail","6":"product_brand-majoni-pt","7":"product_cat-defensas-de-doca","9":"first","10":"instock","11":"shipping-taxable","12":"purchasable","13":"product-type-simple"},"_links":{"self":[{"href":"https:\/\/stoic-curie.212-227-153-4.plesk.page\/pt\/wp-json\/wp\/v2\/product\/747976","targetHints":{"allow":["GET"]}}],"collection":[{"href":"https:\/\/stoic-curie.212-227-153-4.plesk.page\/pt\/wp-json\/wp\/v2\/product"}],"about":[{"href":"https:\/\/stoic-curie.212-227-153-4.plesk.page\/pt\/wp-json\/wp\/v2\/types\/product"}],"replies":[{"embeddable":true,"href":"https:\/\/stoic-curie.212-227-153-4.plesk.page\/pt\/wp-json\/wp\/v2\/comments?post=747976"}],"version-history":[{"count":0,"href":"https:\/\/stoic-curie.212-227-153-4.plesk.page\/pt\/wp-json\/wp\/v2\/product\/747976\/revisions"}],"wp:featuredmedia":[{"embeddable":true,"href":"https:\/\/stoic-curie.212-227-153-4.plesk.page\/pt\/wp-json\/wp\/v2\/media\/5940065"}],"wp:attachment":[{"href":"https:\/\/stoic-curie.212-227-153-4.plesk.page\/pt\/wp-json\/wp\/v2\/media?parent=747976"}],"wp:term":[{"taxonomy":"product_brand","embeddable":true,"href":"https:\/\/stoic-curie.212-227-153-4.plesk.page\/pt\/wp-json\/wp\/v2\/product_brand?post=747976"},{"taxonomy":"product_cat","embeddable":true,"href":"https:\/\/stoic-curie.212-227-153-4.plesk.page\/pt\/wp-json\/wp\/v2\/product_cat?post=747976"},{"taxonomy":"product_tag","embeddable":true,"href":"https:\/\/stoic-curie.212-227-153-4.plesk.page\/pt\/wp-json\/wp\/v2\/product_tag?post=747976"}],"curies":[{"name":"wp","href":"https:\/\/api.w.org\/{rel}","templated":true}]}}