{"id":747978,"date":"2025-03-03T21:01:49","date_gmt":"2025-03-03T20:01:49","guid":{"rendered":"https:\/\/stoic-curie.212-227-153-4.plesk.page\/producto\/guincho-quick-dp1-500w-12v-perfil-baixo-corrente-de-6mm\/"},"modified":"2026-02-25T00:27:56","modified_gmt":"2026-02-25T00:27:56","slug":"guincho-quick-dp1-500w-12v-perfil-baixo-corrente-de-6mm","status":"publish","type":"product","link":"https:\/\/stoic-curie.212-227-153-4.plesk.page\/pt\/product\/guincho-quick-dp1-500w-12v-perfil-baixo-corrente-de-6mm\/","title":{"rendered":"Guincho Quick DP1 500W 12v Perfil Baixo &#8211; Corrente de 6mm"},"content":{"rendered":"<p>Guincho Quick DP1 500W 12v Perfil Baixo &#8211; Corrente de 6mm &#8211; <\/p>\n<p style=\"color: rgb(34, 34, 34); font-family: Arial, Helvetica, sans-serif; font-size: small;\">Apresentando o Prince DP1 512 Vertical Windlass, um cabo de \u00e2ncora Quick Italy com componentes de tra\u00e7\u00e3o em bronze e a\u00e7o inoxid\u00e1vel dur\u00e1veis.<\/p>\n<p style=\"color: rgb(34, 34, 34); font-family: Arial, Helvetica, sans-serif; font-size: small;\">Este guincho inclui um sensor de contador de corrente e um sistema de corrente de queda livre manual. Possui uma base e carca\u00e7a de a\u00e7o inox com uma estrutura interna composta, e seu motor \u00e9 \u00e0 prova d&#8217;\u00e1gua IP67.<\/p>\n<p style=\"color: rgb(34, 34, 34); font-family: Arial, Helvetica, sans-serif; font-size: small;\">O pacote vem completo com uma caixa de controle e al\u00e7a.<\/p>\n<p style=\"color: rgb(34, 34, 34); font-family: Arial, Helvetica, sans-serif; font-size: small;\">A base de a\u00e7o inox 316 \u00e9 projetada com um tubo de corrente embutido. O gypsy acomoda uma corrente de 6 mm que atende aos padr\u00f5es DIN766 ou ISO e \u00e9 equipado com um sensor de contador de corrente. \u00c9 fornecido com uma caixa de rel\u00e9 e um gypsy, dispon\u00edvel com ou sem tambor. O motor tem classifica\u00e7\u00e3o IP66 para prote\u00e7\u00e3o \u00e0 prova d&#8217;\u00e1gua.<\/p>\n<p style=\"color: rgb(34, 34, 34); font-family: Arial, Helvetica, sans-serif; font-size: small;\"><strong>Prince DP1 512 &#8211; Apenas Gypsy<\/strong><\/p>\n<p style=\"color: rgb(34, 34, 34); font-family: Arial, Helvetica, sans-serif; font-size: small;\">Este guincho \u00e9 adequado para embarca\u00e7\u00f5es de 5 m a 8,5 m (16-28 p\u00e9s).<\/p>\n<ul style=\"color: rgb(34, 34, 34); font-family: Arial, Helvetica, sans-serif; font-size: small;\">\n<li><strong>Tambor:<\/strong>&nbsp;N\u00e3o<\/li>\n<li><strong>Pot\u00eancia do Motor:<\/strong>&nbsp;500 W<\/li>\n<li><strong>Tens\u00e3o de Entrada:<\/strong>&nbsp;12 V<\/li>\n<li><strong>Puxada M\u00e1xima:<\/strong>&nbsp;660 kg<\/li>\n<li><strong>Capacidade M\u00e1xima de Trabalho:<\/strong>&nbsp;200 kg<\/li>\n<li><strong>Carga de Trabalho:<\/strong>&nbsp;65 kg<\/li>\n<li><strong>Velocidade da Corrente em Carga de Trabalho:<\/strong>&nbsp;18,5 m\/min<\/li>\n<li><strong>Absor\u00e7\u00e3o de Corrente em Carga de Trabalho:<\/strong>&nbsp;80 A<\/li>\n<li><strong>Espessura do Conv\u00e9s:<\/strong>&nbsp;20-30 mm<\/li>\n<li><strong>Peso:<\/strong>&nbsp;7,4 kg<\/li>\n<li><strong>Tamanho do Gypsy:<\/strong>&nbsp;6 mm<\/li>\n<\/ul>\n<p style=\"color: rgb(34, 34, 34); font-family: Arial, Helvetica, sans-serif; font-size: small;\">Este guincho combina qualidade e desempenho, tornando-o uma excelente escolha para suas necessidades n\u00e1uticas.<\/p>\n","protected":false},"excerpt":{"rendered":"<p>Guincho Quick DP1 500W 12v Perfil Baixo &#8211; Corrente de 6mm &#8211; Apresentando o Prince DP1 512 Vertical Windlass, um<\/p>\n","protected":false},"featured_media":5941147,"comment_status":"open","ping_status":"closed","template":"","meta":[],"product_brand":[3282],"product_cat":[1898],"product_tag":[],"class_list":{"0":"post-747978","1":"product","2":"type-product","3":"status-publish","4":"has-post-thumbnail","6":"product_brand-quick-pt","7":"product_cat-molinetes-quick-amarracao-e-fundear","9":"first","10":"instock","11":"shipping-taxable","12":"purchasable","13":"product-type-simple"},"_links":{"self":[{"href":"https:\/\/stoic-curie.212-227-153-4.plesk.page\/pt\/wp-json\/wp\/v2\/product\/747978","targetHints":{"allow":["GET"]}}],"collection":[{"href":"https:\/\/stoic-curie.212-227-153-4.plesk.page\/pt\/wp-json\/wp\/v2\/product"}],"about":[{"href":"https:\/\/stoic-curie.212-227-153-4.plesk.page\/pt\/wp-json\/wp\/v2\/types\/product"}],"replies":[{"embeddable":true,"href":"https:\/\/stoic-curie.212-227-153-4.plesk.page\/pt\/wp-json\/wp\/v2\/comments?post=747978"}],"version-history":[{"count":0,"href":"https:\/\/stoic-curie.212-227-153-4.plesk.page\/pt\/wp-json\/wp\/v2\/product\/747978\/revisions"}],"wp:featuredmedia":[{"embeddable":true,"href":"https:\/\/stoic-curie.212-227-153-4.plesk.page\/pt\/wp-json\/wp\/v2\/media\/5941147"}],"wp:attachment":[{"href":"https:\/\/stoic-curie.212-227-153-4.plesk.page\/pt\/wp-json\/wp\/v2\/media?parent=747978"}],"wp:term":[{"taxonomy":"product_brand","embeddable":true,"href":"https:\/\/stoic-curie.212-227-153-4.plesk.page\/pt\/wp-json\/wp\/v2\/product_brand?post=747978"},{"taxonomy":"product_cat","embeddable":true,"href":"https:\/\/stoic-curie.212-227-153-4.plesk.page\/pt\/wp-json\/wp\/v2\/product_cat?post=747978"},{"taxonomy":"product_tag","embeddable":true,"href":"https:\/\/stoic-curie.212-227-153-4.plesk.page\/pt\/wp-json\/wp\/v2\/product_tag?post=747978"}],"curies":[{"name":"wp","href":"https:\/\/api.w.org\/{rel}","templated":true}]}}