{"id":747981,"date":"2025-03-03T21:01:51","date_gmt":"2025-03-03T20:01:51","guid":{"rendered":"https:\/\/stoic-curie.212-227-153-4.plesk.page\/producto\/guincho-quick-prince-dp2-700w-12v-perfil-baixo-corrente-de-6mm\/"},"modified":"2026-02-25T00:27:56","modified_gmt":"2026-02-25T00:27:56","slug":"guincho-quick-prince-dp2-700w-12v-perfil-baixo-corrente-de-6mm","status":"publish","type":"product","link":"https:\/\/stoic-curie.212-227-153-4.plesk.page\/pt\/product\/guincho-quick-prince-dp2-700w-12v-perfil-baixo-corrente-de-6mm\/","title":{"rendered":"Guincho Quick Prince DP2 700W 12v Perfil Baixo &#8211; Corrente de 6mm"},"content":{"rendered":"<p>Guincho Quick Prince DP2 700W 12v Perfil Baixo &#8211; Corrente de 6mm &#8211; <\/p>\n<p style=\"color: rgb(34, 34, 34); font-family: Arial, Helvetica, sans-serif; font-size: small;\">Windlass Prince DP2 712 &#8211; Gypsy Apenas (corrente de 6 mm)<\/p>\n<p style=\"color: rgb(34, 34, 34); font-family: Arial, Helvetica, sans-serif; font-size: small;\">Este guincho de \u00e2ncora \u00e9 projetado para barcos com comprimentos de 7 a 12 metros (23 a 40 p\u00e9s) e apresenta componentes dur\u00e1veis de bronze e a\u00e7o inoxid\u00e1vel.<\/p>\n<p style=\"color: rgb(34, 34, 34); font-family: Arial, Helvetica, sans-serif; font-size: small;\">Inclui um sensor de contador de corrente e um sistema manual de queda livre de corrente, juntamente com um sistema manual de eleva\u00e7\u00e3o de emerg\u00eancia e uma alavanca de press\u00e3o. A unidade vem completa com uma caixa de controle e uma al\u00e7a. A base e a carca\u00e7a s\u00e3o feitas de a\u00e7o inoxid\u00e1vel, apresentando uma estrutura interna composta, e o motor \u00e9 classificado como IP67 para prote\u00e7\u00e3o \u00e0 prova d&#8217;\u00e1gua.<\/p>\n<p style=\"color: rgb(34, 34, 34); font-family: Arial, Helvetica, sans-serif; font-size: small;\">O guincho tem uma base de a\u00e7o inoxid\u00e1vel 316 com um tubo de corrente embutido. A gypsy de corda\/corrente \u00e9 equipada com um sensor de contador de corrente e \u00e9 fornecida com uma caixa de relay. Voc\u00ea pode optar por ter a gypsy com ou sem tambor. O motor tamb\u00e9m \u00e9 classificado como IP67 para desempenho \u00e0 prova d&#8217;\u00e1gua.<\/p>\n<p style=\"color: rgb(34, 34, 34); font-family: Arial, Helvetica, sans-serif; font-size: small;\">Especifica\u00e7\u00f5es:<\/p>\n<ul style=\"color: rgb(34, 34, 34); font-family: Arial, Helvetica, sans-serif; font-size: small;\">\n<li>Tambor: N\u00e3o<\/li>\n<li>Pot\u00eancia do motor: 700 W<\/li>\n<li>Tens\u00e3o de entrada: 12 V<\/li>\n<li>Tens\u00e3o m\u00e1xima: 680 kg<\/li>\n<li>Carga de trabalho m\u00e1xima: 300 kg<\/li>\n<li>Carga de trabalho: 100 kg<\/li>\n<li>Velocidade da corrente com carga de trabalho: 11,6 m\/min<\/li>\n<li>Consumo de corrente com carga de trabalho: 95 A<\/li>\n<li>Espessura do conv\u00e9s: 25-50 mm<\/li>\n<li>Peso: 15,6 kg<\/li>\n<li>Tamanho da Gypsy: 6 mm<\/li>\n<\/ul>\n","protected":false},"excerpt":{"rendered":"<p>Guincho Quick Prince DP2 700W 12v Perfil Baixo &#8211; Corrente de 6mm &#8211; Windlass Prince DP2 712 &#8211; Gypsy Apenas<\/p>\n","protected":false},"featured_media":5941154,"comment_status":"open","ping_status":"closed","template":"","meta":[],"product_brand":[3282],"product_cat":[1898],"product_tag":[],"class_list":{"0":"post-747981","1":"product","2":"type-product","3":"status-publish","4":"has-post-thumbnail","6":"product_brand-quick-pt","7":"product_cat-molinetes-quick-amarracao-e-fundear","9":"first","10":"instock","11":"shipping-taxable","12":"purchasable","13":"product-type-simple"},"_links":{"self":[{"href":"https:\/\/stoic-curie.212-227-153-4.plesk.page\/pt\/wp-json\/wp\/v2\/product\/747981","targetHints":{"allow":["GET"]}}],"collection":[{"href":"https:\/\/stoic-curie.212-227-153-4.plesk.page\/pt\/wp-json\/wp\/v2\/product"}],"about":[{"href":"https:\/\/stoic-curie.212-227-153-4.plesk.page\/pt\/wp-json\/wp\/v2\/types\/product"}],"replies":[{"embeddable":true,"href":"https:\/\/stoic-curie.212-227-153-4.plesk.page\/pt\/wp-json\/wp\/v2\/comments?post=747981"}],"version-history":[{"count":0,"href":"https:\/\/stoic-curie.212-227-153-4.plesk.page\/pt\/wp-json\/wp\/v2\/product\/747981\/revisions"}],"wp:featuredmedia":[{"embeddable":true,"href":"https:\/\/stoic-curie.212-227-153-4.plesk.page\/pt\/wp-json\/wp\/v2\/media\/5941154"}],"wp:attachment":[{"href":"https:\/\/stoic-curie.212-227-153-4.plesk.page\/pt\/wp-json\/wp\/v2\/media?parent=747981"}],"wp:term":[{"taxonomy":"product_brand","embeddable":true,"href":"https:\/\/stoic-curie.212-227-153-4.plesk.page\/pt\/wp-json\/wp\/v2\/product_brand?post=747981"},{"taxonomy":"product_cat","embeddable":true,"href":"https:\/\/stoic-curie.212-227-153-4.plesk.page\/pt\/wp-json\/wp\/v2\/product_cat?post=747981"},{"taxonomy":"product_tag","embeddable":true,"href":"https:\/\/stoic-curie.212-227-153-4.plesk.page\/pt\/wp-json\/wp\/v2\/product_tag?post=747981"}],"curies":[{"name":"wp","href":"https:\/\/api.w.org\/{rel}","templated":true}]}}