{"id":747983,"date":"2025-03-03T21:01:52","date_gmt":"2025-03-03T20:01:52","guid":{"rendered":"https:\/\/stoic-curie.212-227-153-4.plesk.page\/producto\/guincho-quick-prince-dp2-1000w-12v-perfil-baixo-corrente-de-8mm\/"},"modified":"2026-02-25T00:27:56","modified_gmt":"2026-02-25T00:27:56","slug":"guincho-quick-prince-dp2-1000w-12v-perfil-baixo-corrente-de-8mm","status":"publish","type":"product","link":"https:\/\/stoic-curie.212-227-153-4.plesk.page\/pt\/product\/guincho-quick-prince-dp2-1000w-12v-perfil-baixo-corrente-de-8mm\/","title":{"rendered":"Guincho Quick Prince DP2 1000W 12v &#8211; Perfil Baixo &#8211; Corrente de 8mm"},"content":{"rendered":"<p>Guincho Quick Prince DP2 1000W 12v &#8211; Perfil Baixo &#8211; Corrente de 8mm &#8211; <\/p>\n<p style=\"color: rgb(34, 34, 34); font-family: Arial, Helvetica, sans-serif; font-size: small;\">Apresentamos o guincho de \u00e2ncora Quick Prince DP2 1012, meticulosamente projetado com uma combina\u00e7\u00e3o de elementos de tra\u00e7\u00e3o em bronze e a\u00e7o inoxid\u00e1vel. Este guincho \u00e9 equipado com um sensor de contador de corrente e um mecanismo manual de queda livre, garantindo funcionalidade ideal. Al\u00e9m disso, possui um sistema de eleva\u00e7\u00e3o manual de emerg\u00eancia e uma alavanca de press\u00e3o para aumentar a seguran\u00e7a. A unidade \u00e9 fornecida com uma caixa de controle e al\u00e7a, enquanto sua base e carca\u00e7a de a\u00e7o inox s\u00e3o constru\u00eddas com uma estrutura interna composta robusta. O motor tem um grau de prote\u00e7\u00e3o IP67, que proporciona excelente prote\u00e7\u00e3o imperme\u00e1vel.<\/p>\n<p style=\"color: rgb(34, 34, 34); font-family: Arial, Helvetica, sans-serif; font-size: small;\">O guincho incorpora uma base de a\u00e7o inoxid\u00e1vel 316 que inclui um tubo de corrente integrado. O gypsy de corda\/corrente \u00e9 projetado com um sensor de contador de corrente e vem com uma caixa de rel\u00e9. Voc\u00ea tem a op\u00e7\u00e3o de selecionar o gypsy com ou sem tambor, e o motor mant\u00e9m sua classifica\u00e7\u00e3o IP67 de impermeabilidade.<\/p>\n<p style=\"color: rgb(34, 34, 34); font-family: Arial, Helvetica, sans-serif; font-size: small;\">O gypsy Prince DP2 1012 \u00e9 adequado para embarca\u00e7\u00f5es com comprimento entre 8 a 13 metros (26 a 43 p\u00e9s).<\/p>\n<p style=\"color: rgb(34, 34, 34); font-family: Arial, Helvetica, sans-serif; font-size: small;\">Especifica\u00e7\u00f5es:<\/p>\n<ul style=\"color: rgb(34, 34, 34); font-family: Arial, Helvetica, sans-serif; font-size: small;\">\n<li>Tambor: N\u00e3o<\/li>\n<li>Pot\u00eancia do motor: 1000 W<\/li>\n<li>Tens\u00e3o de entrada: 12 V<\/li>\n<li>Trac\u00e7\u00e3o m\u00e1xima: 930 kg<\/li>\n<li>Carga de trabalho m\u00e1xima: 420 kg<\/li>\n<li>Carga de trabalho: 140 kg<\/li>\n<li>Velocidade da corrente na carga de trabalho: 16,5 m\/min<\/li>\n<li>Absor\u00e7\u00e3o de corrente na carga de trabalho: 130 A<\/li>\n<li>Espessura do conv\u00e9s: 25-50 mm<\/li>\n<li>Peso: 16,7 kg<\/li>\n<li>Tamanho do gypsy: 8 mm<\/li>\n<\/ul>\n<p style=\"color: rgb(34, 34, 34); font-family: Arial, Helvetica, sans-serif; font-size: small;\">Este guincho representa uma excelente op\u00e7\u00e3o para propriet\u00e1rios de barcos que procuram solu\u00e7\u00f5es de ancoragem confi\u00e1veis e de alto desempenho.<\/p>\n","protected":false},"excerpt":{"rendered":"<p>Guincho Quick Prince DP2 1000W 12v &#8211; Perfil Baixo &#8211; Corrente de 8mm &#8211; Apresentamos o guincho de \u00e2ncora Quick<\/p>\n","protected":false},"featured_media":5941154,"comment_status":"open","ping_status":"closed","template":"","meta":[],"product_brand":[3282],"product_cat":[1898],"product_tag":[],"class_list":{"0":"post-747983","1":"product","2":"type-product","3":"status-publish","4":"has-post-thumbnail","6":"product_brand-quick-pt","7":"product_cat-molinetes-quick-amarracao-e-fundear","9":"first","10":"instock","11":"shipping-taxable","12":"purchasable","13":"product-type-simple"},"_links":{"self":[{"href":"https:\/\/stoic-curie.212-227-153-4.plesk.page\/pt\/wp-json\/wp\/v2\/product\/747983","targetHints":{"allow":["GET"]}}],"collection":[{"href":"https:\/\/stoic-curie.212-227-153-4.plesk.page\/pt\/wp-json\/wp\/v2\/product"}],"about":[{"href":"https:\/\/stoic-curie.212-227-153-4.plesk.page\/pt\/wp-json\/wp\/v2\/types\/product"}],"replies":[{"embeddable":true,"href":"https:\/\/stoic-curie.212-227-153-4.plesk.page\/pt\/wp-json\/wp\/v2\/comments?post=747983"}],"version-history":[{"count":0,"href":"https:\/\/stoic-curie.212-227-153-4.plesk.page\/pt\/wp-json\/wp\/v2\/product\/747983\/revisions"}],"wp:featuredmedia":[{"embeddable":true,"href":"https:\/\/stoic-curie.212-227-153-4.plesk.page\/pt\/wp-json\/wp\/v2\/media\/5941154"}],"wp:attachment":[{"href":"https:\/\/stoic-curie.212-227-153-4.plesk.page\/pt\/wp-json\/wp\/v2\/media?parent=747983"}],"wp:term":[{"taxonomy":"product_brand","embeddable":true,"href":"https:\/\/stoic-curie.212-227-153-4.plesk.page\/pt\/wp-json\/wp\/v2\/product_brand?post=747983"},{"taxonomy":"product_cat","embeddable":true,"href":"https:\/\/stoic-curie.212-227-153-4.plesk.page\/pt\/wp-json\/wp\/v2\/product_cat?post=747983"},{"taxonomy":"product_tag","embeddable":true,"href":"https:\/\/stoic-curie.212-227-153-4.plesk.page\/pt\/wp-json\/wp\/v2\/product_tag?post=747983"}],"curies":[{"name":"wp","href":"https:\/\/api.w.org\/{rel}","templated":true}]}}