{"id":747984,"date":"2025-03-03T21:01:52","date_gmt":"2025-03-03T20:01:52","guid":{"rendered":"https:\/\/stoic-curie.212-227-153-4.plesk.page\/producto\/guincho-quick-prince-dp2-1000w-d-12v-com-tambor-corrente-de-8mm\/"},"modified":"2026-02-25T00:27:56","modified_gmt":"2026-02-25T00:27:56","slug":"guincho-quick-prince-dp2-1000w-d-12v-com-tambor-corrente-de-8mm","status":"publish","type":"product","link":"https:\/\/stoic-curie.212-227-153-4.plesk.page\/pt\/product\/guincho-quick-prince-dp2-1000w-d-12v-com-tambor-corrente-de-8mm\/","title":{"rendered":"Guincho Quick Prince DP2 1000W-D 12v &#8211; Com Tambor &#8211; Corrente de 8mm"},"content":{"rendered":"<p>Guincho Quick Prince DP2 1000W-D 12v &#8211; Com Tambor &#8211; Corrente de 8mm &#8211; <\/p>\n<p style=\"color: rgb(34, 34, 34); font-family: Arial, Helvetica, sans-serif; font-size: small;\">Apresentamos o guincho de \u00e2ncora Quick Prince DP2 1012D, uma solu\u00e7\u00e3o robusta e confi\u00e1vel para suas necessidades de ancoragem. Este guincho possui componentes de tra\u00e7\u00e3o feitos de bronze de alta qualidade e a\u00e7o inoxid\u00e1vel, garantindo durabilidade e desempenho. Ele \u00e9 equipado com um sensor de contador de corrente e um sistema de corrente de queda manual, oferecendo a voc\u00ea conveni\u00eancia e controle. Al\u00e9m disso, o guincho inclui um sistema de eleva\u00e7\u00e3o manual de emerg\u00eancia e uma alavanca de press\u00e3o para maior seguran\u00e7a. O pacote vem completo com uma caixa de controle e uma al\u00e7a, tudo montado em uma base e caixa de a\u00e7o inoxid\u00e1vel com uma estrutura interna composta. O motor \u00e9 classificado IP67 para prote\u00e7\u00e3o \u00e0 prova d&#8217;\u00e1gua, tornando-o adequado para diversos ambientes marinhos.<\/p>\n<p style=\"color: rgb(34, 34, 34); font-family: Arial, Helvetica, sans-serif; font-size: small;\">O guincho possui uma base em a\u00e7o inoxid\u00e1vel 316, com um tubo de corrente integrado e um tambor em a\u00e7o inoxid\u00e1vel 316. A gypsy de corda\/corrente \u00e9 equipada com um sensor de contador de corrente, garantindo um monitoramento preciso da sua linha de \u00e2ncora. O sistema \u00e9 fornecido com uma caixa de rel\u00e9 e uma gypsy, dispon\u00edvel com ou sem tambor, para atender \u00e0s suas necessidades espec\u00edficas.<\/p>\n<p style=\"color: rgb(34, 34, 34); font-family: Arial, Helvetica, sans-serif; font-size: small;\">O Quick DP2 1012D \u00e9 projetado para barcos com comprimento de 8 a 13 metros (26 a 43 p\u00e9s).<\/p>\n<p style=\"color: rgb(34, 34, 34); font-family: Arial, Helvetica, sans-serif; font-size: small;\">Especifica\u00e7\u00f5es:<\/p>\n<ul style=\"color: rgb(34, 34, 34); font-family: Arial, Helvetica, sans-serif; font-size: small;\">\n<li>Tambor: Sim<\/li>\n<li>Pot\u00eancia do motor: 1000 W<\/li>\n<li>Tens\u00e3o de entrada: 12 V<\/li>\n<li>Tra\u00e7\u00e3o m\u00e1xima: 930 kg<\/li>\n<li>Carga de trabalho m\u00e1xima: 420 kg<\/li>\n<li>Carga de trabalho: 140 kg<\/li>\n<li>Velocidade da corrente em carga de trabalho: 16,5 m\/min<\/li>\n<li>Absor\u00e7\u00e3o de corrente em carga de trabalho: 130 A<\/li>\n<li>Espessura do conv\u00e9s: 25-50 mm<\/li>\n<li>Peso: 17,4 kg<\/li>\n<li>Tamanho da gypsy: 8 mm<\/li>\n<\/ul>\n<p style=\"color: rgb(34, 34, 34); font-family: Arial, Helvetica, sans-serif; font-size: small;\">Este guincho combina funcionalidade e qualidade, sendo uma excelente escolha para propriet\u00e1rios de barcos que buscam solu\u00e7\u00f5es de ancoragem confi\u00e1veis.<\/p>\n","protected":false},"excerpt":{"rendered":"<p>Guincho Quick Prince DP2 1000W-D 12v &#8211; Com Tambor &#8211; Corrente de 8mm &#8211; Apresentamos o guincho de \u00e2ncora Quick<\/p>\n","protected":false},"featured_media":5941161,"comment_status":"open","ping_status":"closed","template":"","meta":[],"product_brand":[3282],"product_cat":[1898],"product_tag":[],"class_list":{"0":"post-747984","1":"product","2":"type-product","3":"status-publish","4":"has-post-thumbnail","6":"product_brand-quick-pt","7":"product_cat-molinetes-quick-amarracao-e-fundear","9":"first","10":"instock","11":"shipping-taxable","12":"purchasable","13":"product-type-simple"},"_links":{"self":[{"href":"https:\/\/stoic-curie.212-227-153-4.plesk.page\/pt\/wp-json\/wp\/v2\/product\/747984","targetHints":{"allow":["GET"]}}],"collection":[{"href":"https:\/\/stoic-curie.212-227-153-4.plesk.page\/pt\/wp-json\/wp\/v2\/product"}],"about":[{"href":"https:\/\/stoic-curie.212-227-153-4.plesk.page\/pt\/wp-json\/wp\/v2\/types\/product"}],"replies":[{"embeddable":true,"href":"https:\/\/stoic-curie.212-227-153-4.plesk.page\/pt\/wp-json\/wp\/v2\/comments?post=747984"}],"version-history":[{"count":0,"href":"https:\/\/stoic-curie.212-227-153-4.plesk.page\/pt\/wp-json\/wp\/v2\/product\/747984\/revisions"}],"wp:featuredmedia":[{"embeddable":true,"href":"https:\/\/stoic-curie.212-227-153-4.plesk.page\/pt\/wp-json\/wp\/v2\/media\/5941161"}],"wp:attachment":[{"href":"https:\/\/stoic-curie.212-227-153-4.plesk.page\/pt\/wp-json\/wp\/v2\/media?parent=747984"}],"wp:term":[{"taxonomy":"product_brand","embeddable":true,"href":"https:\/\/stoic-curie.212-227-153-4.plesk.page\/pt\/wp-json\/wp\/v2\/product_brand?post=747984"},{"taxonomy":"product_cat","embeddable":true,"href":"https:\/\/stoic-curie.212-227-153-4.plesk.page\/pt\/wp-json\/wp\/v2\/product_cat?post=747984"},{"taxonomy":"product_tag","embeddable":true,"href":"https:\/\/stoic-curie.212-227-153-4.plesk.page\/pt\/wp-json\/wp\/v2\/product_tag?post=747984"}],"curies":[{"name":"wp","href":"https:\/\/api.w.org\/{rel}","templated":true}]}}