{"id":747985,"date":"2025-03-03T21:01:52","date_gmt":"2025-03-03T20:01:52","guid":{"rendered":"https:\/\/stoic-curie.212-227-153-4.plesk.page\/producto\/guincho-ancoragem-quick-prince-dp3-1500w-12v-sem-tambor-corrente-de-10mm\/"},"modified":"2026-02-25T00:27:56","modified_gmt":"2026-02-25T00:27:56","slug":"guincho-ancoragem-quick-prince-dp3-1500w-12v-sem-tambor-corrente-de-10mm","status":"publish","type":"product","link":"https:\/\/stoic-curie.212-227-153-4.plesk.page\/pt\/product\/guincho-ancoragem-quick-prince-dp3-1500w-12v-sem-tambor-corrente-de-10mm\/","title":{"rendered":"Guincho Ancoragem Quick Prince DP3 1500W 12v sem Tambor &#8211; Corrente de 10mm"},"content":{"rendered":"<p>Guincho Ancoragem Quick Prince DP3 1500W 12v sem Tambor &#8211; Corrente de 10mm &#8211; <\/p>\n<p style=\"color: rgb(34, 34, 34); font-family: Arial, Helvetica, sans-serif; font-size: small;\"><strong>Prince DP3 1512 Winch Vertical Baixa Perfil<\/strong><\/p>\n<p style=\"color: rgb(34, 34, 34); font-family: Arial, Helvetica, sans-serif; font-size: small;\">O Prince DP3 1512 \u00e9 um guincho de \u00e2ncora compacto, projetado para resist\u00eancia e efici\u00eancia, incorporando componentes de tra\u00e7\u00e3o fabricados em bronze e a\u00e7o inoxid\u00e1vel. Este modelo em particular possui um sensor de contador de corrente e um mecanismo de queda livre manual, facilitando a opera\u00e7\u00e3o. Al\u00e9m disso, est\u00e1 equipado com um sistema manual de levantamento de emerg\u00eancia e uma alavanca de press\u00e3o para melhorar a seguran\u00e7a. O guincho \u00e9 fornecido com uma caixa de controle e um cabo, enquanto sua base e carca\u00e7a de a\u00e7o inoxid\u00e1vel oferecem prote\u00e7\u00e3o substancial. O motor \u00e9 classificado como IP67, garantindo funcionalidade \u00e0 prova d&#8217;\u00e1gua.<\/p>\n<p style=\"color: rgb(34, 34, 34); font-family: Arial, Helvetica, sans-serif; font-size: small;\"><strong>Caracter\u00edsticas Chave:<\/strong><\/p>\n<ul style=\"color: rgb(34, 34, 34); font-family: Arial, Helvetica, sans-serif; font-size: small;\">\n<li><strong>Material da Base:<\/strong>&nbsp;Constru\u00eddo em a\u00e7o inoxid\u00e1vel 316, com um tubo de corrente integrado.<\/li>\n<li><strong>Gypsy:<\/strong>&nbsp;O gypsy de corda\/corrente \u00e9 equipado com um sensor de contador.<\/li>\n<li><strong>Caixa de Rel\u00e9:<\/strong>&nbsp;Vem com uma caixa de rel\u00e9 e um gypsy, dispon\u00edvel com ou sem tambor.<\/li>\n<li><strong>Avalia\u00e7\u00e3o do Motor:<\/strong>&nbsp;Motor \u00e0 prova d&#8217;\u00e1gua com classifica\u00e7\u00e3o IP67.<\/li>\n<\/ul>\n<p style=\"color: rgb(34, 34, 34); font-family: Arial, Helvetica, sans-serif; font-size: small;\"><strong>Especifica\u00e7\u00f5es:<\/strong><\/p>\n<ul style=\"color: rgb(34, 34, 34); font-family: Arial, Helvetica, sans-serif; font-size: small;\">\n<li><strong>Modelo:<\/strong>&nbsp;Prince DP3 1512 &#8211; Somente Gypsy<\/li>\n<li><strong>Tamanho de Barco Recomendado:<\/strong>&nbsp;Ideal para embarca\u00e7\u00f5es com comprimento entre 12 m e 15 m (39-49 p\u00e9s)<\/li>\n<li><strong>Tambor:<\/strong>&nbsp;N\u00e3o incluso<\/li>\n<li><strong>Pot\u00eancia do Motor:<\/strong>&nbsp;1500 W<\/li>\n<li><strong>Tens\u00e3o de Entrada:<\/strong>&nbsp;12 V<\/li>\n<li><strong>For\u00e7a de Tra\u00e7\u00e3o M\u00e1xima:<\/strong>&nbsp;1100 kg<\/li>\n<li><strong>Carga de Trabalho M\u00e1xima:<\/strong>&nbsp;470 kg<\/li>\n<li><strong>Carga de Trabalho:<\/strong>&nbsp;160 kg<\/li>\n<li><strong>Velocidade da Corrente na Carga de Trabalho:<\/strong>&nbsp;16.3 m\/min<\/li>\n<li><strong>Absor\u00e7\u00e3o de Corrente na Carga de Trabalho:<\/strong>&nbsp;155 A<\/li>\n<li><strong>Espessura do Conv\u00e9s:<\/strong>&nbsp;30-50 mm<\/li>\n<li><strong>Peso:<\/strong>&nbsp;20.4 kg<\/li>\n<li><strong>Tamanho Gypsy:<\/strong>&nbsp;10 mm<\/li>\n<\/ul>\n<p style=\"color: rgb(34, 34, 34); font-family: Arial, Helvetica, sans-serif; font-size: small;\">Este guincho representa uma op\u00e7\u00e3o excepcional para propriet\u00e1rios de barcos que buscam uma solu\u00e7\u00e3o de ancoragem confi\u00e1vel e de alta qualidade.<\/p>\n","protected":false},"excerpt":{"rendered":"<p>Guincho Ancoragem Quick Prince DP3 1500W 12v sem Tambor &#8211; Corrente de 10mm &#8211; Prince DP3 1512 Winch Vertical Baixa<\/p>\n","protected":false},"featured_media":5941164,"comment_status":"open","ping_status":"closed","template":"","meta":[],"product_brand":[3282],"product_cat":[1898],"product_tag":[],"class_list":{"0":"post-747985","1":"product","2":"type-product","3":"status-publish","4":"has-post-thumbnail","6":"product_brand-quick-pt","7":"product_cat-molinetes-quick-amarracao-e-fundear","9":"first","10":"instock","11":"shipping-taxable","12":"purchasable","13":"product-type-simple"},"_links":{"self":[{"href":"https:\/\/stoic-curie.212-227-153-4.plesk.page\/pt\/wp-json\/wp\/v2\/product\/747985","targetHints":{"allow":["GET"]}}],"collection":[{"href":"https:\/\/stoic-curie.212-227-153-4.plesk.page\/pt\/wp-json\/wp\/v2\/product"}],"about":[{"href":"https:\/\/stoic-curie.212-227-153-4.plesk.page\/pt\/wp-json\/wp\/v2\/types\/product"}],"replies":[{"embeddable":true,"href":"https:\/\/stoic-curie.212-227-153-4.plesk.page\/pt\/wp-json\/wp\/v2\/comments?post=747985"}],"version-history":[{"count":0,"href":"https:\/\/stoic-curie.212-227-153-4.plesk.page\/pt\/wp-json\/wp\/v2\/product\/747985\/revisions"}],"wp:featuredmedia":[{"embeddable":true,"href":"https:\/\/stoic-curie.212-227-153-4.plesk.page\/pt\/wp-json\/wp\/v2\/media\/5941164"}],"wp:attachment":[{"href":"https:\/\/stoic-curie.212-227-153-4.plesk.page\/pt\/wp-json\/wp\/v2\/media?parent=747985"}],"wp:term":[{"taxonomy":"product_brand","embeddable":true,"href":"https:\/\/stoic-curie.212-227-153-4.plesk.page\/pt\/wp-json\/wp\/v2\/product_brand?post=747985"},{"taxonomy":"product_cat","embeddable":true,"href":"https:\/\/stoic-curie.212-227-153-4.plesk.page\/pt\/wp-json\/wp\/v2\/product_cat?post=747985"},{"taxonomy":"product_tag","embeddable":true,"href":"https:\/\/stoic-curie.212-227-153-4.plesk.page\/pt\/wp-json\/wp\/v2\/product_tag?post=747985"}],"curies":[{"name":"wp","href":"https:\/\/api.w.org\/{rel}","templated":true}]}}