{"id":747986,"date":"2025-03-03T21:01:52","date_gmt":"2025-03-03T20:01:52","guid":{"rendered":"https:\/\/stoic-curie.212-227-153-4.plesk.page\/producto\/guincho-ancoragem-quick-prince-dp3-1500w-d-com-tambor-12v-corrente-de-10mm\/"},"modified":"2026-02-25T00:27:56","modified_gmt":"2026-02-25T00:27:56","slug":"guincho-ancoragem-quick-prince-dp3-1500w-d-com-tambor-12v-corrente-de-10mm","status":"publish","type":"product","link":"https:\/\/stoic-curie.212-227-153-4.plesk.page\/pt\/product\/guincho-ancoragem-quick-prince-dp3-1500w-d-com-tambor-12v-corrente-de-10mm\/","title":{"rendered":"Guincho Ancoragem Quick Prince DP3 1500W-D com Tambor 12v &#8211; Corrente de 10mm"},"content":{"rendered":"<p>Guincho Ancoragem Quick Prince DP3 1500W-D com Tambor 12v &#8211; Corrente de 10mm &#8211; <\/p>\n<p style=\"color: rgb(34, 34, 34); font-family: Arial, Helvetica, sans-serif; font-size: small;\">Apresentamos o Prince DP3 1512D Guindaste Vertical, um guindaste robusto que apresenta componentes de tra\u00e7\u00e3o feitos de bronze e a\u00e7o inoxid\u00e1vel. Este modelo \u00e9 equipado com um sensor de contador de corrente e sistema de queda livre manual, garantindo facilidade de uso. Inclui tamb\u00e9m um sistema de eleva\u00e7\u00e3o manual de emerg\u00eancia e uma alavanca de press\u00e3o para maior seguran\u00e7a. O guindaste \u00e9 fornecido com uma caixa de controle e um man\u00edpulo, todos montados sobre uma base e caixa de a\u00e7o inoxid\u00e1vel dur\u00e1veis. O motor tem classifica\u00e7\u00e3o IP67 para prote\u00e7\u00e3o \u00e0 prova d&#8217;\u00e1gua.<\/p>\n<p style=\"color: rgb(34, 34, 34); font-family: Arial, Helvetica, sans-serif; font-size: small;\">O guindaste possui uma base em a\u00e7o inoxid\u00e1vel 316 com um tubo de corrente integrado. \u00c9 projetado com um gypsy de corda\/corrente que inclui um sensor de contador de corrente. A unidade \u00e9 fornecida com uma caixa rel\u00e9 e um gypsy que pode ser configurado com ou sem tambor. O motor mant\u00e9m uma classifica\u00e7\u00e3o IP67 \u00e0 prova d&#8217;\u00e1gua.<\/p>\n<p style=\"color: rgb(34, 34, 34); font-family: Arial, Helvetica, sans-serif; font-size: small;\">O Prince DP3 1512D \u00e9 adequado para barcos de 12 a 15 metros (39 a 49 p\u00e9s) de comprimento.<\/p>\n<p style=\"color: rgb(34, 34, 34); font-family: Arial, Helvetica, sans-serif; font-size: small;\">Especifica\u00e7\u00f5es:<\/p>\n<ul style=\"color: rgb(34, 34, 34); font-family: Arial, Helvetica, sans-serif; font-size: small;\">\n<li> Tambor: Sim<\/li>\n<li> Pot\u00eancia do motor: 1500 W<\/li>\n<li> Tens\u00e3o de entrada: 12 V<\/li>\n<li> Capacidade m\u00e1xima de tra\u00e7\u00e3o: 1100 kg<\/li>\n<li> Carga de trabalho m\u00e1xima: 470 kg<\/li>\n<li> Carga de trabalho: 160 kg<\/li>\n<li> Velocidade da corrente na carga de trabalho: 16,3 m\/min<\/li>\n<li> Consumo de corrente na carga de trabalho: 155 A<\/li>\n<li> Espessura do conv\u00e9s: 30-50 mm<\/li>\n<li> Peso: 21,4 kg<\/li>\n<li> Tamanho do gypsy: 10 mm<\/li>\n<\/ul>\n<p style=\"color: rgb(34, 34, 34); font-family: Arial, Helvetica, sans-serif; font-size: small;\">Este guindaste combina uma constru\u00e7\u00e3o de qualidade com recursos avan\u00e7ados, tornando-se uma excelente escolha para propriet\u00e1rios de barcos que procuram confiabilidade e desempenho.<\/p>\n","protected":false},"excerpt":{"rendered":"<p>Guincho Ancoragem Quick Prince DP3 1500W-D com Tambor 12v &#8211; Corrente de 10mm &#8211; Apresentamos o Prince DP3 1512D Guindaste<\/p>\n","protected":false},"featured_media":5941169,"comment_status":"open","ping_status":"closed","template":"","meta":[],"product_brand":[3282],"product_cat":[1898],"product_tag":[],"class_list":{"0":"post-747986","1":"product","2":"type-product","3":"status-publish","4":"has-post-thumbnail","6":"product_brand-quick-pt","7":"product_cat-molinetes-quick-amarracao-e-fundear","9":"first","10":"instock","11":"shipping-taxable","12":"purchasable","13":"product-type-simple"},"_links":{"self":[{"href":"https:\/\/stoic-curie.212-227-153-4.plesk.page\/pt\/wp-json\/wp\/v2\/product\/747986","targetHints":{"allow":["GET"]}}],"collection":[{"href":"https:\/\/stoic-curie.212-227-153-4.plesk.page\/pt\/wp-json\/wp\/v2\/product"}],"about":[{"href":"https:\/\/stoic-curie.212-227-153-4.plesk.page\/pt\/wp-json\/wp\/v2\/types\/product"}],"replies":[{"embeddable":true,"href":"https:\/\/stoic-curie.212-227-153-4.plesk.page\/pt\/wp-json\/wp\/v2\/comments?post=747986"}],"version-history":[{"count":0,"href":"https:\/\/stoic-curie.212-227-153-4.plesk.page\/pt\/wp-json\/wp\/v2\/product\/747986\/revisions"}],"wp:featuredmedia":[{"embeddable":true,"href":"https:\/\/stoic-curie.212-227-153-4.plesk.page\/pt\/wp-json\/wp\/v2\/media\/5941169"}],"wp:attachment":[{"href":"https:\/\/stoic-curie.212-227-153-4.plesk.page\/pt\/wp-json\/wp\/v2\/media?parent=747986"}],"wp:term":[{"taxonomy":"product_brand","embeddable":true,"href":"https:\/\/stoic-curie.212-227-153-4.plesk.page\/pt\/wp-json\/wp\/v2\/product_brand?post=747986"},{"taxonomy":"product_cat","embeddable":true,"href":"https:\/\/stoic-curie.212-227-153-4.plesk.page\/pt\/wp-json\/wp\/v2\/product_cat?post=747986"},{"taxonomy":"product_tag","embeddable":true,"href":"https:\/\/stoic-curie.212-227-153-4.plesk.page\/pt\/wp-json\/wp\/v2\/product_tag?post=747986"}],"curies":[{"name":"wp","href":"https:\/\/api.w.org\/{rel}","templated":true}]}}