{"id":747990,"date":"2025-03-03T21:01:54","date_gmt":"2025-03-03T20:01:54","guid":{"rendered":"https:\/\/stoic-curie.212-227-153-4.plesk.page\/producto\/estacao-meteorologica-em-latao-polido-com-zirconio-130mm-x-a410mm\/"},"modified":"2026-02-25T00:27:56","modified_gmt":"2026-02-25T00:27:56","slug":"estacao-meteorologica-em-latao-polido-com-zirconio-130mm-x-a410mm","status":"publish","type":"product","link":"https:\/\/stoic-curie.212-227-153-4.plesk.page\/pt\/product\/estacao-meteorologica-em-latao-polido-com-zirconio-130mm-x-a410mm\/","title":{"rendered":"Esta\u00e7\u00e3o Meteorol\u00f3gica em Lat\u00e3o Polido com Zirc\u00f3nio 130mm x A410mm"},"content":{"rendered":"<p>Esta\u00e7\u00e3o Meteorol\u00f3gica em Lat\u00e3o Polido com Zirc\u00f3nio 130mm x A410mm &#8211; <\/p>\n<p>Esta\u00e7\u00e3o meteorol\u00f3gica com instrumentos em zirc\u00f4nio revestido a lat\u00e3o polido. Bar\u00f4metro, rel\u00f3gio e term\u00f4metro\/higr\u00f4metro montados em uma placa de madeira preciosa. A esta\u00e7\u00e3o horizontal \u00e9 fornecida com uma base de suporte para mesa. Di\u00e2metro dos instrumentos 100 mm.<\/p>\n","protected":false},"excerpt":{"rendered":"<p>Esta\u00e7\u00e3o Meteorol\u00f3gica em Lat\u00e3o Polido com Zirc\u00f3nio 130mm x A410mm &#8211; Esta\u00e7\u00e3o meteorol\u00f3gica com instrumentos em zirc\u00f4nio revestido a lat\u00e3o<\/p>\n","protected":false},"featured_media":5941192,"comment_status":"open","ping_status":"closed","template":"","meta":[],"product_brand":[2947],"product_cat":[1927,2064],"product_tag":[],"class_list":{"0":"post-747990","1":"product","2":"type-product","3":"status-publish","4":"has-post-thumbnail","6":"product_brand-foresti-suardi-pt","7":"product_cat-decoracao-nautica","8":"product_cat-instrumentos-nauticos","10":"first","11":"instock","12":"shipping-taxable","13":"purchasable","14":"product-type-simple"},"_links":{"self":[{"href":"https:\/\/stoic-curie.212-227-153-4.plesk.page\/pt\/wp-json\/wp\/v2\/product\/747990","targetHints":{"allow":["GET"]}}],"collection":[{"href":"https:\/\/stoic-curie.212-227-153-4.plesk.page\/pt\/wp-json\/wp\/v2\/product"}],"about":[{"href":"https:\/\/stoic-curie.212-227-153-4.plesk.page\/pt\/wp-json\/wp\/v2\/types\/product"}],"replies":[{"embeddable":true,"href":"https:\/\/stoic-curie.212-227-153-4.plesk.page\/pt\/wp-json\/wp\/v2\/comments?post=747990"}],"version-history":[{"count":0,"href":"https:\/\/stoic-curie.212-227-153-4.plesk.page\/pt\/wp-json\/wp\/v2\/product\/747990\/revisions"}],"wp:featuredmedia":[{"embeddable":true,"href":"https:\/\/stoic-curie.212-227-153-4.plesk.page\/pt\/wp-json\/wp\/v2\/media\/5941192"}],"wp:attachment":[{"href":"https:\/\/stoic-curie.212-227-153-4.plesk.page\/pt\/wp-json\/wp\/v2\/media?parent=747990"}],"wp:term":[{"taxonomy":"product_brand","embeddable":true,"href":"https:\/\/stoic-curie.212-227-153-4.plesk.page\/pt\/wp-json\/wp\/v2\/product_brand?post=747990"},{"taxonomy":"product_cat","embeddable":true,"href":"https:\/\/stoic-curie.212-227-153-4.plesk.page\/pt\/wp-json\/wp\/v2\/product_cat?post=747990"},{"taxonomy":"product_tag","embeddable":true,"href":"https:\/\/stoic-curie.212-227-153-4.plesk.page\/pt\/wp-json\/wp\/v2\/product_tag?post=747990"}],"curies":[{"name":"wp","href":"https:\/\/api.w.org\/{rel}","templated":true}]}}