{"id":747991,"date":"2025-03-03T21:01:54","date_gmt":"2025-03-03T20:01:54","guid":{"rendered":"https:\/\/stoic-curie.212-227-153-4.plesk.page\/producto\/relogio-de-latao-polido-com-zona-de-silencio-de-radio-120mm\/"},"modified":"2026-02-25T00:27:56","modified_gmt":"2026-02-25T00:27:56","slug":"relogio-de-latao-polido-com-zona-de-silencio-de-radio-120mm","status":"publish","type":"product","link":"https:\/\/stoic-curie.212-227-153-4.plesk.page\/pt\/product\/relogio-de-latao-polido-com-zona-de-silencio-de-radio-120mm\/","title":{"rendered":"Rel\u00f3gio de Lat\u00e3o Polido com Zona de Sil\u00eancio de R\u00e1dio 120mm"},"content":{"rendered":"<p>Rel\u00f3gio de Lat\u00e3o Polido com Zona de Sil\u00eancio de R\u00e1dio 120mm &#8211; <\/p>\n<p>Instrumentos meteorol\u00f3gicos profissionais em lat\u00e3o s\u00f3lido polido a fogo de Classe 120. Dobradi\u00e7a e fecho de escotilha para f\u00e1cil manuten\u00e7\u00e3o e troca de bateria. Cristal mineral extremamente claro e resistente. Fabrica\u00e7\u00e3o robusta com acabamento de alta qualidade.<\/p>\n","protected":false},"excerpt":{"rendered":"<p>Rel\u00f3gio de Lat\u00e3o Polido com Zona de Sil\u00eancio de R\u00e1dio 120mm &#8211; Instrumentos meteorol\u00f3gicos profissionais em lat\u00e3o s\u00f3lido polido a<\/p>\n","protected":false},"featured_media":5937033,"comment_status":"open","ping_status":"closed","template":"","meta":[],"product_brand":[2817],"product_cat":[1927,2064],"product_tag":[],"class_list":{"0":"post-747991","1":"product","2":"type-product","3":"status-publish","4":"has-post-thumbnail","6":"product_brand-barigo-pt","7":"product_cat-decoracao-nautica","8":"product_cat-instrumentos-nauticos","10":"first","11":"instock","12":"shipping-taxable","13":"purchasable","14":"product-type-simple"},"_links":{"self":[{"href":"https:\/\/stoic-curie.212-227-153-4.plesk.page\/pt\/wp-json\/wp\/v2\/product\/747991","targetHints":{"allow":["GET"]}}],"collection":[{"href":"https:\/\/stoic-curie.212-227-153-4.plesk.page\/pt\/wp-json\/wp\/v2\/product"}],"about":[{"href":"https:\/\/stoic-curie.212-227-153-4.plesk.page\/pt\/wp-json\/wp\/v2\/types\/product"}],"replies":[{"embeddable":true,"href":"https:\/\/stoic-curie.212-227-153-4.plesk.page\/pt\/wp-json\/wp\/v2\/comments?post=747991"}],"version-history":[{"count":0,"href":"https:\/\/stoic-curie.212-227-153-4.plesk.page\/pt\/wp-json\/wp\/v2\/product\/747991\/revisions"}],"wp:featuredmedia":[{"embeddable":true,"href":"https:\/\/stoic-curie.212-227-153-4.plesk.page\/pt\/wp-json\/wp\/v2\/media\/5937033"}],"wp:attachment":[{"href":"https:\/\/stoic-curie.212-227-153-4.plesk.page\/pt\/wp-json\/wp\/v2\/media?parent=747991"}],"wp:term":[{"taxonomy":"product_brand","embeddable":true,"href":"https:\/\/stoic-curie.212-227-153-4.plesk.page\/pt\/wp-json\/wp\/v2\/product_brand?post=747991"},{"taxonomy":"product_cat","embeddable":true,"href":"https:\/\/stoic-curie.212-227-153-4.plesk.page\/pt\/wp-json\/wp\/v2\/product_cat?post=747991"},{"taxonomy":"product_tag","embeddable":true,"href":"https:\/\/stoic-curie.212-227-153-4.plesk.page\/pt\/wp-json\/wp\/v2\/product_tag?post=747991"}],"curies":[{"name":"wp","href":"https:\/\/api.w.org\/{rel}","templated":true}]}}